{"id":16,"date":"2016-09-26T02:11:12","date_gmt":"2016-09-26T02:11:12","guid":{"rendered":"http:\/\/sw-themes.com\/porto_dummy\/?page_id=16"},"modified":"2026-04-07T19:27:43","modified_gmt":"2026-04-07T16:27:43","slug":"ortopedik-rehabilitasyon","status":"publish","type":"page","link":"https:\/\/istanbulfiziktedavimerkezi.com\/ru\/tedavilerimiz\/ortopedik-rehabilitasyon\/","title":{"rendered":"\u041e\u0440\u0442\u043e\u043f\u0435\u0434\u0438\u0447\u0435\u0441\u043a\u0430\u044f \u0440\u0435\u0430\u0431\u0438\u043b\u0438\u0442\u0430\u0446\u0438\u044f"},"content":{"rendered":"<div data-elementor-type=\"wp-page\" data-elementor-id=\"16\" class=\"elementor elementor-16\">\n\t\t\t\t\t\t<div class=\"elementor-section elementor-top-section elementor-element elementor-element-cfaf491 elementor-section-boxed elementor-section-height-default elementor-section-height-default\" data-id=\"cfaf491\" data-element_type=\"section\" data-e-type=\"section\">\r\n\t\t\r\n\t\t\t\t\t\t\t<div class=\"elementor-container elementor-column-gap-default\">\r\n\t\t\t\t\t\t\t\t\t\t\t<div class=\"elementor-column elementor-col-100 elementor-top-column elementor-element elementor-element-7ae4934\" data-id=\"7ae4934\" data-element_type=\"column\" data-e-type=\"column\">\r\n\t\t\t\t\t<div class=\"elementor-widget-wrap elementor-element-populated\">\r\n\t\t\t\t\t\t\t\t<div class=\"elementor-element elementor-element-90bd5e4 depart-box elementor-invisible elementor-widget elementor-widget-porto_info_box\" data-id=\"90bd5e4\" data-element_type=\"widget\" data-e-type=\"widget\" data-settings=\"{&quot;_animation&quot;:&quot;fadeInUp&quot;,&quot;_animation_delay&quot;:&quot;100&quot;}\" data-widget_type=\"porto_info_box.default\">\n\t\t\t\t\t<div class=\"porto-sicon-box style_1 left-icon\"><div class=\"porto-sicon-left\"><div class=\"porto-just-icon-wrapper porto-sicon-img  porto-icon-d751713988987e9331980363e24189ce\" style=\"\"><img decoding=\"async\" class=\"img-icon\" alt=\"\" src=\"https:\/\/istanbulfiziktedavimerkezi.com\/wp-content\/uploads\/2026\/02\/5.png\" width=\"81\" height=\"107\" \/><\/div><\/div><div class=\"porto-sicon-body\"><div class=\"porto-sicon-header\"><h3 class=\"porto-sicon-title\" style=\"\">\u041e\u0440\u0442\u043e\u043f\u0435\u0434\u0438\u0447\u0435\u0441\u043a\u0430\u044f \u0440\u0435\u0430\u0431\u0438\u043b\u0438\u0442\u0430\u0446\u0438\u044f<\/h3><p >\u0424\u0443\u043d\u043a\u0446\u0438\u043e\u043d\u0430\u043b\u044c\u043d\u044b\u0439 \u0440\u0435\u043c\u043e\u043d\u0442 \u0438 \u043f\u0440\u043e\u0438\u0437\u0432\u043e\u0434\u0438\u0442\u0435\u043b\u044c\u043d\u043e\u0441\u0442\u044c<\/p><\/div> <!-- header --><div class=\"porto-sicon-description\" style=\"\" ><p class=\"translation-block\"><strong>\u041e\u0440\u0442\u043e\u043f\u0435\u0434\u0438\u0447\u0435\u0441\u043a\u0430\u044f \u0440\u0435\u0430\u0431\u0438\u043b\u0438\u0442\u0430\u0446\u0438\u044f<\/strong> \u2014 \u044d\u0442\u043e \u043f\u0440\u043e\u0446\u0435\u0441\u0441, \u043d\u0430\u043f\u0440\u0430\u0432\u043b\u0435\u043d\u043d\u044b\u0439 \u043d\u0430 \u0432\u043e\u0441\u0441\u0442\u0430\u043d\u043e\u0432\u043b\u0435\u043d\u0438\u0435 \u0444\u0443\u043d\u043a\u0446\u0438\u043e\u043d\u0430\u043b\u044c\u043d\u043e\u0441\u0442\u0438 \u0430\u043d\u0430\u0442\u043e\u043c\u0438\u0447\u0435\u0441\u043a\u0438\u0445 \u0441\u0442\u0440\u0443\u043a\u0442\u0443\u0440 \u043f\u0430\u0446\u0438\u0435\u043d\u0442\u0430 \u043f\u043e\u0441\u043b\u0435 \u0442\u0440\u0430\u0432\u043c \u0438\u043b\u0438 \u0445\u0438\u0440\u0443\u0440\u0433\u0438\u0447\u0435\u0441\u043a\u0438\u0445 \u0432\u043c\u0435\u0448\u0430\u0442\u0435\u043b\u044c\u0441\u0442\u0432 \u0432 \u043e\u043f\u043e\u0440\u043d\u043e-\u0434\u0432\u0438\u0433\u0430\u0442\u0435\u043b\u044c\u043d\u043e\u043c \u0430\u043f\u043f\u0430\u0440\u0430\u0442\u0435. \u042d\u0442\u0430 \u0434\u0438\u0441\u0446\u0438\u043f\u043b\u0438\u043d\u0430 \u043d\u0435 \u043e\u0433\u0440\u0430\u043d\u0438\u0447\u0438\u0432\u0430\u0435\u0442\u0441\u044f \u043b\u0438\u0448\u044c \u0441\u0440\u0430\u0449\u0435\u043d\u0438\u0435\u043c \u043a\u043e\u0441\u0442\u0435\u0439 \u0438\u043b\u0438 \u0437\u0430\u0436\u0438\u0432\u043b\u0435\u043d\u0438\u0435\u043c \u0440\u0430\u043d; \u043e\u043d\u0430 \u043d\u0430\u043f\u0440\u0430\u0432\u043b\u0435\u043d\u0430 \u043d\u0430 \u0432\u043e\u0441\u0441\u0442\u0430\u043d\u043e\u0432\u043b\u0435\u043d\u0438\u0435 \u0441\u0442\u0430\u0431\u0438\u043b\u044c\u043d\u043e\u0441\u0442\u0438 \u0441\u0443\u0441\u0442\u0430\u0432\u043e\u0432, \u043c\u044b\u0448\u0435\u0447\u043d\u043e\u0439 \u0441\u0438\u043b\u044b \u0438 \u043a\u043e\u043d\u0442\u0440\u043e\u043b\u044f \u043d\u0435\u0440\u0432\u043d\u043e\u0439 \u0441\u0438\u0441\u0442\u0435\u043c\u044b \u043d\u0430\u0434 \u044d\u0442\u0438\u043c\u0438 \u0441\u0442\u0440\u0443\u043a\u0442\u0443\u0440\u0430\u043c\u0438.<\/p><p>\u0426\u0435\u043b\u044c \u0441\u043e\u0441\u0442\u043e\u0438\u0442 \u0432 \u0442\u043e\u043c, \u0447\u0442\u043e\u0431\u044b \u043f\u043e\u0441\u043b\u0435 \u043e\u0440\u0442\u043e\u043f\u0435\u0434\u0438\u0447\u0435\u0441\u043a\u0438\u0445 \u043e\u043f\u0435\u0440\u0430\u0446\u0438\u0439 \u043f\u0430\u0446\u0438\u0435\u043d\u0442 \u0432\u0435\u0440\u043d\u0443\u043b\u0441\u044f \u043a \u043e\u043f\u0442\u0438\u043c\u0430\u043b\u044c\u043d\u043e\u043c\u0443 \u0441\u043e\u0441\u0442\u043e\u044f\u043d\u0438\u044e, \u0430 \u0432 \u043e\u043f\u0440\u0435\u0434\u0435\u043b\u0435\u043d\u043d\u044b\u0445 \u0441\u043b\u0443\u0447\u0430\u044f\u0445 \u2014 \u043f\u043e\u0434\u0433\u043e\u0442\u043e\u0432\u0438\u0442\u044c \u043f\u0430\u0446\u0438\u0435\u043d\u0442\u0430 \u043a \u043e\u043f\u0435\u0440\u0430\u0446\u0438\u0438.<\/p><p>\u041e\u043f\u0435\u0440\u0430\u0446\u0438\u044f \u2014 \u044d\u0442\u043e \u043b\u0438\u0448\u044c \u043f\u0435\u0440\u0432\u044b\u0439 \u0448\u0430\u0433 \u043d\u0430 \u043f\u0443\u0442\u0438 \u043a \u0432\u044b\u0437\u0434\u043e\u0440\u043e\u0432\u043b\u0435\u043d\u0438\u044e. \u041d\u0430\u0441\u0442\u043e\u044f\u0449\u0438\u0439 \u0443\u0441\u043f\u0435\u0445 \u0434\u043e\u0441\u0442\u0438\u0433\u0430\u0435\u0442\u0441\u044f \u0431\u043b\u0430\u0433\u043e\u0434\u0430\u0440\u044f \u043f\u0440\u043e\u0446\u0435\u0441\u0441\u0443 \u0440\u0435\u0430\u0431\u0438\u043b\u0438\u0442\u0430\u0446\u0438\u0438, \u043a\u043e\u0442\u043e\u0440\u044b\u0439 \u043f\u043e\u0437\u0432\u043e\u043b\u044f\u0435\u0442 \u0441\u043e\u0445\u0440\u0430\u043d\u0438\u0442\u044c \u0440\u0435\u0437\u0443\u043b\u044c\u0442\u0430\u0442\u044b \u0445\u0438\u0440\u0443\u0440\u0433\u0438\u0447\u0435\u0441\u043a\u043e\u0433\u043e \u0432\u043c\u0435\u0448\u0430\u0442\u0435\u043b\u044c\u0441\u0442\u0432\u0430 \u0438 \u043e\u0431\u0435\u0441\u043f\u0435\u0447\u0438\u0442\u044c \u043d\u043e\u0440\u043c\u0430\u043b\u044c\u043d\u043e\u0435 \u0444\u0443\u043d\u043a\u0446\u0438\u043e\u043d\u0438\u0440\u043e\u0432\u0430\u043d\u0438\u0435.<\/p><\/div> <!-- description --><\/div><\/div><!-- porto-sicon-box -->\t\t\t\t<\/div>\n\t\t\t\t<div class=\"elementor-element elementor-element-4f0e5b4 elementor-widget elementor-widget-toggle\" data-id=\"4f0e5b4\" data-element_type=\"widget\" data-e-type=\"widget\" data-widget_type=\"toggle.default\">\n\t\t\t\t\t\t\t<div class=\"elementor-toggle\">\n\t\t\t\t\t\t\t<div class=\"elementor-toggle-item\">\n\t\t\t\t\t<div id=\"elementor-tab-title-8281\" class=\"elementor-tab-title\" data-tab=\"1\" role=\"button\" aria-controls=\"elementor-tab-content-8281\" aria-expanded=\"false\">\n\t\t\t\t\t\t\t\t\t\t\t\t<span class=\"elementor-toggle-icon elementor-toggle-icon-left\" aria-hidden=\"true\">\n\t\t\t\t\t\t\t\t\t\t\t\t\t\t\t<span class=\"elementor-toggle-icon-closed\"><svg class=\"e-font-icon-svg e-fas-plus\" viewbox=\"0 0 448 512\" xmlns=\"http:\/\/www.w3.org\/2000\/svg\"><path d=\"M416 208H272V64c0-17.67-14.33-32-32-32h-32c-17.67 0-32 14.33-32 32v144H32c-17.67 0-32 14.33-32 32v32c0 17.67 14.33 32 32 32h144v144c0 17.67 14.33 32 32 32h32c17.67 0 32-14.33 32-32V304h144c17.67 0 32-14.33 32-32v-32c0-17.67-14.33-32-32-32z\"><\/path><\/svg><\/span>\n\t\t\t\t\t\t\t\t<span class=\"elementor-toggle-icon-opened\"><svg class=\"elementor-toggle-icon-opened e-font-icon-svg e-fas-minus\" viewbox=\"0 0 448 512\" xmlns=\"http:\/\/www.w3.org\/2000\/svg\"><path d=\"M416 208H32c-17.67 0-32 14.33-32 32v32c0 17.67 14.33 32 32 32h384c17.67 0 32-14.33 32-32v-32c0-17.67-14.33-32-32-32z\"><\/path><\/svg><\/span>\n\t\t\t\t\t\t\t\t\t\t\t\t\t<\/span>\n\t\t\t\t\t\t\t\t\t\t\t\t<a class=\"elementor-toggle-title\" tabindex=\"0\">\u041e\u0431\u044a\u0435\u043c \u043e\u0440\u0442\u043e\u043f\u0435\u0434\u0438\u0447\u0435\u0441\u043a\u043e\u0439 \u0440\u0435\u0430\u0431\u0438\u043b\u0438\u0442\u0430\u0446\u0438\u0438<\/a>\n\t\t\t\t\t<\/div>\n\n\t\t\t\t\t<div id=\"elementor-tab-content-8281\" class=\"elementor-tab-content elementor-clearfix\" data-tab=\"1\" role=\"region\" aria-labelledby=\"elementor-tab-title-8281\"><ul><li class=\"translation-block\"><strong>\u041f\u043e\u0432\u0440\u0435\u0436\u0434\u0435\u043d\u0438\u044f \u0441\u0443\u0445\u043e\u0436\u0438\u043b\u0438\u0439 \u0438 \u043d\u0435\u0440\u0432\u043e\u0432 \u043a\u0438\u0441\u0442\u0435\u0439 \u0438 \u0441\u0442\u043e\u043f<\/strong>: \u0421\u0443\u0445\u043e\u0436\u0438\u043b\u0438\u044f \u0432 \u044d\u0442\u043e\u0439 \u043e\u0431\u043b\u0430\u0441\u0442\u0438 \u043f\u0440\u043e\u0445\u043e\u0434\u044f\u0442 \u0447\u0435\u0440\u0435\u0437 \u043e\u0447\u0435\u043d\u044c \u0443\u0437\u043a\u0438\u0435 \u043a\u0430\u043d\u0430\u043b\u044b. \u0426\u0435\u043b\u044c \u0440\u0435\u0430\u0431\u0438\u043b\u0438\u0442\u0430\u0446\u0438\u0438 \u2014 \u043f\u0440\u0435\u0434\u043e\u0442\u0432\u0440\u0430\u0442\u0438\u0442\u044c \u0441\u0440\u0430\u0449\u0435\u043d\u0438\u0435 \u0441\u0443\u0445\u043e\u0436\u0438\u043b\u0438\u044f \u0441 \u043e\u043a\u0440\u0443\u0436\u0430\u044e\u0449\u0438\u043c\u0438 \u0442\u043a\u0430\u043d\u044f\u043c\u0438 (\u0430\u0434\u0433\u0435\u0437\u0438\u044e) \u0432 \u043f\u0440\u043e\u0446\u0435\u0441\u0441\u0435 \u0437\u0430\u0436\u0438\u0432\u043b\u0435\u043d\u0438\u044f. \u041f\u0440\u043e\u0442\u043e\u043a\u043e\u043b\u044b \u00ab\u043a\u043e\u043d\u0442\u0440\u043e\u043b\u0438\u0440\u0443\u0435\u043c\u044b\u0445 \u043f\u0430\u0441\u0441\u0438\u0432\u043d\u044b\u0445 \u0434\u0432\u0438\u0436\u0435\u043d\u0438\u0439\u00bb, \u043f\u0440\u0438\u043c\u0435\u043d\u044f\u0435\u043c\u044b\u0435 \u043d\u0430 \u0440\u0430\u043d\u043d\u0435\u043c \u044d\u0442\u0430\u043f\u0435, \u043f\u043e\u0437\u0432\u043e\u043b\u044f\u044e\u0442 \u0441\u043e\u0445\u0440\u0430\u043d\u0438\u0442\u044c \u044d\u043b\u0430\u0441\u0442\u0438\u0447\u043d\u043e\u0441\u0442\u044c \u0442\u043a\u0430\u043d\u0435\u0439, \u043d\u0435 \u0441\u0442\u0430\u0432\u044f \u043f\u043e\u0434 \u0443\u0433\u0440\u043e\u0437\u0443 \u043f\u0440\u043e\u0446\u0435\u0441\u0441 \u0432\u043e\u0441\u0441\u0442\u0430\u043d\u043e\u0432\u043b\u0435\u043d\u0438\u044f. \u0412 \u0441\u043b\u0443\u0447\u0430\u0435 \u043f\u043e\u0432\u0440\u0435\u0436\u0434\u0435\u043d\u0438\u0439 \u043d\u0435\u0440\u0432\u043e\u0432 \u0441\u0435\u043d\u0441\u043e\u0440\u043d\u0430\u044f \u0440\u0435\u0430\u0431\u0438\u043b\u0438\u0442\u0430\u0446\u0438\u044f (\u043f\u0435\u0440\u0435\u043e\u0431\u0443\u0447\u0435\u043d\u0438\u0435) \u0434\u043e\u043f\u043e\u043b\u043d\u044f\u0435\u0442\u0441\u044f \u044d\u043b\u0435\u043a\u0442\u0440\u043e\u0441\u0442\u0438\u043c\u0443\u043b\u044f\u0446\u0438\u0435\u0439 \u0438 \u0438\u0437\u043e\u043c\u0435\u0442\u0440\u0438\u0447\u0435\u0441\u043a\u0438\u043c\u0438 \u0443\u043f\u0440\u0430\u0436\u043d\u0435\u043d\u0438\u044f\u043c\u0438, \u0447\u0442\u043e\u0431\u044b \u043f\u0440\u0435\u0434\u043e\u0442\u0432\u0440\u0430\u0442\u0438\u0442\u044c \u0430\u0442\u0440\u043e\u0444\u0438\u044e \u043c\u044b\u0448\u0446.<\/li><li class=\"translation-block\"><strong>\u0420\u0435\u043a\u043e\u043d\u0441\u0442\u0440\u0443\u043a\u0446\u0438\u044f \u043f\u0435\u0440\u0435\u0434\u043d\u0435\u0439 \u043a\u0440\u0435\u0441\u0442\u043e\u043e\u0431\u0440\u0430\u0437\u043d\u043e\u0439 \u0441\u0432\u044f\u0437\u043a\u0438 (\u041f\u041a\u0421)<\/strong>: \u042d\u0442\u043e \u043e\u0434\u0438\u043d \u0438\u0437 \u0441\u0430\u043c\u044b\u0445 \u0432\u0430\u0436\u043d\u044b\u0445 \u043f\u0440\u043e\u0446\u0435\u0441\u0441\u043e\u0432 \u0434\u043b\u044f \u0441\u043f\u043e\u0440\u0442\u0441\u043c\u0435\u043d\u043e\u0432. \u0420\u0435\u0430\u0431\u0438\u043b\u0438\u0442\u0430\u0446\u0438\u044f \u043d\u0430\u043f\u0440\u0430\u0432\u043b\u0435\u043d\u0430 \u043d\u0430 \u0442\u043e, \u0447\u0442\u043e\u0431\u044b \u0432 \u043f\u0435\u0440\u0432\u044b\u0435 \u043d\u0435\u0434\u0435\u043b\u0438 \u043e\u0431\u0435\u0441\u043f\u0435\u0447\u0438\u0442\u044c \u043f\u043e\u043b\u043d\u044b\u0439 \u043e\u0431\u044a\u0435\u043c \u0434\u0432\u0438\u0436\u0435\u043d\u0438\u044f \u0432 \u043a\u043e\u043b\u0435\u043d\u043d\u043e\u043c \u0441\u0443\u0441\u0442\u0430\u0432\u0435, \u0437\u0430\u0442\u0435\u043c \u00ab\u0440\u0430\u0437\u0431\u0443\u0434\u0438\u0442\u044c\u00bb \u0447\u0435\u0442\u044b\u0440\u0435\u0445\u0433\u043b\u0430\u0432\u0443\u044e \u043c\u044b\u0448\u0446\u0443 \u0438 \u0443\u0441\u043f\u0435\u0448\u043d\u043e \u043f\u0440\u043e\u0439\u0442\u0438 \u0442\u0435\u0441\u0442\u044b \u043d\u0430 \u00ab\u0432\u043e\u0437\u0432\u0440\u0430\u0449\u0435\u043d\u0438\u0435 \u043d\u0430 \u043f\u043e\u043b\u0435\u00bb \u043f\u043e\u0441\u043b\u0435 6-\u0433\u043e \u043c\u0435\u0441\u044f\u0446\u0430. \u041f\u0438\u043b\u0438\u043e\u043c\u0435\u0442\u0440\u0438\u0447\u0435\u0441\u043a\u0438\u0435 \u0438 \u043f\u0440\u043e\u043f\u0440\u0438\u043e\u0446\u0435\u043f\u0442\u0438\u0432\u043d\u044b\u0435 \u0443\u043f\u0440\u0430\u0436\u043d\u0435\u043d\u0438\u044f \u0441\u043f\u043e\u0441\u043e\u0431\u0441\u0442\u0432\u0443\u044e\u0442 \u043f\u043e\u043b\u043d\u043e\u043c\u0443 \u0432\u043e\u0437\u0432\u0440\u0430\u0449\u0435\u043d\u0438\u044e \u043f\u0430\u0446\u0438\u0435\u043d\u0442\u0430 \u043a \u043f\u043e\u0432\u0441\u0435\u0434\u043d\u0435\u0432\u043d\u043e\u0439 \u0436\u0438\u0437\u043d\u0438.<\/li><li class=\"translation-block\"><strong>\u0420\u0435\u043a\u043e\u043d\u0441\u0442\u0440\u0443\u043a\u0446\u0438\u044f \u043c\u0435\u043d\u0438\u0441\u043a\u0430<\/strong>: \u0412 \u0441\u043b\u0443\u0447\u0430\u044f\u0445, \u043a\u043e\u0433\u0434\u0430 \u043c\u0435\u043d\u0438\u0441\u043a \u043f\u043e\u0434\u0432\u0435\u0440\u0433\u0430\u0435\u0442\u0441\u044f \u0440\u0435\u043a\u043e\u043d\u0441\u0442\u0440\u0443\u043a\u0446\u0438\u0438, \u043d\u0430\u0433\u0440\u0443\u0437\u043a\u0430 \u043d\u0430 \u0448\u043e\u0432\u043d\u0443\u044e \u0442\u043a\u0430\u043d\u044c \u0443\u0432\u0435\u043b\u0438\u0447\u0438\u0432\u0430\u0435\u0442\u0441\u044f \u043f\u043e\u0441\u0442\u0435\u043f\u0435\u043d\u043d\u043e, \u0447\u0442\u043e\u0431\u044b \u0438\u0437\u0431\u0435\u0436\u0430\u0442\u044c \u0435\u0451 \u0441\u0434\u0430\u0432\u043b\u0438\u0432\u0430\u043d\u0438\u044f. \u0412 \u0445\u043e\u0434\u0435 \u044d\u0442\u043e\u0433\u043e \u043f\u0440\u043e\u0446\u0435\u0441\u0441\u0430 \u0441\u0442\u0435\u043f\u0435\u043d\u044c \u0441\u0433\u0438\u0431\u0430\u043d\u0438\u044f \u043a\u043e\u043b\u0435\u043d\u0430 \u043a\u043e\u043d\u0442\u0440\u043e\u043b\u0438\u0440\u0443\u0435\u0442\u0441\u044f \u0432 \u0441\u043e\u043e\u0442\u0432\u0435\u0442\u0441\u0442\u0432\u0438\u0438 \u0441 \u0442\u0435\u0445\u043d\u0438\u043a\u043e\u0439 \u0440\u0435\u043a\u043e\u043d\u0441\u0442\u0440\u0443\u043a\u0446\u0438\u0438, \u0432\u044b\u0431\u0440\u0430\u043d\u043d\u043e\u0439 \u0445\u0438\u0440\u0443\u0440\u0433\u043e\u043c, \u0438 \u0441\u043e\u043e\u0442\u0432\u0435\u0442\u0441\u0442\u0432\u0443\u044e\u0449\u0438\u043c \u043f\u0440\u043e\u0442\u043e\u043a\u043e\u043b\u043e\u043c \u043e\u0440\u0442\u043e\u043f\u0435\u0434\u0438\u0447\u0435\u0441\u043a\u043e\u0439 \u0440\u0435\u0430\u0431\u0438\u043b\u0438\u0442\u0430\u0446\u0438\u0438.<\/li><li class=\"translation-block\"><strong>\u042d\u043d\u0434\u043e\u043f\u0440\u043e\u0442\u0435\u0437\u0438\u0440\u043e\u0432\u0430\u043d\u0438\u0435 \u043a\u043e\u043b\u0435\u043d\u043d\u043e\u0433\u043e, \u0442\u0430\u0437\u043e\u0431\u0435\u0434\u0440\u0435\u043d\u043d\u043e\u0433\u043e \u0438 \u043f\u043b\u0435\u0447\u0435\u0432\u043e\u0433\u043e \u0441\u0443\u0441\u0442\u0430\u0432\u043e\u0432<\/strong>: \u0426\u0435\u043b\u044c \u044d\u0442\u0438\u0445 \u043e\u043f\u0435\u0440\u0430\u0446\u0438\u0439 \u2014 \u0438\u0437\u0431\u0430\u0432\u0438\u0442\u044c \u043f\u0430\u0446\u0438\u0435\u043d\u0442\u0430 \u043e\u0442 \u0431\u043e\u043b\u0438 \u0438 \u0432\u043e\u0441\u0441\u0442\u0430\u043d\u043e\u0432\u0438\u0442\u044c \u0444\u0443\u043d\u043a\u0446\u0438\u043e\u043d\u0430\u043b\u044c\u043d\u043e\u0441\u0442\u044c \u0441\u0443\u0441\u0442\u0430\u0432\u0430. \u041e\u0441\u043d\u043e\u0432\u043d\u0430\u044f \u0437\u0430\u0434\u0430\u0447\u0430 \u0440\u0435\u0430\u0431\u0438\u043b\u0438\u0442\u0430\u0446\u0438\u0438 \u0437\u0430\u043a\u043b\u044e\u0447\u0430\u0435\u0442\u0441\u044f \u0432 \u0443\u043a\u0440\u0435\u043f\u043b\u0435\u043d\u0438\u0438 \u043c\u044b\u0448\u0446 \u0432\u043e\u043a\u0440\u0443\u0433 \u0441\u0443\u0441\u0442\u0430\u0432\u0430 \u0432 \u043f\u0435\u0440\u0438\u043e\u0434 \u0437\u0430\u0436\u0438\u0432\u043b\u0435\u043d\u0438\u044f \u043f\u0440\u043e\u0442\u0435\u0437\u0430, \u043e\u0431\u0435\u0441\u043f\u0435\u0447\u0435\u043d\u0438\u0438 \u0430\u043c\u043f\u043b\u0438\u0442\u0443\u0434\u044b \u0434\u0432\u0438\u0436\u0435\u043d\u0438\u0439 \u0438 \u043c\u0430\u043a\u0441\u0438\u043c\u0430\u043b\u044c\u043d\u043e \u0431\u044b\u0441\u0442\u0440\u043e\u043c \u0432\u043e\u0437\u0432\u0440\u0430\u0449\u0435\u043d\u0438\u0438 \u043f\u0430\u0446\u0438\u0435\u043d\u0442\u0430 \u043a \u0430\u043a\u0442\u0438\u0432\u043d\u043e\u0439 \u0436\u0438\u0437\u043d\u0438, \u0447\u0442\u043e\u0431\u044b \u043e\u043d \u043c\u043e\u0433 \u0438\u0437\u0432\u043b\u0435\u0447\u044c \u043c\u0430\u043a\u0441\u0438\u043c\u0430\u043b\u044c\u043d\u0443\u044e \u043f\u043e\u043b\u044c\u0437\u0443 \u0438\u0437 \u043f\u0440\u043e\u0442\u0435\u0437\u0430.<\/li><li class=\"translation-block\"><strong>\u0425\u0438\u0440\u0443\u0440\u0433\u0438\u044f \u043f\u0435\u0440\u0435\u043b\u043e\u043c\u043e\u0432<\/strong>: \u041f\u0440\u0438 \u0444\u0438\u043a\u0441\u0430\u0446\u0438\u0438 \u043a\u043e\u0441\u0442\u0435\u0439 \u0441 \u043f\u043e\u043c\u043e\u0449\u044c\u044e \u043f\u043b\u0430\u0441\u0442\u0438\u043d \u0438\u043b\u0438 \u0432\u0438\u043d\u0442\u043e\u0432 \u043e\u0441\u043d\u043e\u0432\u043d\u043e\u0435 \u0437\u043d\u0430\u0447\u0435\u043d\u0438\u0435 \u0438\u043c\u0435\u0435\u0442 \u043a\u043e\u043d\u0442\u0440\u043e\u043b\u044c \u043d\u0430\u0433\u0440\u0443\u0437\u043a\u0438, \u0434\u0435\u0439\u0441\u0442\u0432\u0443\u044e\u0449\u0435\u0439 \u043d\u0430 \u043b\u0438\u043d\u0438\u044e \u043f\u0435\u0440\u0435\u043b\u043e\u043c\u0430. \u0418\u043d\u0442\u0435\u043d\u0441\u0438\u0432\u043d\u043e\u0441\u0442\u044c \u0443\u043f\u0440\u0430\u0436\u043d\u0435\u043d\u0438\u0439 \u0443\u0432\u0435\u043b\u0438\u0447\u0438\u0432\u0430\u0435\u0442\u0441\u044f \u043f\u043e \u043c\u0435\u0440\u0435 \u043d\u0430\u0431\u043b\u044e\u0434\u0435\u043d\u0438\u044f \u0437\u0430 \u044d\u0442\u0430\u043f\u0430\u043c\u0438 \u0441\u0440\u0430\u0449\u0435\u043d\u0438\u044f \u043a\u043e\u0441\u0442\u0438 (\u043e\u0431\u0440\u0430\u0437\u043e\u0432\u0430\u043d\u0438\u0435\u043c \u043a\u043e\u0441\u0442\u043d\u043e\u0439 \u043c\u043e\u0437\u043e\u043b\u0438) \u0441 \u043f\u043e\u043c\u043e\u0449\u044c\u044e \u0443\u043b\u044c\u0442\u0440\u0430\u0437\u0432\u0443\u043a\u043e\u0432\u043e\u0433\u043e \u0438\u043b\u0438 \u0440\u0435\u043d\u0442\u0433\u0435\u043d\u043e\u0432\u0441\u043a\u043e\u0433\u043e \u0438\u0441\u0441\u043b\u0435\u0434\u043e\u0432\u0430\u043d\u0438\u044f.<\/li><li class=\"translation-block\"><strong>\u0420\u0435\u043a\u043e\u043d\u0441\u0442\u0440\u0443\u043a\u0446\u0438\u044f \u0441\u0443\u0445\u043e\u0436\u0438\u043b\u0438\u0439 \u043f\u043b\u0435\u0447\u0435\u0432\u043e\u0433\u043e \u0441\u0443\u0441\u0442\u0430\u0432\u0430 (\u0440\u043e\u0442\u0430\u0442\u043e\u0440\u043d\u0430\u044f \u043c\u0430\u043d\u0436\u0435\u0442\u0430)<\/strong>: \u041f\u043b\u0435\u0447\u0435\u0432\u043e\u0439 \u0441\u0443\u0441\u0442\u0430\u0432 \u2014 \u0441\u0430\u043c\u044b\u0439 \u043f\u043e\u0434\u0432\u0438\u0436\u043d\u044b\u0439 \u0441\u0443\u0441\u0442\u0430\u0432 \u0432 \u043e\u0440\u0433\u0430\u043d\u0438\u0437\u043c\u0435. \u0427\u0442\u043e\u0431\u044b \u043f\u0440\u0435\u0434\u043e\u0442\u0432\u0440\u0430\u0442\u0438\u0442\u044c \u00ab\u0437\u0430\u0441\u0442\u044b\u0432\u0430\u043d\u0438\u0435\u00bb \u043f\u043b\u0435\u0447\u0430 \u043f\u043e\u0441\u043b\u0435 \u043e\u043f\u0435\u0440\u0430\u0446\u0438\u0438, \u0441\u043d\u0430\u0447\u0430\u043b\u0430 \u043f\u0440\u043e\u0432\u043e\u0434\u044f\u0442\u0441\u044f \u043f\u0430\u0441\u0441\u0438\u0432\u043d\u044b\u0435 \u0443\u043f\u0440\u0430\u0436\u043d\u0435\u043d\u0438\u044f, \u0430 \u043f\u043e \u043c\u0435\u0440\u0435 \u0443\u043a\u0440\u0435\u043f\u043b\u0435\u043d\u0438\u044f \u0442\u043a\u0430\u043d\u0435\u0439 \u043f\u0435\u0440\u0435\u0445\u043e\u0434\u044f\u0442 \u043a \u0430\u043a\u0442\u0438\u0432\u043d\u044b\u043c \u0443\u043f\u0440\u0430\u0436\u043d\u0435\u043d\u0438\u044f\u043c \u0434\u043b\u044f \u0443\u043a\u0440\u0435\u043f\u043b\u0435\u043d\u0438\u044f \u043c\u044b\u0448\u0446.<\/li><\/ul><\/div>\n\t\t\t\t<\/div>\n\t\t\t\t\t\t\t<div class=\"elementor-toggle-item\">\n\t\t\t\t\t<div id=\"elementor-tab-title-8282\" class=\"elementor-tab-title\" data-tab=\"2\" role=\"button\" aria-controls=\"elementor-tab-content-8282\" aria-expanded=\"false\">\n\t\t\t\t\t\t\t\t\t\t\t\t<span class=\"elementor-toggle-icon elementor-toggle-icon-left\" aria-hidden=\"true\">\n\t\t\t\t\t\t\t\t\t\t\t\t\t\t\t<span class=\"elementor-toggle-icon-closed\"><svg class=\"e-font-icon-svg e-fas-plus\" viewbox=\"0 0 448 512\" xmlns=\"http:\/\/www.w3.org\/2000\/svg\"><path d=\"M416 208H272V64c0-17.67-14.33-32-32-32h-32c-17.67 0-32 14.33-32 32v144H32c-17.67 0-32 14.33-32 32v32c0 17.67 14.33 32 32 32h144v144c0 17.67 14.33 32 32 32h32c17.67 0 32-14.33 32-32V304h144c17.67 0 32-14.33 32-32v-32c0-17.67-14.33-32-32-32z\"><\/path><\/svg><\/span>\n\t\t\t\t\t\t\t\t<span class=\"elementor-toggle-icon-opened\"><svg class=\"elementor-toggle-icon-opened e-font-icon-svg e-fas-minus\" viewbox=\"0 0 448 512\" xmlns=\"http:\/\/www.w3.org\/2000\/svg\"><path d=\"M416 208H32c-17.67 0-32 14.33-32 32v32c0 17.67 14.33 32 32 32h384c17.67 0 32-14.33 32-32v-32c0-17.67-14.33-32-32-32z\"><\/path><\/svg><\/span>\n\t\t\t\t\t\t\t\t\t\t\t\t\t<\/span>\n\t\t\t\t\t\t\t\t\t\t\t\t<a class=\"elementor-toggle-title\" tabindex=\"0\">\u0420\u0435\u0430\u0431\u0438\u043b\u0438\u0442\u0430\u0446\u0438\u044f \u0441\u043f\u043e\u0440\u0442\u0441\u043c\u0435\u043d\u043e\u0432 <\/a>\n\t\t\t\t\t<\/div>\n\n\t\t\t\t\t<div id=\"elementor-tab-content-8282\" class=\"elementor-tab-content elementor-clearfix\" data-tab=\"2\" role=\"region\" aria-labelledby=\"elementor-tab-title-8282\"><p>\u0414\u043b\u044f \u0441\u043f\u043e\u0440\u0442\u0441\u043c\u0435\u043d\u043e\u0432 \u00ab\u0432\u043e\u0441\u0441\u0442\u0430\u043d\u043e\u0432\u043b\u0435\u043d\u0438\u0435\u00bb \u043e\u0437\u043d\u0430\u0447\u0430\u0435\u0442 \u0432\u043e\u0437\u0432\u0440\u0430\u0449\u0435\u043d\u0438\u0435 \u043a 100-\u043f\u0440\u043e\u0446\u0435\u043d\u0442\u043d\u043e\u043c\u0443 \u0443\u0440\u043e\u0432\u043d\u044e \u0440\u0435\u0437\u0443\u043b\u044c\u0442\u0430\u0442\u0438\u0432\u043d\u043e\u0441\u0442\u0438, \u043a\u043e\u0442\u043e\u0440\u044b\u0439 \u0431\u044b\u043b \u0434\u043e \u0442\u0440\u0430\u0432\u043c\u044b.<\/p><ul><li class=\"translation-block\"><strong>\u0422\u0440\u0435\u043d\u0438\u0440\u043e\u0432\u043a\u0430 \u043f\u0440\u043e\u043f\u0440\u0438\u043e\u0446\u0435\u043f\u0446\u0438\u0438<\/strong>: \u0411\u043b\u0430\u0433\u043e\u0434\u0430\u0440\u044f \u0440\u0430\u0437\u0432\u0438\u0442\u0438\u044e \u0441\u043f\u043e\u0441\u043e\u0431\u043d\u043e\u0441\u0442\u0438 \u0432\u043e\u0441\u043f\u0440\u0438\u043d\u0438\u043c\u0430\u0442\u044c \u043f\u043e\u043b\u043e\u0436\u0435\u043d\u0438\u0435 \u0441\u0443\u0441\u0442\u0430\u0432\u0430 \u0432 \u043f\u0440\u043e\u0441\u0442\u0440\u0430\u043d\u0441\u0442\u0432\u0435 \u0441\u043d\u0438\u0436\u0430\u0435\u0442\u0441\u044f \u0440\u0438\u0441\u043a \u043f\u043e\u0432\u0442\u043e\u0440\u043d\u044b\u0445 \u0442\u0440\u0430\u0432\u043c.<\/li><li class=\"translation-block\"><strong>\u0410\u043d\u0430\u043b\u0438\u0437 \u043a\u0438\u043d\u0435\u0442\u0438\u0447\u0435\u0441\u043a\u043e\u0439 \u0446\u0435\u043f\u0438<\/strong>: \u0420\u0430\u0441\u0441\u043c\u0430\u0442\u0440\u0438\u0432\u0430\u0435\u0442\u0441\u044f \u043d\u0435 \u0442\u043e\u043b\u044c\u043a\u043e \u043f\u043e\u0432\u0440\u0435\u0436\u0434\u0435\u043d\u043d\u044b\u0439 \u0443\u0447\u0430\u0441\u0442\u043e\u043a, \u043d\u043e \u0438 \u043e\u0431\u0449\u0435\u0435 \u0440\u0430\u0432\u043d\u043e\u0432\u0435\u0441\u0438\u0435 \u0442\u0435\u043b\u0430, \u0432\u043b\u0438\u044f\u044e\u0449\u0435\u0435 \u043d\u0430 \u043d\u0430\u0433\u0440\u0443\u0437\u043a\u0443, \u0434\u0435\u0439\u0441\u0442\u0432\u0443\u044e\u0449\u0443\u044e \u043d\u0430 \u044d\u0442\u043e\u0442 \u0443\u0447\u0430\u0441\u0442\u043e\u043a.<\/li><\/ul><\/div>\n\t\t\t\t<\/div>\n\t\t\t\t\t\t\t\t<\/div>\n\t\t\t\t\t\t<\/div>\n\t\t\t\t\t<\/div>\r\n\t\t\t\t<\/div>\r\n\t\t\t\t\t<\/div>\r\n\t\t\t\t<\/div>\r\n\t\t\t\t<\/div>","protected":false},"excerpt":{"rendered":"<p>Ortopedik Rehabilitasyon Fonksiyonel Onar\u0131m ve Performans Ortopedik Rehabilitasyon, kas-iskelet sistemindeki yaralanmalar\u0131n veya cerrahi m\u00fcdahalelerin ard\u0131ndan hastan\u0131n anatomik yap\u0131s\u0131n\u0131 fonksiyonel bir ba\u015far\u0131ya d\u00f6n\u00fc\u015ft\u00fcrme s\u00fcrecidir. Bu disiplin, sadece kemi\u011fin kaynamas\u0131 veya yaran\u0131n kapanmas\u0131yla ilgilenmez; eklemin stabilitesini, kas\u0131n kuvvetini ve sinir sisteminin bu yap\u0131lar \u00fczerindeki kontrol\u00fcn\u00fc yeniden in\u015fa eder. Ortopedik cerrahiler sonras\u0131nda hastan\u0131n kendi en iyi haline kavu\u015fmas\u0131 [&hellip;]<\/p>\n","protected":false},"author":1,"featured_media":0,"parent":9,"menu_order":4,"comment_status":"closed","ping_status":"closed","template":"","meta":{"footnotes":""},"class_list":["post-16","page","type-page","status-publish","hentry"],"_links":{"self":[{"href":"https:\/\/istanbulfiziktedavimerkezi.com\/ru\/wp-json\/wp\/v2\/pages\/16","targetHints":{"allow":["GET"]}}],"collection":[{"href":"https:\/\/istanbulfiziktedavimerkezi.com\/ru\/wp-json\/wp\/v2\/pages"}],"about":[{"href":"https:\/\/istanbulfiziktedavimerkezi.com\/ru\/wp-json\/wp\/v2\/types\/page"}],"author":[{"embeddable":true,"href":"https:\/\/istanbulfiziktedavimerkezi.com\/ru\/wp-json\/wp\/v2\/users\/1"}],"replies":[{"embeddable":true,"href":"https:\/\/istanbulfiziktedavimerkezi.com\/ru\/wp-json\/wp\/v2\/comments?post=16"}],"version-history":[{"count":7,"href":"https:\/\/istanbulfiziktedavimerkezi.com\/ru\/wp-json\/wp\/v2\/pages\/16\/revisions"}],"predecessor-version":[{"id":2324,"href":"https:\/\/istanbulfiziktedavimerkezi.com\/ru\/wp-json\/wp\/v2\/pages\/16\/revisions\/2324"}],"up":[{"embeddable":true,"href":"https:\/\/istanbulfiziktedavimerkezi.com\/ru\/wp-json\/wp\/v2\/pages\/9"}],"wp:attachment":[{"href":"https:\/\/istanbulfiziktedavimerkezi.com\/ru\/wp-json\/wp\/v2\/media?parent=16"}],"curies":[{"name":"wp","href":"https:\/\/api.w.org\/{rel}","templated":true}]}}