{"id":145,"date":"2016-09-26T02:08:58","date_gmt":"2016-09-26T02:08:58","guid":{"rendered":"http:\/\/sw-themes.com\/porto_dummy\/?page_id=8"},"modified":"2026-03-27T14:23:16","modified_gmt":"2026-03-27T11:23:16","slug":"hakkimizda","status":"publish","type":"page","link":"https:\/\/istanbulfiziktedavimerkezi.com\/ru\/hakkimizda\/","title":{"rendered":"\u041e \u043d\u0430\u0441"},"content":{"rendered":"<div data-elementor-type=\"wp-page\" data-elementor-id=\"145\" class=\"elementor elementor-145\">\n\t\t\t\t\t\t<section class=\"elementor-section elementor-top-section elementor-element elementor-element-71586ca8 elementor-section-boxed elementor-section-height-default elementor-section-height-default\" data-id=\"71586ca8\" data-element_type=\"section\" data-e-type=\"section\">\r\n\t\t\r\n\t\t\t\t\t\t\t<div class=\"elementor-container elementor-column-gap-default\">\r\n\t\t\t\t\t\t\t\t\t\t\t<div class=\"elementor-column elementor-col-100 elementor-top-column elementor-element elementor-element-50ca97b4\" data-id=\"50ca97b4\" data-element_type=\"column\" data-e-type=\"column\">\r\n\t\t\t\t\t<div class=\"elementor-widget-wrap elementor-element-populated\">\r\n\t\t\t\t\t\t\t\t<div class=\"elementor-element elementor-element-7235599 m-b-md elementor-widget elementor-widget-porto_ultimate_heading\" data-id=\"7235599\" data-element_type=\"widget\" data-e-type=\"widget\" data-widget_type=\"porto_ultimate_heading.default\">\n\t\t\t\t\t<div class=\"porto-u-heading  porto-u-ad87e2eaf3f9c495180fe0156ddf3eb0\"><div class=\"porto-u-main-heading\"><h2    style=\"margin-bottom: 16px;\">\u0426\u0435\u043d\u0442\u0440 \u0440\u043e\u0431\u043e\u0442\u0438\u0437\u0438\u0440\u043e\u0432\u0430\u043d\u043d\u043e\u0439 \u0440\u0435\u0430\u0431\u0438\u043b\u0438\u0442\u0430\u0446\u0438\u0438 \u0438 \u0444\u0438\u0437\u0438\u043e\u0442\u0435\u0440\u0430\u043f\u0438\u0438<\/h2><\/div><div class=\"porto-u-sub-heading\" style=\"\"><p>\u0426\u0435\u043d\u0442\u0440 \u0444\u0438\u0437\u0438\u043e\u0442\u0435\u0440\u0430\u043f\u0438\u0438 \u0421\u0442\u0430\u043c\u0431\u0443\u043b\u0430, \u0440\u0430\u0441\u043f\u043e\u043b\u0430\u0433\u0430\u044f \u043a\u043e\u043c\u0430\u043d\u0434\u043e\u0439 \u043e\u043f\u044b\u0442\u043d\u044b\u0445 \u0432\u0440\u0430\u0447\u0435\u0439 \u0438 \u043a\u0432\u0430\u043b\u0438\u0444\u0438\u0446\u0438\u0440\u043e\u0432\u0430\u043d\u043d\u044b\u0445 \u0444\u0438\u0437\u0438\u043e\u0442\u0435\u0440\u0430\u043f\u0435\u0432\u0442\u043e\u0432 \u0441 \u0431\u043e\u043b\u0435\u0435 \u0447\u0435\u043c 20-\u043b\u0435\u0442\u043d\u0438\u043c \u0441\u0442\u0430\u0436\u0435\u043c, \u043f\u0440\u0435\u0434\u043b\u0430\u0433\u0430\u0435\u0442 \u043a\u043e\u043c\u043f\u043b\u0435\u043a\u0441\u043d\u044b\u0435 \u0440\u0435\u0448\u0435\u043d\u0438\u044f \u0432 \u043e\u0431\u043b\u0430\u0441\u0442\u0438 \u0444\u0438\u0437\u0438\u043e\u0442\u0435\u0440\u0430\u043f\u0438\u0438 \u0438 \u0440\u0435\u0430\u0431\u0438\u043b\u0438\u0442\u0430\u0446\u0438\u0438 \u0434\u043b\u044f \u043f\u0430\u0446\u0438\u0435\u043d\u0442\u043e\u0432 \u0438\u0437 \u0422\u0443\u0440\u0446\u0438\u0438 \u0438 \u0434\u0440\u0443\u0433\u0438\u0445 \u0441\u0442\u0440\u0430\u043d.<\/p><\/div><style>.porto-u-ad87e2eaf3f9c495180fe0156ddf3eb0.porto-u-heading{text-align:left}<\/style><\/div>\t\t\t\t<\/div>\n\t\t\t\t\t<\/div>\r\n\t\t\t\t<\/div>\r\n\t\t\t\t\t<\/div>\r\n\t\t\t\t<\/section>\r\n\t\t<div class=\"elementor-element elementor-element-4fedce9 e-flex e-con-boxed e-con e-parent\" data-id=\"4fedce9\" data-element_type=\"container\" data-e-type=\"container\">\r\n\t\t\t\t\t<div class=\"e-con-inner\">\r\n\t\t\t\t<div class=\"elementor-element elementor-element-6b0454a elementor-widget elementor-widget-text-editor\" data-id=\"6b0454a\" data-element_type=\"widget\" data-e-type=\"widget\" data-widget_type=\"text-editor.default\">\n\t\t\t\t\t\t\t\t\t<p>\u00a0\u0421\u0442\u0430\u0432\u044f \u0437\u0434\u043e\u0440\u043e\u0432\u044c\u0435 \u0438 \u0443\u0434\u043e\u0432\u043b\u0435\u0442\u0432\u043e\u0440\u0435\u043d\u043d\u043e\u0441\u0442\u044c \u043f\u0430\u0446\u0438\u0435\u043d\u0442\u043e\u0432 \u0432\u043e \u0433\u043b\u0430\u0432\u0443 \u0443\u0433\u043b\u0430, \u043c\u044b \u043f\u0440\u0435\u0434\u043e\u0441\u0442\u0430\u0432\u043b\u044f\u0435\u043c \u0443\u0441\u043b\u0443\u0433\u0438 \u0432 \u043d\u0430\u0448\u0438\u0445 \u043e\u043f\u044b\u0442\u043d\u044b\u0445, \u0441\u043e\u0432\u0440\u0435\u043c\u0435\u043d\u043d\u044b\u0445 \u0438 \u0445\u043e\u0440\u043e\u0448\u043e \u043e\u0441\u043d\u0430\u0449\u0435\u043d\u043d\u044b\u0445 \u0431\u043e\u043b\u044c\u043d\u0438\u0446\u0430\u0445. \u041c\u044b \u043f\u0440\u0438\u043c\u0435\u043d\u044f\u0435\u043c \u043a\u043e\u043c\u043f\u043b\u0435\u043a\u0441\u043d\u044b\u0439 \u0438 \u0441\u043e\u0432\u0440\u0435\u043c\u0435\u043d\u043d\u044b\u0439 \u043f\u043e\u0434\u0445\u043e\u0434, \u043d\u0430\u043f\u0440\u0430\u0432\u043b\u0435\u043d\u043d\u044b\u0439 \u043d\u0435 \u0442\u043e\u043b\u044c\u043a\u043e \u043d\u0430 \u0443\u0441\u0442\u0440\u0430\u043d\u0435\u043d\u0438\u0435 \u0441\u0438\u043c\u043f\u0442\u043e\u043c\u043e\u0432, \u043d\u043e \u0438 \u043d\u0430 \u043b\u0435\u0447\u0435\u043d\u0438\u0435 \u043f\u0435\u0440\u0432\u043e\u043f\u0440\u0438\u0447\u0438\u043d \u0431\u043e\u043b\u0438. \u041c\u044b \u0440\u0430\u0437\u0440\u0430\u0431\u0430\u0442\u044b\u0432\u0430\u0435\u043c \u0438\u043d\u0434\u0438\u0432\u0438\u0434\u0443\u0430\u043b\u044c\u043d\u044b\u0435 \u043f\u043b\u0430\u043d\u044b \u043b\u0435\u0447\u0435\u043d\u0438\u044f \u0434\u043b\u044f \u0437\u0430\u0431\u043e\u043b\u0435\u0432\u0430\u043d\u0438\u0439 \u043e\u043f\u043e\u0440\u043d\u043e-\u0434\u0432\u0438\u0433\u0430\u0442\u0435\u043b\u044c\u043d\u043e\u0433\u043e \u0430\u043f\u043f\u0430\u0440\u0430\u0442\u0430, \u0445\u0440\u043e\u043d\u0438\u0447\u0435\u0441\u043a\u0438\u0445 \u0431\u043e\u043b\u0435\u0439, \u043f\u0440\u043e\u0431\u043b\u0435\u043c \u0441 \u043f\u043e\u044f\u0441\u043d\u0438\u0446\u0435\u0439, \u0448\u0435\u0435\u0439, \u043a\u0438\u0441\u0442\u044f\u043c\u0438 \u0438 \u0437\u0430\u043f\u044f\u0441\u0442\u044c\u044f\u043c\u0438, \u043f\u043b\u0435\u0447\u0430\u043c\u0438, \u0431\u0435\u0434\u0440\u0430\u043c\u0438, \u043a\u043e\u043b\u0435\u043d\u044f\u043c\u0438 \u0438 \u043f\u043e\u0437\u0432\u043e\u043d\u043e\u0447\u043d\u0438\u043a\u043e\u043c.<\/p><p>\u041a\u0440\u043e\u043c\u0435 \u0442\u043e\u0433\u043e, \u0440\u0435\u0430\u0431\u0438\u043b\u0438\u0442\u0430\u0446\u0438\u044f \u0441\u043f\u043e\u0440\u0442\u0441\u043c\u0435\u043d\u043e\u0432, \u0440\u0435\u0430\u0431\u0438\u043b\u0438\u0442\u0430\u0446\u0438\u044f \u043f\u0440\u0438 \u0437\u0430\u0431\u043e\u043b\u0435\u0432\u0430\u043d\u0438\u044f\u0445 \u0433\u043e\u043b\u043e\u0432\u043d\u043e\u0433\u043e \u0438 \u0441\u043f\u0438\u043d\u043d\u043e\u0433\u043e \u043c\u043e\u0437\u0433\u0430 (\u0438\u043d\u0441\u0443\u043b\u044c\u0442, \u0446\u0435\u0440\u0435\u0431\u0440\u043e\u0432\u0430\u0441\u043a\u0443\u043b\u044f\u0440\u043d\u044b\u0435 \u0437\u0430\u0431\u043e\u043b\u0435\u0432\u0430\u043d\u0438\u044f, \u0431\u043e\u043b\u0435\u0437\u043d\u044c \u041f\u0430\u0440\u043a\u0438\u043d\u0441\u043e\u043d\u0430, \u0440\u0430\u0441\u0441\u0435\u044f\u043d\u043d\u044b\u0439 \u0441\u043a\u043b\u0435\u0440\u043e\u0437, \u0446\u0435\u0440\u0435\u0431\u0440\u0430\u043b\u044c\u043d\u044b\u0439 \u043f\u0430\u0440\u0430\u043b\u0438\u0447), \u0440\u0435\u0430\u0431\u0438\u043b\u0438\u0442\u0430\u0446\u0438\u044f \u043f\u0440\u0438 \u0437\u0430\u0431\u043e\u043b\u0435\u0432\u0430\u043d\u0438\u044f\u0445 \u0441\u043f\u0438\u043d\u043d\u043e\u0433\u043e \u043c\u043e\u0437\u0433\u0430 (\u0433\u0435\u043c\u0438\u043f\u043b\u0435\u0433\u0438\u044f, \u043f\u0430\u0440\u0430\u043f\u043b\u0435\u0433\u0438\u044f, \u0442\u0435\u0442\u0440\u0430\u043f\u043b\u0435\u0433\u0438\u044f, \u0442\u0440\u0430\u0432\u043c\u044b \u0441\u043f\u0438\u043d\u043d\u043e\u0433\u043e \u043c\u043e\u0437\u0433\u0430) \u2014 \u0432 \u043d\u0430\u0448\u0435\u043c \u043e\u0442\u0434\u0435\u043b\u0435\u043d\u0438\u0438 \u0420\u041e\u0411\u041e\u0422\u0418\u0427\u0415\u0421\u041a\u041e\u0419 \u0420\u0415\u0410\u0411\u0418\u041b\u0418\u0422\u0410\u0426\u0418\u0418 \u043c\u044b \u043f\u0440\u0435\u0434\u043b\u0430\u0433\u0430\u0435\u043c \u0441\u0430\u043c\u044b\u0435 \u0431\u044b\u0441\u0442\u0440\u044b\u0435 \u0438 \u044d\u0444\u0444\u0435\u043a\u0442\u0438\u0432\u043d\u044b\u0435 \u043c\u0435\u0442\u043e\u0434\u044b \u043b\u0435\u0447\u0435\u043d\u0438\u044f. \u0412 \u043e\u0431\u043b\u0430\u0441\u0442\u0438 \u043f\u0435\u0434\u0438\u0430\u0442\u0440\u0438\u0447\u0435\u0441\u043a\u043e\u0439 \u0440\u0435\u0430\u0431\u0438\u043b\u0438\u0442\u0430\u0446\u0438\u0438, \u043e\u0440\u0442\u043e\u043f\u0435\u0434\u0438\u0447\u0435\u0441\u043a\u043e\u0439 \u0440\u0435\u0430\u0431\u0438\u043b\u0438\u0442\u0430\u0446\u0438\u0438, \u043d\u0435\u0432\u0440\u043e\u043b\u043e\u0433\u0438\u0447\u0435\u0441\u043a\u043e\u0439 \u0440\u0435\u0430\u0431\u0438\u043b\u0438\u0442\u0430\u0446\u0438\u0438, \u0433\u0435\u0440\u0438\u0430\u0442\u0440\u0438\u0447\u0435\u0441\u043a\u043e\u0439 \u0440\u0435\u0430\u0431\u0438\u043b\u0438\u0442\u0430\u0446\u0438\u0438, \u0440\u0435\u0430\u0431\u0438\u043b\u0438\u0442\u0430\u0446\u0438\u0438 \u043f\u0440\u0438 \u043b\u0438\u043c\u0444\u0435\u0434\u0435\u043c\u0435 \u0438 \u043b\u0438\u043f\u043e\u0434\u0435\u043c\u0435, \u0440\u0435\u0430\u0431\u0438\u043b\u0438\u0442\u0430\u0446\u0438\u0438 \u043f\u0440\u0438 \u0441\u043a\u043e\u043b\u0438\u043e\u0437\u0435, \u0440\u0435\u0430\u0431\u0438\u043b\u0438\u0442\u0430\u0446\u0438\u0438 \u0440\u0430\u0432\u043d\u043e\u0432\u0435\u0441\u0438\u044f \u043d\u0430\u0448\u0430 \u0446\u0435\u043b\u044c \u2014 \u0437\u043d\u0430\u0447\u0438\u0442\u0435\u043b\u044c\u043d\u043e \u0443\u043b\u0443\u0447\u0448\u0438\u0442\u044c \u043a\u0430\u0447\u0435\u0441\u0442\u0432\u043e \u0432\u0430\u0448\u0435\u0439 \u0436\u0438\u0437\u043d\u0438 \u0441 \u043f\u043e\u043c\u043e\u0449\u044c\u044e \u043d\u0430\u0448\u0435\u0433\u043e \u043a\u0432\u0430\u043b\u0438\u0444\u0438\u0446\u0438\u0440\u043e\u0432\u0430\u043d\u043d\u043e\u0433\u043e \u0438 \u043e\u043f\u044b\u0442\u043d\u043e\u0433\u043e \u043f\u0435\u0440\u0441\u043e\u043d\u0430\u043b\u0430 \u0438 \u0441\u043e\u0432\u0440\u0435\u043c\u0435\u043d\u043d\u043e\u0433\u043e \u043e\u0431\u043e\u0440\u0443\u0434\u043e\u0432\u0430\u043d\u0438\u044f.<\/p>\t\t\t\t\t\t\t\t<\/div>\n\t\t\t\t\t<\/div>\n\t\t\t\t<\/div>\n\t\t\t\t<\/div>","protected":false},"excerpt":{"rendered":"<p>Robotik Rehabilitasyon &#038; Fizik Tedavi Merkezi \u0130stanbul Fizik Tedavi Merkezi olarak, 20 y\u0131l\u0131 a\u015fk\u0131n deneyime sahip uzman doktor ve Uzman Fizyoterapist kadromuzla, fizik tedavi ve rehabilitasyon alan\u0131nda Yurti\u00e7i ve yurtd\u0131\u015f\u0131 misafirlerimize kapsaml\u0131 \u00e7\u00f6z\u00fcmler sunuyoruz. \u00a0Hasta sa\u011fl\u0131\u011f\u0131n\u0131 ve memnuniyetini odak noktam\u0131za alarak, deneyimli, modern ve donan\u0131ml\u0131 hastanelerimizde hizmet veriyoruz. Sadece semptomlar\u0131 de\u011fil, a\u011fr\u0131n\u0131n k\u00f6k nedenini tedavi [&hellip;]<\/p>\n","protected":false},"author":1,"featured_media":0,"parent":0,"menu_order":0,"comment_status":"closed","ping_status":"closed","template":"","meta":{"footnotes":""},"class_list":["post-145","page","type-page","status-publish","hentry"],"_links":{"self":[{"href":"https:\/\/istanbulfiziktedavimerkezi.com\/ru\/wp-json\/wp\/v2\/pages\/145","targetHints":{"allow":["GET"]}}],"collection":[{"href":"https:\/\/istanbulfiziktedavimerkezi.com\/ru\/wp-json\/wp\/v2\/pages"}],"about":[{"href":"https:\/\/istanbulfiziktedavimerkezi.com\/ru\/wp-json\/wp\/v2\/types\/page"}],"author":[{"embeddable":true,"href":"https:\/\/istanbulfiziktedavimerkezi.com\/ru\/wp-json\/wp\/v2\/users\/1"}],"replies":[{"embeddable":true,"href":"https:\/\/istanbulfiziktedavimerkezi.com\/ru\/wp-json\/wp\/v2\/comments?post=145"}],"version-history":[{"count":7,"href":"https:\/\/istanbulfiziktedavimerkezi.com\/ru\/wp-json\/wp\/v2\/pages\/145\/revisions"}],"predecessor-version":[{"id":2211,"href":"https:\/\/istanbulfiziktedavimerkezi.com\/ru\/wp-json\/wp\/v2\/pages\/145\/revisions\/2211"}],"wp:attachment":[{"href":"https:\/\/istanbulfiziktedavimerkezi.com\/ru\/wp-json\/wp\/v2\/media?parent=145"}],"curies":[{"name":"wp","href":"https:\/\/api.w.org\/{rel}","templated":true}]}}