{"id":13,"date":"2016-09-26T02:10:36","date_gmt":"2016-09-26T02:10:36","guid":{"rendered":"http:\/\/sw-themes.com\/porto_dummy\/?page_id=13"},"modified":"2026-04-07T19:25:31","modified_gmt":"2026-04-07T16:25:31","slug":"lenfodem-ve-lipodem-tedavisi","status":"publish","type":"page","link":"https:\/\/istanbulfiziktedavimerkezi.com\/ru\/tedavilerimiz\/lenfodem-ve-lipodem-tedavisi\/","title":{"rendered":"\u041b\u0435\u0447\u0435\u043d\u0438\u0435 \u043b\u0438\u043c\u0444\u0435\u0434\u0435\u043c\u044b \u0438 \u043b\u0438\u043f\u043e\u0434\u0435\u043c\u044b"},"content":{"rendered":"\t\t<div data-elementor-type=\"wp-page\" data-elementor-id=\"13\" class=\"elementor elementor-13\">\n\t\t\t\t\t\t<div class=\"elementor-section elementor-top-section elementor-element elementor-element-6856b91 elementor-section-boxed elementor-section-height-default elementor-section-height-default\" data-id=\"6856b91\" data-element_type=\"section\" data-e-type=\"section\">\r\n\t\t\r\n\t\t\t\t\t\t\t<div class=\"elementor-container elementor-column-gap-default\">\r\n\t\t\t\t\t\t\t\t\t\t\t<div class=\"elementor-column elementor-col-100 elementor-top-column elementor-element elementor-element-afb36b5\" data-id=\"afb36b5\" data-element_type=\"column\" data-e-type=\"column\">\r\n\t\t\t\t\t<div class=\"elementor-widget-wrap elementor-element-populated\">\r\n\t\t\t\t\t\t\t\t<div class=\"elementor-element elementor-element-628ead4 depart-box elementor-invisible elementor-widget elementor-widget-porto_info_box\" data-id=\"628ead4\" data-element_type=\"widget\" data-e-type=\"widget\" data-settings=\"{&quot;_animation&quot;:&quot;fadeInUp&quot;,&quot;_animation_delay&quot;:&quot;100&quot;}\" data-widget_type=\"porto_info_box.default\">\n\t\t\t\t\t<div class=\"porto-sicon-box style_1 left-icon\"><div class=\"porto-sicon-left\"><div class=\"porto-just-icon-wrapper porto-sicon-img  porto-icon-d751713988987e9331980363e24189ce\" style=\"\"><img decoding=\"async\" class=\"img-icon\" alt=\"\" src=\"https:\/\/istanbulfiziktedavimerkezi.com\/wp-content\/uploads\/2026\/02\/3.png\" width=\"81\" height=\"107\" \/><\/div><\/div><div class=\"porto-sicon-body\"><div class=\"porto-sicon-header\"><h3 class=\"porto-sicon-title\" style=\"\">Lenf\u00f6dem ve Lip\u00f6dem Tedavisi<\/h3><p >Kronik \u015ei\u015fliklerde B\u00fct\u00fcnc\u00fcl Yakla\u015f\u0131m<\/p><\/div> <!-- header --><div class=\"porto-sicon-description\" style=\"\" ><p>V\u00fccudumuzun savunma ve temizlik sistemi olan lenfatik sistemdeki bozulmalar, ya\u015fam kalitesini ciddi oranda d\u00fc\u015f\u00fcren \u015fi\u015fliklere yol a\u00e7abilir. <strong>LENF\u00d6DEM VE L\u0130P\u00d6DEM TEDAV\u0130S\u0130<\/strong>, bu kronik durumlar\u0131n kontrol alt\u0131na al\u0131nmas\u0131, komplikasyonlar\u0131n \u00f6nlenmesi ve doku sa\u011fl\u0131\u011f\u0131n\u0131n korunmas\u0131 i\u00e7in uygulanan multidisipliner bir s\u00fcre\u00e7tir. Merkezimizde, d\u00fcnya standartlar\u0131nda kabul g\u00f6ren \"Kompleks Bo\u015falt\u0131c\u0131 Fizyoterapi\" prensiplerini en modern tekniklerle harmanlayarak sunuyoruz.<\/p><\/div> <!-- description --><\/div><\/div><!-- porto-sicon-box -->\t\t\t\t<\/div>\n\t\t\t\t<div class=\"elementor-element elementor-element-dbaf6c2 elementor-widget elementor-widget-toggle\" data-id=\"dbaf6c2\" data-element_type=\"widget\" data-e-type=\"widget\" data-widget_type=\"toggle.default\">\n\t\t\t\t\t\t\t<div class=\"elementor-toggle\">\n\t\t\t\t\t\t\t<div class=\"elementor-toggle-item\">\n\t\t\t\t\t<div id=\"elementor-tab-title-2301\" class=\"elementor-tab-title\" data-tab=\"1\" role=\"button\" aria-controls=\"elementor-tab-content-2301\" aria-expanded=\"false\">\n\t\t\t\t\t\t\t\t\t\t\t\t<span class=\"elementor-toggle-icon elementor-toggle-icon-left\" aria-hidden=\"true\">\n\t\t\t\t\t\t\t\t\t\t\t\t\t\t\t<span class=\"elementor-toggle-icon-closed\"><svg class=\"e-font-icon-svg e-fas-plus\" viewBox=\"0 0 448 512\" xmlns=\"http:\/\/www.w3.org\/2000\/svg\"><path d=\"M416 208H272V64c0-17.67-14.33-32-32-32h-32c-17.67 0-32 14.33-32 32v144H32c-17.67 0-32 14.33-32 32v32c0 17.67 14.33 32 32 32h144v144c0 17.67 14.33 32 32 32h32c17.67 0 32-14.33 32-32V304h144c17.67 0 32-14.33 32-32v-32c0-17.67-14.33-32-32-32z\"><\/path><\/svg><\/span>\n\t\t\t\t\t\t\t\t<span class=\"elementor-toggle-icon-opened\"><svg class=\"elementor-toggle-icon-opened e-font-icon-svg e-fas-angle-up\" viewBox=\"0 0 320 512\" xmlns=\"http:\/\/www.w3.org\/2000\/svg\"><path d=\"M177 159.7l136 136c9.4 9.4 9.4 24.6 0 33.9l-22.6 22.6c-9.4 9.4-24.6 9.4-33.9 0L160 255.9l-96.4 96.4c-9.4 9.4-24.6 9.4-33.9 0L7 329.7c-9.4-9.4-9.4-24.6 0-33.9l136-136c9.4-9.5 24.6-9.5 34-.1z\"><\/path><\/svg><\/span>\n\t\t\t\t\t\t\t\t\t\t\t\t\t<\/span>\n\t\t\t\t\t\t\t\t\t\t\t\t<a class=\"elementor-toggle-title\" tabindex=\"0\">1. Manuel Lenfatik Drenaj (MLD)<\/a>\n\t\t\t\t\t<\/div>\n\n\t\t\t\t\t<div id=\"elementor-tab-content-2301\" class=\"elementor-tab-content elementor-clearfix\" data-tab=\"1\" role=\"region\" aria-labelledby=\"elementor-tab-title-2301\"><p>Tedavinin temel ta\u015f\u0131 <strong>MANUEL LENFAT\u0130K DRENAJ<\/strong> uygulamas\u0131d\u0131r. Bu teknik, klasik masajdan tamamen farkl\u0131d\u0131r; deri y\u00fczeyine uygulanan \u00e7ok hafif, ritmik ve \u00f6zel y\u00f6nlendirmeli hareketlerle lenf s\u0131v\u0131s\u0131n\u0131n dola\u015f\u0131ma kat\u0131lmas\u0131 hedeflenir.<\/p><ul><li><strong>S\u0131v\u0131 Y\u00f6nlendirme<\/strong>: T\u0131kanm\u0131\u015f veya hasar g\u00f6rm\u00fc\u015f lenf yollar\u0131ndaki s\u0131v\u0131n\u0131n, sa\u011fl\u0131kl\u0131 \u00e7al\u0131\u015fan lenf nodlar\u0131na do\u011fru manuel olarak itilmesini sa\u011flar.<\/li><li><strong>\u00d6dem Azaltma<\/strong>: Protein a\u00e7\u0131s\u0131ndan zengin lenf s\u0131v\u0131s\u0131n\u0131n doku aral\u0131klar\u0131ndan bo\u015falt\u0131lmas\u0131n\u0131 h\u0131zland\u0131rarak gerginli\u011fi ve a\u011fr\u0131y\u0131 azalt\u0131r.<\/li><li><strong>Ba\u011f\u0131\u015f\u0131kl\u0131k Deste\u011fi<\/strong>: Lenfatik ak\u0131\u015f\u0131n h\u0131zlanmas\u0131, v\u00fccudun toksinlerden ar\u0131nmas\u0131na ve ba\u011f\u0131\u015f\u0131kl\u0131k yan\u0131t\u0131n\u0131n g\u00fc\u00e7lenmesine yard\u0131mc\u0131 olur.<\/li><\/ul><\/div>\n\t\t\t\t<\/div>\n\t\t\t\t\t\t\t<div class=\"elementor-toggle-item\">\n\t\t\t\t\t<div id=\"elementor-tab-title-2302\" class=\"elementor-tab-title\" data-tab=\"2\" role=\"button\" aria-controls=\"elementor-tab-content-2302\" aria-expanded=\"false\">\n\t\t\t\t\t\t\t\t\t\t\t\t<span class=\"elementor-toggle-icon elementor-toggle-icon-left\" aria-hidden=\"true\">\n\t\t\t\t\t\t\t\t\t\t\t\t\t\t\t<span class=\"elementor-toggle-icon-closed\"><svg class=\"e-font-icon-svg e-fas-plus\" viewBox=\"0 0 448 512\" xmlns=\"http:\/\/www.w3.org\/2000\/svg\"><path d=\"M416 208H272V64c0-17.67-14.33-32-32-32h-32c-17.67 0-32 14.33-32 32v144H32c-17.67 0-32 14.33-32 32v32c0 17.67 14.33 32 32 32h144v144c0 17.67 14.33 32 32 32h32c17.67 0 32-14.33 32-32V304h144c17.67 0 32-14.33 32-32v-32c0-17.67-14.33-32-32-32z\"><\/path><\/svg><\/span>\n\t\t\t\t\t\t\t\t<span class=\"elementor-toggle-icon-opened\"><svg class=\"elementor-toggle-icon-opened e-font-icon-svg e-fas-angle-up\" viewBox=\"0 0 320 512\" xmlns=\"http:\/\/www.w3.org\/2000\/svg\"><path d=\"M177 159.7l136 136c9.4 9.4 9.4 24.6 0 33.9l-22.6 22.6c-9.4 9.4-24.6 9.4-33.9 0L160 255.9l-96.4 96.4c-9.4 9.4-24.6 9.4-33.9 0L7 329.7c-9.4-9.4-9.4-24.6 0-33.9l136-136c9.4-9.5 24.6-9.5 34-.1z\"><\/path><\/svg><\/span>\n\t\t\t\t\t\t\t\t\t\t\t\t\t<\/span>\n\t\t\t\t\t\t\t\t\t\t\t\t<a class=\"elementor-toggle-title\" tabindex=\"0\">2. Bandajlama (\u00c7ok Katmanl\u0131 Kompresyon)<\/a>\n\t\t\t\t\t<\/div>\n\n\t\t\t\t\t<div id=\"elementor-tab-content-2302\" class=\"elementor-tab-content elementor-clearfix\" data-tab=\"2\" role=\"region\" aria-labelledby=\"elementor-tab-title-2302\"><p>MLD seans\u0131 ile bo\u015falt\u0131lan alan\u0131n tekrar s\u0131v\u0131 ile dolmas\u0131n\u0131 engellemek i\u00e7in en etkili y\u00f6ntem <strong>BANDAJLAMA<\/strong> uygulamas\u0131d\u0131r. Bu evre, tedavinin &#8220;bo\u015falt\u0131m&#8221; faz\u0131nda kritik bir rol oynar.<\/p><ul><li><strong>K\u0131sa \u00c7eki\u015fli Bandajlar<\/strong>: Dinlenme s\u0131ras\u0131nda d\u00fc\u015f\u00fck, kas hareketi s\u0131ras\u0131nda y\u00fcksek bas\u0131n\u00e7 uygulayarak &#8220;kas pompas\u0131&#8221; etkisini art\u0131r\u0131r.<\/li><li><strong>Ki\u015fiye \u00d6zel Katmanlama<\/strong>: Uzvun \u015fekline ve \u00f6demin sertli\u011fine (fibrozis durumu) g\u00f6re farkl\u0131 katmanlar ve pedler kullan\u0131larak ki\u015fiye \u00f6zel bir yap\u0131 olu\u015fturulur.<\/li><li><strong>Doku Yumu\u015fatma<\/strong>: Sertle\u015fmi\u015f lenf\u00f6dem dokular\u0131n\u0131n yumu\u015fat\u0131lmas\u0131 ve hacim kayb\u0131n\u0131n kal\u0131c\u0131 hale getirilmesi i\u00e7in hayati \u00f6nemdedir.<\/li><\/ul><\/div>\n\t\t\t\t<\/div>\n\t\t\t\t\t\t\t<div class=\"elementor-toggle-item\">\n\t\t\t\t\t<div id=\"elementor-tab-title-2303\" class=\"elementor-tab-title\" data-tab=\"3\" role=\"button\" aria-controls=\"elementor-tab-content-2303\" aria-expanded=\"false\">\n\t\t\t\t\t\t\t\t\t\t\t\t<span class=\"elementor-toggle-icon elementor-toggle-icon-left\" aria-hidden=\"true\">\n\t\t\t\t\t\t\t\t\t\t\t\t\t\t\t<span class=\"elementor-toggle-icon-closed\"><svg class=\"e-font-icon-svg e-fas-plus\" viewBox=\"0 0 448 512\" xmlns=\"http:\/\/www.w3.org\/2000\/svg\"><path d=\"M416 208H272V64c0-17.67-14.33-32-32-32h-32c-17.67 0-32 14.33-32 32v144H32c-17.67 0-32 14.33-32 32v32c0 17.67 14.33 32 32 32h144v144c0 17.67 14.33 32 32 32h32c17.67 0 32-14.33 32-32V304h144c17.67 0 32-14.33 32-32v-32c0-17.67-14.33-32-32-32z\"><\/path><\/svg><\/span>\n\t\t\t\t\t\t\t\t<span class=\"elementor-toggle-icon-opened\"><svg class=\"elementor-toggle-icon-opened e-font-icon-svg e-fas-angle-up\" viewBox=\"0 0 320 512\" xmlns=\"http:\/\/www.w3.org\/2000\/svg\"><path d=\"M177 159.7l136 136c9.4 9.4 9.4 24.6 0 33.9l-22.6 22.6c-9.4 9.4-24.6 9.4-33.9 0L160 255.9l-96.4 96.4c-9.4 9.4-24.6 9.4-33.9 0L7 329.7c-9.4-9.4-9.4-24.6 0-33.9l136-136c9.4-9.5 24.6-9.5 34-.1z\"><\/path><\/svg><\/span>\n\t\t\t\t\t\t\t\t\t\t\t\t\t<\/span>\n\t\t\t\t\t\t\t\t\t\t\t\t<a class=\"elementor-toggle-title\" tabindex=\"0\">3. Kompresyon Cihazlar\u0131 (Pn\u00f6matik Kompresyon)<\/a>\n\t\t\t\t\t<\/div>\n\n\t\t\t\t\t<div id=\"elementor-tab-content-2303\" class=\"elementor-tab-content elementor-clearfix\" data-tab=\"3\" role=\"region\" aria-labelledby=\"elementor-tab-title-2303\"><p>Tedaviyi destekleyen ve ev programlar\u0131na entegre edilebilen <strong>KOMPRESYON C\u0130HAZLARI<\/strong>, modern lenf\u00f6dem y\u00f6netiminin bir par\u00e7as\u0131d\u0131r.<\/p><ul><li><strong>Aral\u0131kl\u0131 Bas\u0131n\u00e7 Uygulamas\u0131<\/strong>: Cihazlar, uzva giydirilen \u00f6zel man\u015fonlar arac\u0131l\u0131\u011f\u0131yla havayla dolup bo\u015falarak lenfatik drenaja yard\u0131mc\u0131 olur.<\/li><li><strong>S\u0131v\u0131 Mobilizasyonu<\/strong>: \u00d6zellikle ven\u00f6z yetmezlik durumlar\u0131nda ve alt ekstremite (bacak) \u00f6demlerinde s\u0131v\u0131n\u0131n proksimal (yukar\u0131) b\u00f6lgelere itilmesinde etkindir.<\/li><\/ul><\/div>\n\t\t\t\t<\/div>\n\t\t\t\t\t\t\t<div class=\"elementor-toggle-item\">\n\t\t\t\t\t<div id=\"elementor-tab-title-2304\" class=\"elementor-tab-title\" data-tab=\"4\" role=\"button\" aria-controls=\"elementor-tab-content-2304\" aria-expanded=\"false\">\n\t\t\t\t\t\t\t\t\t\t\t\t<span class=\"elementor-toggle-icon elementor-toggle-icon-left\" aria-hidden=\"true\">\n\t\t\t\t\t\t\t\t\t\t\t\t\t\t\t<span class=\"elementor-toggle-icon-closed\"><svg class=\"e-font-icon-svg e-fas-plus\" viewBox=\"0 0 448 512\" xmlns=\"http:\/\/www.w3.org\/2000\/svg\"><path d=\"M416 208H272V64c0-17.67-14.33-32-32-32h-32c-17.67 0-32 14.33-32 32v144H32c-17.67 0-32 14.33-32 32v32c0 17.67 14.33 32 32 32h144v144c0 17.67 14.33 32 32 32h32c17.67 0 32-14.33 32-32V304h144c17.67 0 32-14.33 32-32v-32c0-17.67-14.33-32-32-32z\"><\/path><\/svg><\/span>\n\t\t\t\t\t\t\t\t<span class=\"elementor-toggle-icon-opened\"><svg class=\"elementor-toggle-icon-opened e-font-icon-svg e-fas-angle-up\" viewBox=\"0 0 320 512\" xmlns=\"http:\/\/www.w3.org\/2000\/svg\"><path d=\"M177 159.7l136 136c9.4 9.4 9.4 24.6 0 33.9l-22.6 22.6c-9.4 9.4-24.6 9.4-33.9 0L160 255.9l-96.4 96.4c-9.4 9.4-24.6 9.4-33.9 0L7 329.7c-9.4-9.4-9.4-24.6 0-33.9l136-136c9.4-9.5 24.6-9.5 34-.1z\"><\/path><\/svg><\/span>\n\t\t\t\t\t\t\t\t\t\t\t\t\t<\/span>\n\t\t\t\t\t\t\t\t\t\t\t\t<a class=\"elementor-toggle-title\" tabindex=\"0\">4. Egzersiz Yakla\u015f\u0131m\u0131: Ki\u015fiye \u00d6zel ve Koruyucu<\/a>\n\t\t\t\t\t<\/div>\n\n\t\t\t\t\t<div id=\"elementor-tab-content-2304\" class=\"elementor-tab-content elementor-clearfix\" data-tab=\"4\" role=\"region\" aria-labelledby=\"elementor-tab-title-2304\"><p>Lenf ak\u0131\u015f\u0131, kalp gibi bir pompaya sahip de\u011fildir; bu ak\u0131\u015f\u0131 sa\u011flayan en b\u00fcy\u00fck g\u00fc\u00e7 kas hareketidir. Bu nedenle merkezimizde egzersiz iki a\u015famal\u0131 olarak ele al\u0131n\u0131r:<\/p><p><strong>Ki\u015fiye \u00d6zel Egzersizler<\/strong><\/p><p>Hastan\u0131n mevcut fiziksel durumu, eklem a\u00e7\u0131kl\u0131\u011f\u0131 ve \u00f6dem seviyesi analiz edilerek <strong>K\u0130\u015e\u0130YE \u00d6ZEL EGZERS\u0130ZLER<\/strong> planlan\u0131r.<\/p><ul><li><strong>Kas Pompas\u0131 Aktivasyonu<\/strong>: Kompresyon (bandaj veya giysi) alt\u0131ndayken yap\u0131lan bu egzersizler, lenf kanallar\u0131n\u0131n daha etkin \u00e7al\u0131\u015fmas\u0131n\u0131 sa\u011flar.<\/li><li><strong>Solunum Egzersizleri<\/strong>: Diyafram nefesi ile ana lenf kanallar\u0131ndaki bas\u0131n\u00e7 fark\u0131 art\u0131r\u0131larak drenaj desteklenir.<\/li><\/ul><p><strong>Lenf\u00f6demde Koruyucu Egzersizler ve \u00d6nlemler<\/strong><\/p><p>Hastal\u0131\u011f\u0131n kontrol alt\u0131na al\u0131nmas\u0131ndan sonraki s\u00fcre\u00e7te, <strong>LENF\u00d6DEMDE KORUYUCU EGZERS\u0130ZLER VE \u00d6NLEMLER<\/strong> b\u00fcy\u00fck \u00f6nem ta\u015f\u0131r.<\/p><ul><li><strong>Enfeksiyon Kontrol\u00fc<\/strong>: Cilt b\u00fct\u00fcnl\u00fc\u011f\u00fcn\u00fcn korunmas\u0131, t\u0131rnak bak\u0131m\u0131 ve k\u00fc\u00e7\u00fck kesiklerin (enfeksiyon\/sel\u00fclit riski) \u00f6nlenmesi, etkilenen taraftan kan al\u0131nmamas\u0131, tansiyon \u00f6l\u00e7\u00fcm\u00fc yap\u0131lmamas\u0131, travma olmamas\u0131 \u00fczerine hasta e\u011fitimi verilir.<\/li><li><strong>Y\u00fcklenme Y\u00f6netimi<\/strong>: Uzvun a\u015f\u0131r\u0131 zorlanmadan, kontroll\u00fc bir \u015fekilde hareket ettirilmesi \u00f6\u011fretilir.<\/li><li><strong>Is\u0131 ve G\u00fcne\u015f Korumas\u0131<\/strong>: Damar geni\u015flemesine ve \u00f6dem art\u0131\u015f\u0131na neden olabilecek a\u015f\u0131r\u0131 s\u0131caklardan korunma y\u00f6ntemleri anlat\u0131l\u0131r.<\/li><\/ul><\/div>\n\t\t\t\t<\/div>\n\t\t\t\t\t\t\t<div class=\"elementor-toggle-item\">\n\t\t\t\t\t<div id=\"elementor-tab-title-2305\" class=\"elementor-tab-title\" data-tab=\"5\" role=\"button\" aria-controls=\"elementor-tab-content-2305\" aria-expanded=\"false\">\n\t\t\t\t\t\t\t\t\t\t\t\t<span class=\"elementor-toggle-icon elementor-toggle-icon-left\" aria-hidden=\"true\">\n\t\t\t\t\t\t\t\t\t\t\t\t\t\t\t<span class=\"elementor-toggle-icon-closed\"><svg class=\"e-font-icon-svg e-fas-plus\" viewBox=\"0 0 448 512\" xmlns=\"http:\/\/www.w3.org\/2000\/svg\"><path d=\"M416 208H272V64c0-17.67-14.33-32-32-32h-32c-17.67 0-32 14.33-32 32v144H32c-17.67 0-32 14.33-32 32v32c0 17.67 14.33 32 32 32h144v144c0 17.67 14.33 32 32 32h32c17.67 0 32-14.33 32-32V304h144c17.67 0 32-14.33 32-32v-32c0-17.67-14.33-32-32-32z\"><\/path><\/svg><\/span>\n\t\t\t\t\t\t\t\t<span class=\"elementor-toggle-icon-opened\"><svg class=\"elementor-toggle-icon-opened e-font-icon-svg e-fas-angle-up\" viewBox=\"0 0 320 512\" xmlns=\"http:\/\/www.w3.org\/2000\/svg\"><path d=\"M177 159.7l136 136c9.4 9.4 9.4 24.6 0 33.9l-22.6 22.6c-9.4 9.4-24.6 9.4-33.9 0L160 255.9l-96.4 96.4c-9.4 9.4-24.6 9.4-33.9 0L7 329.7c-9.4-9.4-9.4-24.6 0-33.9l136-136c9.4-9.5 24.6-9.5 34-.1z\"><\/path><\/svg><\/span>\n\t\t\t\t\t\t\t\t\t\t\t\t\t<\/span>\n\t\t\t\t\t\t\t\t\t\t\t\t<a class=\"elementor-toggle-title\" tabindex=\"0\">5. Ki\u015fiye \u00d6zel Bas\u0131 Giysisi Re\u00e7etelenmesi<\/a>\n\t\t\t\t\t<\/div>\n\n\t\t\t\t\t<div id=\"elementor-tab-content-2305\" class=\"elementor-tab-content elementor-clearfix\" data-tab=\"5\" role=\"region\" aria-labelledby=\"elementor-tab-title-2305\"><p>Tedavinin ba\u015far\u0131l\u0131 bir \u015fekilde tamamlanmas\u0131n\u0131n ard\u0131ndan, elde edilen sonucun korunmas\u0131 i\u00e7in <strong>K\u0130\u015e\u0130YE \u00d6ZEL BASI G\u0130YS\u0130S\u0130 RE\u00c7ETELENMES\u0130<\/strong> a\u015famas\u0131na ge\u00e7ilir.<\/p><ul><li><strong>\u00d6l\u00e7\u00fc Hassasiyeti<\/strong>: Haz\u0131r giysiler yerine, hastan\u0131n tam \u00f6l\u00e7\u00fclerine uygun (custom-made) \u00fcretimler tercih edilir.<\/li><li><strong>Bas\u0131n\u00e7 S\u0131n\u0131f\u0131 Se\u00e7imi<\/strong>: Hastan\u0131n lenf\u00f6dem evresine (Evre 1, 2 veya 3) ve doku sertli\u011fine uygun bas\u0131n\u00e7 s\u0131n\u0131f\u0131 uzman hekim ve fizyoterapist taraf\u0131ndan belirlenir.<\/li><li><strong>\u00d6rme Tipi Karar\u0131<\/strong>: Lip\u00f6dem veya fibrotik lenf\u00f6dem durumlar\u0131nda genellikle &#8220;d\u00fcz \u00f6rme&#8221; (flat-knit) kuma\u015flar re\u00e7ete edilerek doku \u00fczerinde maksimum kontrol sa\u011flan\u0131r.<\/li><\/ul><\/div>\n\t\t\t\t<\/div>\n\t\t\t\t\t\t\t\t\t\t<script type=\"application\/ld+json\">{\"@context\":\"https:\\\/\\\/schema.org\",\"@type\":\"FAQPage\",\"mainEntity\":[{\"@type\":\"Question\",\"name\":\"1. Manuel Lenfatik Drenaj (MLD)\",\"acceptedAnswer\":{\"@type\":\"Answer\",\"text\":\"<p>Tedavinin temel ta\\u015f\\u0131 <strong>MANUEL LENFAT\\u0130K DRENAJ<\\\/strong> uygulamas\\u0131d\\u0131r. Bu teknik, klasik masajdan tamamen farkl\\u0131d\\u0131r; deri y\\u00fczeyine uygulanan \\u00e7ok hafif, ritmik ve \\u00f6zel y\\u00f6nlendirmeli hareketlerle lenf s\\u0131v\\u0131s\\u0131n\\u0131n dola\\u015f\\u0131ma kat\\u0131lmas\\u0131 hedeflenir.<\\\/p><ul><li><strong>S\\u0131v\\u0131 Y\\u00f6nlendirme<\\\/strong>: T\\u0131kanm\\u0131\\u015f veya hasar g\\u00f6rm\\u00fc\\u015f lenf yollar\\u0131ndaki s\\u0131v\\u0131n\\u0131n, sa\\u011fl\\u0131kl\\u0131 \\u00e7al\\u0131\\u015fan lenf nodlar\\u0131na do\\u011fru manuel olarak itilmesini sa\\u011flar.<\\\/li><li><strong>\\u00d6dem Azaltma<\\\/strong>: Protein a\\u00e7\\u0131s\\u0131ndan zengin lenf s\\u0131v\\u0131s\\u0131n\\u0131n doku aral\\u0131klar\\u0131ndan bo\\u015falt\\u0131lmas\\u0131n\\u0131 h\\u0131zland\\u0131rarak gerginli\\u011fi ve a\\u011fr\\u0131y\\u0131 azalt\\u0131r.<\\\/li><li><strong>Ba\\u011f\\u0131\\u015f\\u0131kl\\u0131k Deste\\u011fi<\\\/strong>: Lenfatik ak\\u0131\\u015f\\u0131n h\\u0131zlanmas\\u0131, v\\u00fccudun toksinlerden ar\\u0131nmas\\u0131na ve ba\\u011f\\u0131\\u015f\\u0131kl\\u0131k yan\\u0131t\\u0131n\\u0131n g\\u00fc\\u00e7lenmesine yard\\u0131mc\\u0131 olur.<\\\/li><\\\/ul>\"}},{\"@type\":\"Question\",\"name\":\"2. Bandajlama (\\u00c7ok Katmanl\\u0131 Kompresyon)\",\"acceptedAnswer\":{\"@type\":\"Answer\",\"text\":\"<p>MLD seans\\u0131 ile bo\\u015falt\\u0131lan alan\\u0131n tekrar s\\u0131v\\u0131 ile dolmas\\u0131n\\u0131 engellemek i\\u00e7in en etkili y\\u00f6ntem <strong>BANDAJLAMA<\\\/strong> uygulamas\\u0131d\\u0131r. Bu evre, tedavinin &#8220;bo\\u015falt\\u0131m&#8221; faz\\u0131nda kritik bir rol oynar.<\\\/p><ul><li><strong>K\\u0131sa \\u00c7eki\\u015fli Bandajlar<\\\/strong>: Dinlenme s\\u0131ras\\u0131nda d\\u00fc\\u015f\\u00fck, kas hareketi s\\u0131ras\\u0131nda y\\u00fcksek bas\\u0131n\\u00e7 uygulayarak &#8220;kas pompas\\u0131&#8221; etkisini art\\u0131r\\u0131r.<\\\/li><li><strong>Ki\\u015fiye \\u00d6zel Katmanlama<\\\/strong>: Uzvun \\u015fekline ve \\u00f6demin sertli\\u011fine (fibrozis durumu) g\\u00f6re farkl\\u0131 katmanlar ve pedler kullan\\u0131larak ki\\u015fiye \\u00f6zel bir yap\\u0131 olu\\u015fturulur.<\\\/li><li><strong>Doku Yumu\\u015fatma<\\\/strong>: Sertle\\u015fmi\\u015f lenf\\u00f6dem dokular\\u0131n\\u0131n yumu\\u015fat\\u0131lmas\\u0131 ve hacim kayb\\u0131n\\u0131n kal\\u0131c\\u0131 hale getirilmesi i\\u00e7in hayati \\u00f6nemdedir.<\\\/li><\\\/ul>\"}},{\"@type\":\"Question\",\"name\":\"3. Kompresyon Cihazlar\\u0131 (Pn\\u00f6matik Kompresyon)\",\"acceptedAnswer\":{\"@type\":\"Answer\",\"text\":\"<p>Tedaviyi destekleyen ve ev programlar\\u0131na entegre edilebilen <strong>KOMPRESYON C\\u0130HAZLARI<\\\/strong>, modern lenf\\u00f6dem y\\u00f6netiminin bir par\\u00e7as\\u0131d\\u0131r.<\\\/p><ul><li><strong>Aral\\u0131kl\\u0131 Bas\\u0131n\\u00e7 Uygulamas\\u0131<\\\/strong>: Cihazlar, uzva giydirilen \\u00f6zel man\\u015fonlar arac\\u0131l\\u0131\\u011f\\u0131yla havayla dolup bo\\u015falarak lenfatik drenaja yard\\u0131mc\\u0131 olur.<\\\/li><li><strong>S\\u0131v\\u0131 Mobilizasyonu<\\\/strong>: \\u00d6zellikle ven\\u00f6z yetmezlik durumlar\\u0131nda ve alt ekstremite (bacak) \\u00f6demlerinde s\\u0131v\\u0131n\\u0131n proksimal (yukar\\u0131) b\\u00f6lgelere itilmesinde etkindir.<\\\/li><\\\/ul>\"}},{\"@type\":\"Question\",\"name\":\"4. Egzersiz Yakla\\u015f\\u0131m\\u0131: Ki\\u015fiye \\u00d6zel ve Koruyucu\",\"acceptedAnswer\":{\"@type\":\"Answer\",\"text\":\"<p>Lenf ak\\u0131\\u015f\\u0131, kalp gibi bir pompaya sahip de\\u011fildir; bu ak\\u0131\\u015f\\u0131 sa\\u011flayan en b\\u00fcy\\u00fck g\\u00fc\\u00e7 kas hareketidir. Bu nedenle merkezimizde egzersiz iki a\\u015famal\\u0131 olarak ele al\\u0131n\\u0131r:<\\\/p><p><strong>Ki\\u015fiye \\u00d6zel Egzersizler<\\\/strong><\\\/p><p>Hastan\\u0131n mevcut fiziksel durumu, eklem a\\u00e7\\u0131kl\\u0131\\u011f\\u0131 ve \\u00f6dem seviyesi analiz edilerek <strong>K\\u0130\\u015e\\u0130YE \\u00d6ZEL EGZERS\\u0130ZLER<\\\/strong> planlan\\u0131r.<\\\/p><ul><li><strong>Kas Pompas\\u0131 Aktivasyonu<\\\/strong>: Kompresyon (bandaj veya giysi) alt\\u0131ndayken yap\\u0131lan bu egzersizler, lenf kanallar\\u0131n\\u0131n daha etkin \\u00e7al\\u0131\\u015fmas\\u0131n\\u0131 sa\\u011flar.<\\\/li><li><strong>Solunum Egzersizleri<\\\/strong>: Diyafram nefesi ile ana lenf kanallar\\u0131ndaki bas\\u0131n\\u00e7 fark\\u0131 art\\u0131r\\u0131larak drenaj desteklenir.<\\\/li><\\\/ul><p><strong>Lenf\\u00f6demde Koruyucu Egzersizler ve \\u00d6nlemler<\\\/strong><\\\/p><p>Hastal\\u0131\\u011f\\u0131n kontrol alt\\u0131na al\\u0131nmas\\u0131ndan sonraki s\\u00fcre\\u00e7te, <strong>LENF\\u00d6DEMDE KORUYUCU EGZERS\\u0130ZLER VE \\u00d6NLEMLER<\\\/strong> b\\u00fcy\\u00fck \\u00f6nem ta\\u015f\\u0131r.<\\\/p><ul><li><strong>Enfeksiyon Kontrol\\u00fc<\\\/strong>: Cilt b\\u00fct\\u00fcnl\\u00fc\\u011f\\u00fcn\\u00fcn korunmas\\u0131, t\\u0131rnak bak\\u0131m\\u0131 ve k\\u00fc\\u00e7\\u00fck kesiklerin (enfeksiyon\\\/sel\\u00fclit riski) \\u00f6nlenmesi, etkilenen taraftan kan al\\u0131nmamas\\u0131, tansiyon \\u00f6l\\u00e7\\u00fcm\\u00fc yap\\u0131lmamas\\u0131, travma olmamas\\u0131 \\u00fczerine hasta e\\u011fitimi verilir.<\\\/li><li><strong>Y\\u00fcklenme Y\\u00f6netimi<\\\/strong>: Uzvun a\\u015f\\u0131r\\u0131 zorlanmadan, kontroll\\u00fc bir \\u015fekilde hareket ettirilmesi \\u00f6\\u011fretilir.<\\\/li><li><strong>Is\\u0131 ve G\\u00fcne\\u015f Korumas\\u0131<\\\/strong>: Damar geni\\u015flemesine ve \\u00f6dem art\\u0131\\u015f\\u0131na neden olabilecek a\\u015f\\u0131r\\u0131 s\\u0131caklardan korunma y\\u00f6ntemleri anlat\\u0131l\\u0131r.<\\\/li><\\\/ul>\"}},{\"@type\":\"Question\",\"name\":\"5. Ki\\u015fiye \\u00d6zel Bas\\u0131 Giysisi Re\\u00e7etelenmesi\",\"acceptedAnswer\":{\"@type\":\"Answer\",\"text\":\"<p>Tedavinin ba\\u015far\\u0131l\\u0131 bir \\u015fekilde tamamlanmas\\u0131n\\u0131n ard\\u0131ndan, elde edilen sonucun korunmas\\u0131 i\\u00e7in <strong>K\\u0130\\u015e\\u0130YE \\u00d6ZEL BASI G\\u0130YS\\u0130S\\u0130 RE\\u00c7ETELENMES\\u0130<\\\/strong> a\\u015famas\\u0131na ge\\u00e7ilir.<\\\/p><ul><li><strong>\\u00d6l\\u00e7\\u00fc Hassasiyeti<\\\/strong>: Haz\\u0131r giysiler yerine, hastan\\u0131n tam \\u00f6l\\u00e7\\u00fclerine uygun (custom-made) \\u00fcretimler tercih edilir.<\\\/li><li><strong>Bas\\u0131n\\u00e7 S\\u0131n\\u0131f\\u0131 Se\\u00e7imi<\\\/strong>: Hastan\\u0131n lenf\\u00f6dem evresine (Evre 1, 2 veya 3) ve doku sertli\\u011fine uygun bas\\u0131n\\u00e7 s\\u0131n\\u0131f\\u0131 uzman hekim ve fizyoterapist taraf\\u0131ndan belirlenir.<\\\/li><li><strong>\\u00d6rme Tipi Karar\\u0131<\\\/strong>: Lip\\u00f6dem veya fibrotik lenf\\u00f6dem durumlar\\u0131nda genellikle &#8220;d\\u00fcz \\u00f6rme&#8221; (flat-knit) kuma\\u015flar re\\u00e7ete edilerek doku \\u00fczerinde maksimum kontrol sa\\u011flan\\u0131r.<\\\/li><\\\/ul>\"}}]}<\/script>\n\t\t\t\t\t<\/div>\n\t\t\t\t\t\t<\/div>\n\t\t\t\t\t<\/div>\r\n\t\t\t\t<\/div>\r\n\t\t\t\t\t<\/div>\r\n\t\t\t\t<\/div>\r\n\t\t\t\t<\/div>\n\t\t","protected":false},"excerpt":{"rendered":"<p>Lenf\u00f6dem ve Lip\u00f6dem Tedavisi Kronik \u015ei\u015fliklerde B\u00fct\u00fcnc\u00fcl Yakla\u015f\u0131m V\u00fccudumuzun savunma ve temizlik sistemi olan lenfatik sistemdeki bozulmalar, ya\u015fam kalitesini ciddi oranda d\u00fc\u015f\u00fcren \u015fi\u015fliklere yol a\u00e7abilir. LENF\u00d6DEM VE L\u0130P\u00d6DEM TEDAV\u0130S\u0130, bu kronik durumlar\u0131n kontrol alt\u0131na al\u0131nmas\u0131, komplikasyonlar\u0131n \u00f6nlenmesi ve doku sa\u011fl\u0131\u011f\u0131n\u0131n korunmas\u0131 i\u00e7in uygulanan multidisipliner bir s\u00fcre\u00e7tir. Merkezimizde, d\u00fcnya standartlar\u0131nda kabul g\u00f6ren &#8220;Kompleks Bo\u015falt\u0131c\u0131 Fizyoterapi&#8221; prensiplerini [&hellip;]<\/p>\n","protected":false},"author":1,"featured_media":0,"parent":9,"menu_order":1,"comment_status":"closed","ping_status":"closed","template":"","meta":{"footnotes":""},"class_list":["post-13","page","type-page","status-publish","hentry"],"_links":{"self":[{"href":"https:\/\/istanbulfiziktedavimerkezi.com\/ru\/wp-json\/wp\/v2\/pages\/13","targetHints":{"allow":["GET"]}}],"collection":[{"href":"https:\/\/istanbulfiziktedavimerkezi.com\/ru\/wp-json\/wp\/v2\/pages"}],"about":[{"href":"https:\/\/istanbulfiziktedavimerkezi.com\/ru\/wp-json\/wp\/v2\/types\/page"}],"author":[{"embeddable":true,"href":"https:\/\/istanbulfiziktedavimerkezi.com\/ru\/wp-json\/wp\/v2\/users\/1"}],"replies":[{"embeddable":true,"href":"https:\/\/istanbulfiziktedavimerkezi.com\/ru\/wp-json\/wp\/v2\/comments?post=13"}],"version-history":[{"count":10,"href":"https:\/\/istanbulfiziktedavimerkezi.com\/ru\/wp-json\/wp\/v2\/pages\/13\/revisions"}],"predecessor-version":[{"id":2421,"href":"https:\/\/istanbulfiziktedavimerkezi.com\/ru\/wp-json\/wp\/v2\/pages\/13\/revisions\/2421"}],"up":[{"embeddable":true,"href":"https:\/\/istanbulfiziktedavimerkezi.com\/ru\/wp-json\/wp\/v2\/pages\/9"}],"wp:attachment":[{"href":"https:\/\/istanbulfiziktedavimerkezi.com\/ru\/wp-json\/wp\/v2\/media?parent=13"}],"curies":[{"name":"wp","href":"https:\/\/api.w.org\/{rel}","templated":true}]}}