{"id":12,"date":"2016-09-26T02:10:14","date_gmt":"2016-09-26T02:10:14","guid":{"rendered":"http:\/\/sw-themes.com\/porto_dummy\/?page_id=12"},"modified":"2026-04-07T19:24:33","modified_gmt":"2026-04-07T16:24:33","slug":"robotik-ve-norolojik-rehabilitasyon","status":"publish","type":"page","link":"https:\/\/istanbulfiziktedavimerkezi.com\/ru\/tedavilerimiz\/robotik-ve-norolojik-rehabilitasyon\/","title":{"rendered":"\u0420\u043e\u0431\u043e\u0442\u0438\u0437\u0438\u0440\u043e\u0432\u0430\u043d\u043d\u0430\u044f \u0438 \u043d\u0435\u0432\u0440\u043e\u043b\u043e\u0433\u0438\u0447\u0435\u0441\u043a\u0430\u044f \u0440\u0435\u0430\u0431\u0438\u043b\u0438\u0442\u0430\u0446\u0438\u044f"},"content":{"rendered":"<div data-elementor-type=\"wp-page\" data-elementor-id=\"12\" class=\"elementor elementor-12\">\n\t\t\t\t\t\t<div class=\"elementor-section elementor-top-section elementor-element elementor-element-f594e0c elementor-section-boxed elementor-section-height-default elementor-section-height-default\" data-id=\"f594e0c\" data-element_type=\"section\" data-e-type=\"section\">\r\n\t\t\r\n\t\t\t\t\t\t\t<div class=\"elementor-container elementor-column-gap-default\">\r\n\t\t\t\t\t\t\t\t\t\t\t<div class=\"elementor-column elementor-col-100 elementor-top-column elementor-element elementor-element-0ee0179\" data-id=\"0ee0179\" data-element_type=\"column\" data-e-type=\"column\">\r\n\t\t\t\t\t<div class=\"elementor-widget-wrap elementor-element-populated\">\r\n\t\t\t\t\t\t\t\t<div class=\"elementor-element elementor-element-3519e79 depart-box elementor-invisible elementor-widget elementor-widget-porto_info_box\" data-id=\"3519e79\" data-element_type=\"widget\" data-e-type=\"widget\" data-settings=\"{&quot;_animation&quot;:&quot;fadeInUp&quot;,&quot;_animation_delay&quot;:&quot;100&quot;}\" data-widget_type=\"porto_info_box.default\">\n\t\t\t\t\t<div class=\"porto-sicon-box style_1 left-icon\"><div class=\"porto-sicon-left\"><div class=\"porto-just-icon-wrapper porto-sicon-img  porto-icon-d751713988987e9331980363e24189ce\" style=\"\"><img decoding=\"async\" class=\"img-icon\" alt=\"\" src=\"https:\/\/istanbulfiziktedavimerkezi.com\/wp-content\/uploads\/2026\/02\/1-1.png\" width=\"81\" height=\"107\" \/><\/div><\/div><div class=\"porto-sicon-body\"><div class=\"porto-sicon-header\"><h3 class=\"porto-sicon-title\" style=\"\">\u0420\u043e\u0431\u043e\u0442\u0438\u0437\u0438\u0440\u043e\u0432\u0430\u043d\u043d\u0430\u044f \u0438 \u043d\u0435\u0432\u0440\u043e\u043b\u043e\u0433\u0438\u0447\u0435\u0441\u043a\u0430\u044f \u0440\u0435\u0430\u0431\u0438\u043b\u0438\u0442\u0430\u0446\u0438\u044f<\/h3><p >Teknoloji ile Gelece\u011fin Tedavi Standartlar\u0131<\/p><\/div> <!-- header --><div class=\"porto-sicon-description\" style=\"\" ><p class=\"translation-block\">G\u00fcn\u00fcm\u00fcz t\u0131p d\u00fcnyas\u0131nda fizik tedavi ve rehabilitasyon s\u00fcre\u00e7leri, geleneksel manuel y\u00f6ntemlerin \u00f6tesine ge\u00e7erek y\u00fcksek teknolojili sistemlerle evrilmi\u015ftir. <strong>Robotik ve N\u00f6rolojik Rehabilitasyon<\/strong>, merkezi sinir sistemi hasarlar\u0131 sonucunda hareket kabiliyetini kaybetmi\u015f bireyler i\u00e7in geli\u015ftirilmi\u015f, bilimsel temelli ve veri odakl\u0131 bir disiplindir. Bu s\u00fcre\u00e7, hastan\u0131n motor fonksiyonlar\u0131n\u0131 geri kazanmas\u0131n\u0131, g\u00fcnl\u00fck ya\u015famda ba\u011f\u0131ms\u0131zla\u015fmas\u0131n\u0131 ve beyin-v\u00fccut aras\u0131ndaki ileti\u015fimin yeniden kurulmas\u0131n\u0131 hedefler.<\/p><\/div> <!-- description --><\/div><\/div><!-- porto-sicon-box -->\t\t\t\t<\/div>\n\t\t\t\t<div class=\"elementor-element elementor-element-24bef03 elementor-widget elementor-widget-toggle\" data-id=\"24bef03\" data-element_type=\"widget\" data-e-type=\"widget\" data-widget_type=\"toggle.default\">\n\t\t\t\t\t\t\t<div class=\"elementor-toggle\">\n\t\t\t\t\t\t\t<div class=\"elementor-toggle-item\">\n\t\t\t\t\t<div id=\"elementor-tab-title-3851\" class=\"elementor-tab-title\" data-tab=\"1\" role=\"button\" aria-controls=\"elementor-tab-content-3851\" aria-expanded=\"false\">\n\t\t\t\t\t\t\t\t\t\t\t\t<span class=\"elementor-toggle-icon elementor-toggle-icon-left\" aria-hidden=\"true\">\n\t\t\t\t\t\t\t\t\t\t\t\t\t\t\t<span class=\"elementor-toggle-icon-closed\"><svg class=\"e-font-icon-svg e-fas-plus\" viewbox=\"0 0 448 512\" xmlns=\"http:\/\/www.w3.org\/2000\/svg\"><path d=\"M416 208H272V64c0-17.67-14.33-32-32-32h-32c-17.67 0-32 14.33-32 32v144H32c-17.67 0-32 14.33-32 32v32c0 17.67 14.33 32 32 32h144v144c0 17.67 14.33 32 32 32h32c17.67 0 32-14.33 32-32V304h144c17.67 0 32-14.33 32-32v-32c0-17.67-14.33-32-32-32z\"><\/path><\/svg><\/span>\n\t\t\t\t\t\t\t\t<span class=\"elementor-toggle-icon-opened\"><svg class=\"elementor-toggle-icon-opened e-font-icon-svg e-fas-angle-up\" viewbox=\"0 0 320 512\" xmlns=\"http:\/\/www.w3.org\/2000\/svg\"><path d=\"M177 159.7l136 136c9.4 9.4 9.4 24.6 0 33.9l-22.6 22.6c-9.4 9.4-24.6 9.4-33.9 0L160 255.9l-96.4 96.4c-9.4 9.4-24.6 9.4-33.9 0L7 329.7c-9.4-9.4-9.4-24.6 0-33.9l136-136c9.4-9.5 24.6-9.5 34-.1z\"><\/path><\/svg><\/span>\n\t\t\t\t\t\t\t\t\t\t\t\t\t<\/span>\n\t\t\t\t\t\t\t\t\t\t\t\t<a class=\"elementor-toggle-title\" tabindex=\"0\">1. \u0130yile\u015fmenin Temeli: N\u00f6roplastisite<\/a>\n\t\t\t\t\t<\/div>\n\n\t\t\t\t\t<div id=\"elementor-tab-content-3851\" class=\"elementor-tab-content elementor-clearfix\" data-tab=\"1\" role=\"region\" aria-labelledby=\"elementor-tab-title-3851\"><p class=\"translation-block\">Rehabilitasyonun ba\u015far\u0131s\u0131ndaki en kritik fakt\u00f6r, beynin mucizevi kendini yenileme yetene\u011fi olan <strong>N\u00f6roplastisite<\/strong>\u2019dir. Beyin, statik bir yap\u0131 de\u011fildir; aksine, yo\u011fun uyaranlar ve tekrarl\u0131 hareketler sayesinde yeni sinirsel yollar olu\u015fturabilir.<\/p><ul><li class=\"translation-block\"><strong>Sinaptik Yeniden Yap\u0131lanma<\/strong>: Hasar g\u00f6ren n\u00f6ronlar\u0131n yerine sa\u011flam kalan h\u00fccreler g\u00f6rev alabilir. Bu s\u00fcrecin tetiklenmesi i\u00e7in hareketin kusursuz bir formda ve y\u00fcksek say\u0131da tekrar edilmesi \u015fartt\u0131r.<\/li><li class=\"translation-block\"><strong>Robotik M\u00fcdahale<\/strong>: \u0130nsan elinin ula\u015famayaca\u011f\u0131 hassasiyet ve h\u0131zda binlerce tekrar sunan robotik sistemler, beynin bu \u201c\u00f6\u011frenme\u201d s\u00fcrecini konvansiyonel tedavilere oranla \u00e7ok daha h\u0131zl\u0131 ba\u015flat\u0131r.<\/li><\/ul><\/div>\n\t\t\t\t<\/div>\n\t\t\t\t\t\t\t<div class=\"elementor-toggle-item\">\n\t\t\t\t\t<div id=\"elementor-tab-title-3852\" class=\"elementor-tab-title\" data-tab=\"2\" role=\"button\" aria-controls=\"elementor-tab-content-3852\" aria-expanded=\"false\">\n\t\t\t\t\t\t\t\t\t\t\t\t<span class=\"elementor-toggle-icon elementor-toggle-icon-left\" aria-hidden=\"true\">\n\t\t\t\t\t\t\t\t\t\t\t\t\t\t\t<span class=\"elementor-toggle-icon-closed\"><svg class=\"e-font-icon-svg e-fas-plus\" viewbox=\"0 0 448 512\" xmlns=\"http:\/\/www.w3.org\/2000\/svg\"><path d=\"M416 208H272V64c0-17.67-14.33-32-32-32h-32c-17.67 0-32 14.33-32 32v144H32c-17.67 0-32 14.33-32 32v32c0 17.67 14.33 32 32 32h144v144c0 17.67 14.33 32 32 32h32c17.67 0 32-14.33 32-32V304h144c17.67 0 32-14.33 32-32v-32c0-17.67-14.33-32-32-32z\"><\/path><\/svg><\/span>\n\t\t\t\t\t\t\t\t<span class=\"elementor-toggle-icon-opened\"><svg class=\"elementor-toggle-icon-opened e-font-icon-svg e-fas-angle-up\" viewbox=\"0 0 320 512\" xmlns=\"http:\/\/www.w3.org\/2000\/svg\"><path d=\"M177 159.7l136 136c9.4 9.4 9.4 24.6 0 33.9l-22.6 22.6c-9.4 9.4-24.6 9.4-33.9 0L160 255.9l-96.4 96.4c-9.4 9.4-24.6 9.4-33.9 0L7 329.7c-9.4-9.4-9.4-24.6 0-33.9l136-136c9.4-9.5 24.6-9.5 34-.1z\"><\/path><\/svg><\/span>\n\t\t\t\t\t\t\t\t\t\t\t\t\t<\/span>\n\t\t\t\t\t\t\t\t\t\t\t\t<a class=\"elementor-toggle-title\" tabindex=\"0\">2. N\u00f6rolojik Rehabilitasyon: Multidisipliner Bir Yakla\u015f\u0131m<\/a>\n\t\t\t\t\t<\/div>\n\n\t\t\t\t\t<div id=\"elementor-tab-content-3852\" class=\"elementor-tab-content elementor-clearfix\" data-tab=\"2\" role=\"region\" aria-labelledby=\"elementor-tab-title-3852\"><p class=\"translation-block\"><strong>N\u00f6rolojik Rehabilitasyon<\/strong>, sinir sistemini etkileyen her t\u00fcrl\u00fc travma, hastal\u0131k veya dejeneratif s\u00fcre\u00e7 sonras\u0131 uygulanan kapsaml\u0131 bir tedavi program\u0131d\u0131r. Bu s\u00fcre\u00e7 kaslar\u0131 \u00e7al\u0131\u015ft\u0131rman\u0131n yan\u0131nda, beynin v\u00fccut \u00fczerindeki kontrol\u00fcn\u00fc yeniden in\u015fa etmeyi ama\u00e7lar.<\/p><ul><li class=\"translation-block\"><strong>Fonksiyonel \u0130yile\u015fme<\/strong>: Hastan\u0131n sadece fiziksel g\u00fcc\u00fcn\u00fc de\u011fil, koordinasyon ve denge gibi kompleks motor becerilerini de geli\u015ftirmeyi hedefler.<\/li><li class=\"translation-block\"><strong>B\u00fct\u00fcnsel \u0130zleme<\/strong>: Tedavi s\u00fcreci boyunca hastan\u0131n ilerlemesi dijital sens\u00f6rlerle takip edilerek program s\u00fcrekli g\u00fcncellenir.<\/li><\/ul><\/div>\n\t\t\t\t<\/div>\n\t\t\t\t\t\t\t<div class=\"elementor-toggle-item\">\n\t\t\t\t\t<div id=\"elementor-tab-title-3853\" class=\"elementor-tab-title\" data-tab=\"3\" role=\"button\" aria-controls=\"elementor-tab-content-3853\" aria-expanded=\"false\">\n\t\t\t\t\t\t\t\t\t\t\t\t<span class=\"elementor-toggle-icon elementor-toggle-icon-left\" aria-hidden=\"true\">\n\t\t\t\t\t\t\t\t\t\t\t\t\t\t\t<span class=\"elementor-toggle-icon-closed\"><svg class=\"e-font-icon-svg e-fas-plus\" viewbox=\"0 0 448 512\" xmlns=\"http:\/\/www.w3.org\/2000\/svg\"><path d=\"M416 208H272V64c0-17.67-14.33-32-32-32h-32c-17.67 0-32 14.33-32 32v144H32c-17.67 0-32 14.33-32 32v32c0 17.67 14.33 32 32 32h144v144c0 17.67 14.33 32 32 32h32c17.67 0 32-14.33 32-32V304h144c17.67 0 32-14.33 32-32v-32c0-17.67-14.33-32-32-32z\"><\/path><\/svg><\/span>\n\t\t\t\t\t\t\t\t<span class=\"elementor-toggle-icon-opened\"><svg class=\"elementor-toggle-icon-opened e-font-icon-svg e-fas-angle-up\" viewbox=\"0 0 320 512\" xmlns=\"http:\/\/www.w3.org\/2000\/svg\"><path d=\"M177 159.7l136 136c9.4 9.4 9.4 24.6 0 33.9l-22.6 22.6c-9.4 9.4-24.6 9.4-33.9 0L160 255.9l-96.4 96.4c-9.4 9.4-24.6 9.4-33.9 0L7 329.7c-9.4-9.4-9.4-24.6 0-33.9l136-136c9.4-9.5 24.6-9.5 34-.1z\"><\/path><\/svg><\/span>\n\t\t\t\t\t\t\t\t\t\t\t\t\t<\/span>\n\t\t\t\t\t\t\t\t\t\t\t\t<a class=\"elementor-toggle-title\" tabindex=\"0\">3. Robotik Parkurumuzda Tedavi Edilen Hastal\u0131klar<\/a>\n\t\t\t\t\t<\/div>\n\n\t\t\t\t\t<div id=\"elementor-tab-content-3853\" class=\"elementor-tab-content elementor-clearfix\" data-tab=\"3\" role=\"region\" aria-labelledby=\"elementor-tab-title-3853\"><p><strong>Parkinson Rehabilitasyonu<\/strong><\/p><p class=\"translation-block\">Parkinson, dopamin \u00fcreten h\u00fccrelerin kayb\u0131yla karakterize, titreme ve hareket yava\u015fl\u0131\u011f\u0131na yol a\u00e7an bir hastal\u0131kt\u0131r. <strong>Parkinson Rehabilitasyonu<\/strong> s\u00fcrecinde robotik destek \u015fu avantajlar\u0131 sunar:<\/p><ul><li class=\"translation-block\"><strong>Ad\u0131m E\u011fitimi<\/strong>: Hastalar\u0131n y\u00fcr\u00fcy\u00fc\u015f ritmini d\u00fczelterek ad\u0131mlar\u0131n \u201cdonmas\u0131n\u0131\u201d engeller.<\/li><li class=\"translation-block\"><strong>Ritim Kontrol\u00fc<\/strong>: \u0130\u015fitsel ve g\u00f6rsel geri bildirimlerle hastan\u0131n hareket zamanlamas\u0131n\u0131 iyile\u015ftirir.<\/li><li><strong>Denge Rehabilitasyonu <\/strong><\/li><\/ul><p><strong>\u0130nme (Fel\u00e7) Rehabilitasyonu<\/strong><\/p><p class=\"translation-block\">\u0130nme sonras\u0131 olu\u015fan tek tarafl\u0131 fel\u00e7 (hemipleji), zorlu bir iyile\u015fme s\u00fcrecidir. <strong>\u0130nme Rehabilitasyonu<\/strong>, beynin hasar almam\u0131\u015f loblar\u0131n\u0131n kontrol\u00fc devralmas\u0131n\u0131 sa\u011flar ve hasarl\u0131 b\u00f6lgelerdeki iyile\u015fme ile birlikte iyile\u015fme paterninin do\u011fru olmas\u0131 hedeflenir:<\/p><ul><li class=\"translation-block\"><strong>Erken M\u00fcdahale<\/strong>: Fel\u00e7 sonras\u0131 robotik deste\u011fe ne kadar erken ba\u015flan\u0131rsa, iyile\u015fme potansiyeli o kadar artar.<\/li><li class=\"translation-block\"><strong>Simetrik Hareket<\/strong>: Robotik cihazlar, v\u00fccudun fel\u00e7li taraf\u0131n\u0131 sa\u011fl\u0131kl\u0131 taraf\u0131n ritmine uydurarak do\u011fru post\u00fcr\u00fcn korunmas\u0131n\u0131 sa\u011flar.<\/li><\/ul><p><strong>Omurilik Yaralanmas\u0131 Rehabilitasyonu<\/strong><\/p><p class=\"translation-block\">Travma veya cerrahi sonras\u0131 olu\u015fan omurilik hasarlar\u0131, duyusal ve motor kay\u0131plara yol a\u00e7ar. <strong>Omurilik Yaralanmas\u0131 Rehabilitasyonu<\/strong>, hastay\u0131 dikey pozisyona getirerek v\u00fccut dengesini yeniden kurar:<\/p><ul><li class=\"translation-block\"><strong>Mobilite Hedefi<\/strong>: Tekerlekli sandalyeden ba\u011f\u0131ms\u0131zl\u0131\u011fa giden yolda, bacaklar\u0131n y\u00fck ta\u015f\u0131ma kapasitesini art\u0131r\u0131r.<\/li><li class=\"translation-block\"><strong>Sekonder Problemlerin \u00d6nlenmesi<\/strong>: Hareketsizli\u011fe ba\u011fl\u0131 geli\u015fen kemik erimesi ve bas\u0131 yaralar\u0131n\u0131 minimize eder.<\/li><\/ul><p><strong>Pediatrik Rehabilitasyon<\/strong><\/p><p class=\"translation-block\">\u00c7ocukluk d\u00f6neminde g\u00f6r\u00fclen serebral palsi gibi motor bozukluklar, geli\u015fimsel bir yakla\u015f\u0131m gerektirir. <strong>Pediatrik Rehabilitasyon<\/strong> \u00fcnitemiz, \u00e7ocuklar\u0131n anatomik yap\u0131s\u0131na uygun cihazlarla hizmet verir:<\/p><ul><li class=\"translation-block\"><strong>Oyunla\u015ft\u0131r\u0131lm\u0131\u015f Tedavi<\/strong>: \u00c7ocuklar i\u00e7in s\u0131k\u0131c\u0131 egzersizleri birer video oyununa d\u00f6n\u00fc\u015ft\u00fcrerek motivasyonu art\u0131r\u0131r.<\/li><li class=\"translation-block\"><strong>Geli\u015fimsel Adaptasyon<\/strong>: B\u00fcy\u00fcyen kemik ve kas yap\u0131s\u0131n\u0131 destekleyen ergonomik sistemler kullan\u0131l\u0131r.<\/li><\/ul><\/div>\n\t\t\t\t<\/div>\n\t\t\t\t\t\t\t<div class=\"elementor-toggle-item\">\n\t\t\t\t\t<div id=\"elementor-tab-title-3854\" class=\"elementor-tab-title\" data-tab=\"4\" role=\"button\" aria-controls=\"elementor-tab-content-3854\" aria-expanded=\"false\">\n\t\t\t\t\t\t\t\t\t\t\t\t<span class=\"elementor-toggle-icon elementor-toggle-icon-left\" aria-hidden=\"true\">\n\t\t\t\t\t\t\t\t\t\t\t\t\t\t\t<span class=\"elementor-toggle-icon-closed\"><svg class=\"e-font-icon-svg e-fas-plus\" viewbox=\"0 0 448 512\" xmlns=\"http:\/\/www.w3.org\/2000\/svg\"><path d=\"M416 208H272V64c0-17.67-14.33-32-32-32h-32c-17.67 0-32 14.33-32 32v144H32c-17.67 0-32 14.33-32 32v32c0 17.67 14.33 32 32 32h144v144c0 17.67 14.33 32 32 32h32c17.67 0 32-14.33 32-32V304h144c17.67 0 32-14.33 32-32v-32c0-17.67-14.33-32-32-32z\"><\/path><\/svg><\/span>\n\t\t\t\t\t\t\t\t<span class=\"elementor-toggle-icon-opened\"><svg class=\"elementor-toggle-icon-opened e-font-icon-svg e-fas-angle-up\" viewbox=\"0 0 320 512\" xmlns=\"http:\/\/www.w3.org\/2000\/svg\"><path d=\"M177 159.7l136 136c9.4 9.4 9.4 24.6 0 33.9l-22.6 22.6c-9.4 9.4-24.6 9.4-33.9 0L160 255.9l-96.4 96.4c-9.4 9.4-24.6 9.4-33.9 0L7 329.7c-9.4-9.4-9.4-24.6 0-33.9l136-136c9.4-9.5 24.6-9.5 34-.1z\"><\/path><\/svg><\/span>\n\t\t\t\t\t\t\t\t\t\t\t\t\t<\/span>\n\t\t\t\t\t\t\t\t\t\t\t\t<a class=\"elementor-toggle-title\" tabindex=\"0\">4. Rehabilitasyonun Teknik Hedefleri<\/a>\n\t\t\t\t\t<\/div>\n\n\t\t\t\t\t<div id=\"elementor-tab-content-3854\" class=\"elementor-tab-content elementor-clearfix\" data-tab=\"4\" role=\"region\" aria-labelledby=\"elementor-tab-title-3854\"><p><strong>Eklem Hareket A\u00e7\u0131kl\u0131\u011f\u0131n\u0131n \u00c7al\u0131\u015ft\u0131r\u0131lmas\u0131<\/strong><\/p><p class=\"translation-block\">Uzun s\u00fcreli hareketsizlik eklemlerde \u201ckontrakt\u00fcr\u201d denilen donmalara yol a\u00e7ar. <strong>Eklem Hareket A\u00e7\u0131kl\u0131\u011f\u0131n\u0131n \u00c7al\u0131\u015ft\u0131r\u0131lmas\u0131<\/strong>, eklemlerin esnekli\u011fini korumak ve kire\u00e7lenmeyi \u00f6nlemek i\u00e7in yap\u0131lan pasif ve aktif \u00e7al\u0131\u015fmalar\u0131n b\u00fct\u00fcn\u00fcd\u00fcr.<\/p><p><strong>Kas Kuvvetlendirilmesi<\/strong><\/p><p class=\"translation-block\">N\u00f6rolojik hasar sonras\u0131 kaslarda olu\u015fan erimeyi (atrofi) durdurmak i\u00e7in <strong>Kas Kuvvetlendirilmesi<\/strong> \u015fartt\u0131r. Robotik sistemler, kas\u0131n kapasitesine g\u00f6re diren\u00e7 uygulayarak yormadan, g\u00fcvenli bir \u015fekilde g\u00fc\u00e7lenme sa\u011flar.<\/p><p><strong>Denge ve Koordinasyon Rehabilitasyonu<\/strong><\/p><p class=\"translation-block\">Y\u00fcr\u00fcmek sadece bacak hareketi de\u011fil, ayn\u0131 zamanda kompleks bir denge olay\u0131d\u0131r. <strong>Denge Ve Koordinasyon Rehabilitasyonu<\/strong>, hastan\u0131n uzaydaki konumunu alg\u0131lamas\u0131n\u0131 ve ani hareketlerde dengesini kaybetmemesini sa\u011flar.<\/p><\/div>\n\t\t\t\t<\/div>\n\t\t\t\t\t\t\t<div class=\"elementor-toggle-item\">\n\t\t\t\t\t<div id=\"elementor-tab-title-3855\" class=\"elementor-tab-title\" data-tab=\"5\" role=\"button\" aria-controls=\"elementor-tab-content-3855\" aria-expanded=\"false\">\n\t\t\t\t\t\t\t\t\t\t\t\t<span class=\"elementor-toggle-icon elementor-toggle-icon-left\" aria-hidden=\"true\">\n\t\t\t\t\t\t\t\t\t\t\t\t\t\t\t<span class=\"elementor-toggle-icon-closed\"><svg class=\"e-font-icon-svg e-fas-plus\" viewbox=\"0 0 448 512\" xmlns=\"http:\/\/www.w3.org\/2000\/svg\"><path d=\"M416 208H272V64c0-17.67-14.33-32-32-32h-32c-17.67 0-32 14.33-32 32v144H32c-17.67 0-32 14.33-32 32v32c0 17.67 14.33 32 32 32h144v144c0 17.67 14.33 32 32 32h32c17.67 0 32-14.33 32-32V304h144c17.67 0 32-14.33 32-32v-32c0-17.67-14.33-32-32-32z\"><\/path><\/svg><\/span>\n\t\t\t\t\t\t\t\t<span class=\"elementor-toggle-icon-opened\"><svg class=\"elementor-toggle-icon-opened e-font-icon-svg e-fas-angle-up\" viewbox=\"0 0 320 512\" xmlns=\"http:\/\/www.w3.org\/2000\/svg\"><path d=\"M177 159.7l136 136c9.4 9.4 9.4 24.6 0 33.9l-22.6 22.6c-9.4 9.4-24.6 9.4-33.9 0L160 255.9l-96.4 96.4c-9.4 9.4-24.6 9.4-33.9 0L7 329.7c-9.4-9.4-9.4-24.6 0-33.9l136-136c9.4-9.5 24.6-9.5 34-.1z\"><\/path><\/svg><\/span>\n\t\t\t\t\t\t\t\t\t\t\t\t\t<\/span>\n\t\t\t\t\t\t\t\t\t\t\t\t<a class=\"elementor-toggle-title\" tabindex=\"0\">5. \u0130leri Teknoloji Cihazlar\u0131m\u0131z<\/a>\n\t\t\t\t\t<\/div>\n\n\t\t\t\t\t<div id=\"elementor-tab-content-3855\" class=\"elementor-tab-content elementor-clearfix\" data-tab=\"5\" role=\"region\" aria-labelledby=\"elementor-tab-title-3855\"><p>Merkezimizdeki teknolojik altyap\u0131, rehabilitasyonun her evresi i\u00e7in \u00f6zelle\u015fmi\u015ftir:<\/p><ol><li class=\"translation-block\"><strong>Erken D\u00f6nem Mobilizasyon Robotik Yata\u011f\u0131<\/strong>: Hen\u00fcz aya\u011fa kalkamayan hastalar\u0131 kontroll\u00fc bir \u015fekilde dikey pozisyona getirir. Bu s\u00fcre\u00e7te hastan\u0131n bacaklar\u0131na uygulanan pasif ad\u0131m hareketleri, beyni s\u00fcrekli uyar\u0131r ve dola\u015f\u0131m\u0131 d\u00fczenler.<\/li><li class=\"translation-block\"><strong>Y\u00fcr\u00fcme Robotu (Exoskeleton)<\/strong>: Hastan\u0131n v\u00fccuduna giydirilen bu d\u0131\u015f iskelet, y\u00fcr\u00fcme yetisini tamamen kaybetmi\u015f bireylere bile aya\u011fa kalk\u0131p ad\u0131m atma imkan\u0131 sa\u011flar. Do\u011fal y\u00fcr\u00fcme paternini birebir kopyalar. Hangi baca\u011fa ne kadar y\u00fck uyguland\u0131\u011f\u0131 da g\u00f6r\u00fclebildi\u011finden dengenin d\u00fczenlenmesinde de \u00f6nemli rol oynar.<\/li><li class=\"translation-block\"><strong>Omuz-Kol Robotu<\/strong>: \u00dcst ekstremite (kol ve el) rehabilitasyonu i\u00e7in kullan\u0131l\u0131r. Uzanma, tutma ve ta\u015f\u0131ma gibi g\u00fcnl\u00fck ya\u015fam aktivitelerini sim\u00fcle ederek motor becerileri geli\u015ftirir ve bunu e\u011flenceli bilgisayar oyunlar\u0131 e\u015fli\u011finde yapma imkan\u0131 sunar.<\/li><\/ol><\/div>\n\t\t\t\t<\/div>\n\t\t\t\t\t\t\t\t<\/div>\n\t\t\t\t\t\t<\/div>\n\t\t\t\t\t<\/div>\r\n\t\t\t\t<\/div>\r\n\t\t\t\t\t<\/div>\r\n\t\t\t\t<\/div>\r\n\t\t\t\t<\/div>","protected":false},"excerpt":{"rendered":"<p>Robotik Ve N\u00f6rolojik Rehabilitasyon Teknoloji ile Gelece\u011fin Tedavi Standartlar\u0131 G\u00fcn\u00fcm\u00fcz t\u0131p d\u00fcnyas\u0131nda fizik tedavi ve rehabilitasyon s\u00fcre\u00e7leri, geleneksel manuel y\u00f6ntemlerin \u00f6tesine ge\u00e7erek y\u00fcksek teknolojili sistemlerle evrilmi\u015ftir. Robotik ve N\u00f6rolojik Rehabilitasyon, merkezi sinir sistemi hasarlar\u0131 sonucunda hareket kabiliyetini kaybetmi\u015f bireyler i\u00e7in geli\u015ftirilmi\u015f, bilimsel temelli ve veri odakl\u0131 bir disiplindir. Bu s\u00fcre\u00e7, hastan\u0131n motor fonksiyonlar\u0131n\u0131 geri kazanmas\u0131n\u0131, [&hellip;]<\/p>\n","protected":false},"author":1,"featured_media":0,"parent":9,"menu_order":0,"comment_status":"closed","ping_status":"closed","template":"","meta":{"footnotes":""},"class_list":["post-12","page","type-page","status-publish","hentry"],"_links":{"self":[{"href":"https:\/\/istanbulfiziktedavimerkezi.com\/ru\/wp-json\/wp\/v2\/pages\/12","targetHints":{"allow":["GET"]}}],"collection":[{"href":"https:\/\/istanbulfiziktedavimerkezi.com\/ru\/wp-json\/wp\/v2\/pages"}],"about":[{"href":"https:\/\/istanbulfiziktedavimerkezi.com\/ru\/wp-json\/wp\/v2\/types\/page"}],"author":[{"embeddable":true,"href":"https:\/\/istanbulfiziktedavimerkezi.com\/ru\/wp-json\/wp\/v2\/users\/1"}],"replies":[{"embeddable":true,"href":"https:\/\/istanbulfiziktedavimerkezi.com\/ru\/wp-json\/wp\/v2\/comments?post=12"}],"version-history":[{"count":14,"href":"https:\/\/istanbulfiziktedavimerkezi.com\/ru\/wp-json\/wp\/v2\/pages\/12\/revisions"}],"predecessor-version":[{"id":2418,"href":"https:\/\/istanbulfiziktedavimerkezi.com\/ru\/wp-json\/wp\/v2\/pages\/12\/revisions\/2418"}],"up":[{"embeddable":true,"href":"https:\/\/istanbulfiziktedavimerkezi.com\/ru\/wp-json\/wp\/v2\/pages\/9"}],"wp:attachment":[{"href":"https:\/\/istanbulfiziktedavimerkezi.com\/ru\/wp-json\/wp\/v2\/media?parent=12"}],"curies":[{"name":"wp","href":"https:\/\/api.w.org\/{rel}","templated":true}]}}