{"id":11,"date":"2016-09-26T02:09:55","date_gmt":"2016-09-26T02:09:55","guid":{"rendered":"http:\/\/sw-themes.com\/porto_dummy\/?page_id=11"},"modified":"2026-04-07T19:28:43","modified_gmt":"2026-04-07T16:28:43","slug":"osteoporoz-tedavisi-ve-rehabilitasyonu","status":"publish","type":"page","link":"https:\/\/istanbulfiziktedavimerkezi.com\/ru\/tedavilerimiz\/osteoporoz-tedavisi-ve-rehabilitasyonu\/","title":{"rendered":"\u041b\u0435\u0447\u0435\u043d\u0438\u0435 \u0438 \u0440\u0435\u0430\u0431\u0438\u043b\u0438\u0442\u0430\u0446\u0438\u044f \u043f\u0440\u0438 \u043e\u0441\u0442\u0435\u043e\u043f\u043e\u0440\u043e\u0437\u0435"},"content":{"rendered":"<div data-elementor-type=\"wp-page\" data-elementor-id=\"11\" class=\"elementor elementor-11\">\n\t\t\t\t\t\t<div class=\"elementor-section elementor-top-section elementor-element elementor-element-abbf876 elementor-section-boxed elementor-section-height-default elementor-section-height-default\" data-id=\"abbf876\" data-element_type=\"section\" data-e-type=\"section\">\r\n\t\t\r\n\t\t\t\t\t\t\t<div class=\"elementor-container elementor-column-gap-default\">\r\n\t\t\t\t\t\t\t\t\t\t\t<div class=\"elementor-column elementor-col-100 elementor-top-column elementor-element elementor-element-01847a3\" data-id=\"01847a3\" data-element_type=\"column\" data-e-type=\"column\">\r\n\t\t\t\t\t<div class=\"elementor-widget-wrap elementor-element-populated\">\r\n\t\t\t\t\t\t\t\t<div class=\"elementor-element elementor-element-bea64c2 depart-box elementor-invisible elementor-widget elementor-widget-porto_info_box\" data-id=\"bea64c2\" data-element_type=\"widget\" data-e-type=\"widget\" data-settings=\"{&quot;_animation&quot;:&quot;fadeInUp&quot;,&quot;_animation_delay&quot;:&quot;100&quot;}\" data-widget_type=\"porto_info_box.default\">\n\t\t\t\t\t<div class=\"porto-sicon-box style_1 left-icon\"><div class=\"porto-sicon-left\"><div class=\"porto-just-icon-wrapper porto-sicon-img  porto-icon-d751713988987e9331980363e24189ce\" style=\"\"><img decoding=\"async\" class=\"img-icon\" alt=\"\" src=\"https:\/\/istanbulfiziktedavimerkezi.com\/wp-content\/uploads\/2026\/02\/6.png\" width=\"81\" height=\"107\" \/><\/div><\/div><div class=\"porto-sicon-body\"><div class=\"porto-sicon-header\"><h3 class=\"porto-sicon-title\" style=\"\">\u041b\u0435\u0447\u0435\u043d\u0438\u0435 \u0438 \u0440\u0435\u0430\u0431\u0438\u043b\u0438\u0442\u0430\u0446\u0438\u044f \u043f\u0440\u0438 \u043e\u0441\u0442\u0435\u043e\u043f\u043e\u0440\u043e\u0437\u0435<\/h3><p >\u0421\u043e\u0445\u0440\u0430\u043d\u0435\u043d\u0438\u0435 \u043a\u043e\u0441\u0442\u043d\u043e\u0439 \u0441\u0442\u0440\u0443\u043a\u0442\u0443\u0440\u044b<\/p><\/div> <!-- header --><div class=\"porto-sicon-description\" style=\"\" ><p class=\"translation-block\"><strong>\u041e\u0441\u0442\u0435\u043e\u043f\u043e\u0440\u043e\u0437<\/strong> \u2014 \u044d\u0442\u043e \u0441\u0438\u0441\u0442\u0435\u043c\u043d\u043e\u0435 \u0437\u0430\u0431\u043e\u043b\u0435\u0432\u0430\u043d\u0438\u0435, \u0445\u0430\u0440\u0430\u043a\u0442\u0435\u0440\u0438\u0437\u0443\u044e\u0449\u0435\u0435\u0441\u044f \u0443\u043c\u0435\u043d\u044c\u0448\u0435\u043d\u0438\u0435\u043c \u043a\u043e\u0441\u0442\u043d\u043e\u0439 \u043c\u0430\u0441\u0441\u044b \u0438 \u0443\u0445\u0443\u0434\u0448\u0435\u043d\u0438\u0435\u043c \u043a\u0430\u0447\u0435\u0441\u0442\u0432\u0430 \u043a\u043e\u0441\u0442\u0438, \u043a\u043e\u0442\u043e\u0440\u043e\u0435 \u043f\u043e\u0432\u044b\u0448\u0430\u0435\u0442 \u0440\u0438\u0441\u043a \u043f\u0435\u0440\u0435\u043b\u043e\u043c\u043e\u0432. \u042d\u0442\u043e \u0437\u0430\u0431\u043e\u043b\u0435\u0432\u0430\u043d\u0438\u0435, \u043a\u043e\u0442\u043e\u0440\u043e\u0435 \u043d\u0430\u0437\u044b\u0432\u0430\u044e\u0442 \u00ab\u0442\u0438\u0445\u0438\u043c \u0432\u043e\u0440\u043e\u043c\u00bb, \u043e\u0431\u044b\u0447\u043d\u043e \u043f\u0440\u043e\u0442\u0435\u043a\u0430\u0435\u0442 \u0431\u0435\u0437 \u0441\u0438\u043c\u043f\u0442\u043e\u043c\u043e\u0432 \u0434\u043e \u0442\u0435\u0445 \u043f\u043e\u0440, \u043f\u043e\u043a\u0430 \u043d\u0435 \u043f\u0440\u043e\u0438\u0437\u043e\u0439\u0434\u0435\u0442 \u043f\u0435\u0440\u0435\u043b\u043e\u043c.<\/p><\/div> <!-- description --><\/div><\/div><!-- porto-sicon-box -->\t\t\t\t<\/div>\n\t\t\t\t<div class=\"elementor-element elementor-element-87787e7 elementor-widget elementor-widget-toggle\" data-id=\"87787e7\" data-element_type=\"widget\" data-e-type=\"widget\" data-widget_type=\"toggle.default\">\n\t\t\t\t\t\t\t<div class=\"elementor-toggle\">\n\t\t\t\t\t\t\t<div class=\"elementor-toggle-item\">\n\t\t\t\t\t<div id=\"elementor-tab-title-1421\" class=\"elementor-tab-title\" data-tab=\"1\" role=\"button\" aria-controls=\"elementor-tab-content-1421\" aria-expanded=\"false\">\n\t\t\t\t\t\t\t\t\t\t\t\t<span class=\"elementor-toggle-icon elementor-toggle-icon-left\" aria-hidden=\"true\">\n\t\t\t\t\t\t\t\t\t\t\t\t\t\t\t<span class=\"elementor-toggle-icon-closed\"><svg class=\"e-font-icon-svg e-fas-plus\" viewbox=\"0 0 448 512\" xmlns=\"http:\/\/www.w3.org\/2000\/svg\"><path d=\"M416 208H272V64c0-17.67-14.33-32-32-32h-32c-17.67 0-32 14.33-32 32v144H32c-17.67 0-32 14.33-32 32v32c0 17.67 14.33 32 32 32h144v144c0 17.67 14.33 32 32 32h32c17.67 0 32-14.33 32-32V304h144c17.67 0 32-14.33 32-32v-32c0-17.67-14.33-32-32-32z\"><\/path><\/svg><\/span>\n\t\t\t\t\t\t\t\t<span class=\"elementor-toggle-icon-opened\"><svg class=\"elementor-toggle-icon-opened e-font-icon-svg e-fas-angle-up\" viewbox=\"0 0 320 512\" xmlns=\"http:\/\/www.w3.org\/2000\/svg\"><path d=\"M177 159.7l136 136c9.4 9.4 9.4 24.6 0 33.9l-22.6 22.6c-9.4 9.4-24.6 9.4-33.9 0L160 255.9l-96.4 96.4c-9.4 9.4-24.6 9.4-33.9 0L7 329.7c-9.4-9.4-9.4-24.6 0-33.9l136-136c9.4-9.5 24.6-9.5 34-.1z\"><\/path><\/svg><\/span>\n\t\t\t\t\t\t\t\t\t\t\t\t\t<\/span>\n\t\t\t\t\t\t\t\t\t\t\t\t<a class=\"elementor-toggle-title\" tabindex=\"0\">\u0414\u0438\u0430\u0433\u043d\u043e\u0441\u0442\u0438\u043a\u0430, \u0441\u043a\u0440\u0438\u043d\u0438\u043d\u0433 \u0438 \u043c\u0435\u0434\u0438\u0446\u0438\u043d\u0441\u043a\u043e\u0435 \u0432\u0435\u0434\u0435\u043d\u0438\u0435<\/a>\n\t\t\t\t\t<\/div>\n\n\t\t\t\t\t<div id=\"elementor-tab-content-1421\" class=\"elementor-tab-content elementor-clearfix\" data-tab=\"1\" role=\"region\" aria-labelledby=\"elementor-tab-title-1421\"><p>\u0421\u043e\u0432\u0440\u0435\u043c\u0435\u043d\u043d\u043e\u0435 \u043b\u0435\u0447\u0435\u043d\u0438\u0435 \u043e\u0441\u0442\u0435\u043e\u043f\u043e\u0440\u043e\u0437\u0430 \u043e\u0441\u043d\u043e\u0432\u0430\u043d\u043e \u043d\u0430 \u0432\u044b\u044f\u0432\u043b\u0435\u043d\u0438\u0438 \u0440\u0438\u0441\u043a\u043e\u0432 \u0434\u043e \u0442\u043e\u0433\u043e, \u043a\u0430\u043a \u043e\u043d\u0438 \u043c\u0430\u0442\u0435\u0440\u0438\u0430\u043b\u0438\u0437\u0443\u044e\u0442\u0441\u044f.<\/p><ul><li class=\"translation-block\"><strong>\u0414\u0438\u0430\u0433\u043d\u043e\u0441\u0442\u0438\u043a\u0430 \u043e\u0441\u0442\u0435\u043e\u043f\u043e\u0440\u043e\u0437\u0430 \u0438 \u0441\u043a\u0440\u0438\u043d\u0438\u043d\u0433\u043e\u0432\u044b\u0435 \u0442\u0435\u0441\u0442\u044b<\/strong>: \u041c\u0438\u043d\u0435\u0440\u0430\u043b\u044c\u043d\u0430\u044f \u043f\u043b\u043e\u0442\u043d\u043e\u0441\u0442\u044c \u043a\u043e\u0441\u0442\u0438 (\u041c\u041f\u041a) \u0438\u0437\u043c\u0435\u0440\u044f\u0435\u0442\u0441\u044f \u0441 \u043f\u043e\u043c\u043e\u0449\u044c\u044e \u0430\u043f\u043f\u0430\u0440\u0430\u0442\u0430 QCT. \u041d\u0430 \u043e\u0441\u043d\u043e\u0432\u0430\u043d\u0438\u0438 \u0437\u043d\u0430\u0447\u0435\u043d\u0438\u0439 T-\u0441\u043a\u043e\u0440\u0430 \u0441\u0442\u0430\u0432\u0438\u0442\u0441\u044f \u0434\u0438\u0430\u0433\u043d\u043e\u0437 \u043e\u0441\u0442\u0435\u043e\u043f\u043e\u0440\u043e\u0437\u0430 \u0438\u043b\u0438 \u043e\u0441\u0442\u0435\u043e\u043f\u0435\u043d\u0438\u0438. \u041a\u0440\u043e\u043c\u0435 \u0442\u043e\u0433\u043e, \u0441 \u043f\u043e\u043c\u043e\u0449\u044c\u044e \u0442\u0430\u043a\u0438\u0445 \u0438\u043d\u0441\u0442\u0440\u0443\u043c\u0435\u043d\u0442\u043e\u0432, \u043a\u0430\u043a FRAX, \u0440\u0430\u0441\u0441\u0447\u0438\u0442\u044b\u0432\u0430\u0435\u0442\u0441\u044f 10-\u043b\u0435\u0442\u043d\u0438\u0439 \u0440\u0438\u0441\u043a \u043f\u0435\u0440\u0435\u043b\u043e\u043c\u043e\u0432 \u0443 \u043f\u0430\u0446\u0438\u0435\u043d\u0442\u0430.<\/li><li class=\"translation-block\"><strong>\u0421\u043a\u0440\u0438\u043d\u0438\u043d\u0433 \u043d\u0430 \u043e\u0441\u0442\u0435\u043e\u043f\u043e\u0440\u043e\u0437<\/strong>: \u041f\u0440\u043e\u0432\u043e\u0434\u0438\u0442\u0441\u044f \u0441\u043a\u0440\u0438\u043d\u0438\u043d\u0433 \u0433\u0440\u0443\u043f\u043f \u0440\u0438\u0441\u043a\u0430 \u043d\u0430 \u043e\u0441\u0442\u0435\u043e\u043f\u043e\u0440\u043e\u0437 \u0438 \u0440\u0430\u0441\u0441\u0447\u0438\u0442\u044b\u0432\u0430\u0435\u0442\u0441\u044f \u0432\u0435\u0440\u043e\u044f\u0442\u043d\u043e\u0441\u0442\u044c \u043f\u0435\u0440\u0435\u043b\u043e\u043c\u043e\u0432.<\/li><li><strong>\u041c\u0435\u0434\u0438\u0446\u0438\u043d\u0441\u043a\u043e\u0435 \u043b\u0435\u0447\u0435\u043d\u0438\u0435 \u0432 \u0437\u0430\u0432\u0438\u0441\u0438\u043c\u043e\u0441\u0442\u0438 \u043e\u0442 \u0432\u043e\u0437\u0440\u0430\u0441\u0442\u043d\u043e\u0439 \u0433\u0440\u0443\u043f\u043f\u044b<\/strong>: Tedavi protokol\u00fc dinamiktir.<ul><li class=\"translation-block\"><strong>\u0423 \u043c\u043e\u043b\u043e\u0434\u044b\u0445 \u043b\u044e\u0434\u0435\u0439<\/strong>: \u041a\u0430\u043a \u043f\u0440\u0430\u0432\u0438\u043b\u043e, \u0432\u044b\u044f\u0441\u043d\u044f\u044e\u0442\u0441\u044f \u0432\u0442\u043e\u0440\u0438\u0447\u043d\u044b\u0435 \u043f\u0440\u0438\u0447\u0438\u043d\u044b (\u043b\u0435\u043a\u0430\u0440\u0441\u0442\u0432\u0435\u043d\u043d\u044b\u0435 \u043f\u0440\u0435\u043f\u0430\u0440\u0430\u0442\u044b, \u0433\u043e\u0440\u043c\u043e\u043d\u0430\u043b\u044c\u043d\u044b\u0435 \u043d\u0430\u0440\u0443\u0448\u0435\u043d\u0438\u044f).<\/li><li class=\"translation-block\"><strong>\u0423 \u0436\u0435\u043d\u0449\u0438\u043d \u0432 \u043f\u043e\u0441\u0442\u043c\u0435\u043d\u043e\u043f\u0430\u0443\u0437\u0435<\/strong>: \u041d\u0430 \u043f\u0435\u0440\u0432\u044b\u0439 \u043f\u043b\u0430\u043d \u0432\u044b\u0445\u043e\u0434\u044f\u0442 \u0430\u043d\u0442\u0438\u0440\u0435\u0437\u043e\u0440\u0431\u0442\u0438\u0432\u043d\u044b\u0435 \u043f\u0440\u0435\u043f\u0430\u0440\u0430\u0442\u044b, \u0441\u043f\u043e\u0441\u043e\u0431\u043d\u044b\u0435 \u043e\u0441\u0442\u0430\u043d\u043e\u0432\u0438\u0442\u044c \u0431\u044b\u0441\u0442\u0440\u044b\u0439 \u0440\u0430\u0441\u043f\u0430\u0434 \u043a\u043e\u0441\u0442\u043d\u043e\u0439 \u0442\u043a\u0430\u043d\u0438, \u0441\u0432\u044f\u0437\u0430\u043d\u043d\u044b\u0439 \u0441 \u043f\u043e\u0442\u0435\u0440\u0435\u0439 \u044d\u0441\u0442\u0440\u043e\u0433\u0435\u043d\u0430.<\/li><li class=\"translation-block\"><strong>\u0412 \u043f\u043e\u0436\u0438\u043b\u043e\u043c \u0432\u043e\u0437\u0440\u0430\u0441\u0442\u0435<\/strong>: \u041a\u043e\u043c\u043f\u043b\u0435\u043a\u0441\u043d\u044b\u0435 \u043f\u043e\u0434\u0445\u043e\u0434\u044b, \u043a\u043e\u0442\u043e\u0440\u044b\u0435 \u043e\u0434\u043d\u043e\u0432\u0440\u0435\u043c\u0435\u043d\u043d\u043e \u0441\u043f\u043e\u0441\u043e\u0431\u0441\u0442\u0432\u0443\u044e\u0442 \u0444\u043e\u0440\u043c\u0438\u0440\u043e\u0432\u0430\u043d\u0438\u044e \u043a\u043e\u0441\u0442\u043d\u043e\u0439 \u0442\u043a\u0430\u043d\u0438 \u0438 \u0437\u0430\u043c\u0435\u0434\u043b\u044f\u044e\u0442 \u0435\u0451 \u0440\u0430\u0437\u0440\u0443\u0448\u0435\u043d\u0438\u0435, \u0434\u043e\u043f\u043e\u043b\u043d\u044f\u044e\u0442\u0441\u044f \u043f\u0440\u0438\u0435\u043c\u043e\u043c \u043a\u0430\u043b\u044c\u0446\u0438\u044f \u0438 \u0432\u0438\u0442\u0430\u043c\u0438\u043d\u0430 D.<\/li><\/ul><\/li><\/ul><\/div>\n\t\t\t\t<\/div>\n\t\t\t\t\t\t\t<div class=\"elementor-toggle-item\">\n\t\t\t\t\t<div id=\"elementor-tab-title-1422\" class=\"elementor-tab-title\" data-tab=\"2\" role=\"button\" aria-controls=\"elementor-tab-content-1422\" aria-expanded=\"false\">\n\t\t\t\t\t\t\t\t\t\t\t\t<span class=\"elementor-toggle-icon elementor-toggle-icon-left\" aria-hidden=\"true\">\n\t\t\t\t\t\t\t\t\t\t\t\t\t\t\t<span class=\"elementor-toggle-icon-closed\"><svg class=\"e-font-icon-svg e-fas-plus\" viewbox=\"0 0 448 512\" xmlns=\"http:\/\/www.w3.org\/2000\/svg\"><path d=\"M416 208H272V64c0-17.67-14.33-32-32-32h-32c-17.67 0-32 14.33-32 32v144H32c-17.67 0-32 14.33-32 32v32c0 17.67 14.33 32 32 32h144v144c0 17.67 14.33 32 32 32h32c17.67 0 32-14.33 32-32V304h144c17.67 0 32-14.33 32-32v-32c0-17.67-14.33-32-32-32z\"><\/path><\/svg><\/span>\n\t\t\t\t\t\t\t\t<span class=\"elementor-toggle-icon-opened\"><svg class=\"elementor-toggle-icon-opened e-font-icon-svg e-fas-angle-up\" viewbox=\"0 0 320 512\" xmlns=\"http:\/\/www.w3.org\/2000\/svg\"><path d=\"M177 159.7l136 136c9.4 9.4 9.4 24.6 0 33.9l-22.6 22.6c-9.4 9.4-24.6 9.4-33.9 0L160 255.9l-96.4 96.4c-9.4 9.4-24.6 9.4-33.9 0L7 329.7c-9.4-9.4-9.4-24.6 0-33.9l136-136c9.4-9.5 24.6-9.5 34-.1z\"><\/path><\/svg><\/span>\n\t\t\t\t\t\t\t\t\t\t\t\t\t<\/span>\n\t\t\t\t\t\t\t\t\t\t\t\t<a class=\"elementor-toggle-title\" tabindex=\"0\">\u0418\u043d\u0434\u0438\u0432\u0438\u0434\u0443\u0430\u043b\u044c\u043d\u0430\u044f \u0440\u0435\u0430\u0431\u0438\u043b\u0438\u0442\u0430\u0446\u0438\u044f \u0438 \u043f\u0440\u043e\u0444\u0438\u043b\u0430\u043a\u0442\u0438\u0447\u0435\u0441\u043a\u0438\u0435 \u0443\u043f\u0440\u0430\u0436\u043d\u0435\u043d\u0438\u044f <\/a>\n\t\t\t\t\t<\/div>\n\n\t\t\t\t\t<div id=\"elementor-tab-content-1422\" class=\"elementor-tab-content elementor-clearfix\" data-tab=\"2\" role=\"region\" aria-labelledby=\"elementor-tab-title-1422\"><p>\u041a\u043e\u0441\u0442\u044c \u2014 \u044d\u0442\u043e \u0436\u0438\u0432\u0430\u044f \u0442\u043a\u0430\u043d\u044c, \u043a\u043e\u0442\u043e\u0440\u0430\u044f \u0440\u0435\u0430\u0433\u0438\u0440\u0443\u0435\u0442 \u043d\u0430 \u043d\u0430\u0433\u0440\u0443\u0437\u043a\u0443, \u00ab\u0443\u043a\u0440\u0435\u043f\u043b\u044f\u044f\u0441\u044c\u00bb (\u0437\u0430\u043a\u043e\u043d \u0412\u043e\u043b\u044c\u0444\u0430).<\/p><ul><li class=\"translation-block\"><strong>\u0423\u043f\u0440\u0430\u0436\u043d\u0435\u043d\u0438\u044f, \u043d\u0430\u043f\u0440\u0430\u0432\u043b\u0435\u043d\u043d\u044b\u0435 \u043d\u0430 \u0437\u0430\u043c\u0435\u0434\u043b\u0435\u043d\u0438\u0435 \u043f\u043e\u0442\u0435\u0440\u0438 \u043a\u043e\u0441\u0442\u043d\u043e\u0439 \u043c\u0430\u0441\u0441\u044b<\/strong>: \u0423\u043f\u0440\u0430\u0436\u043d\u0435\u043d\u0438\u044f \u0441 \u043f\u0435\u0440\u0435\u043d\u043e\u0441\u043e\u043c \u0432\u0435\u0441\u0430 \u0438 \u0441\u043e\u043f\u0440\u043e\u0442\u0438\u0432\u043b\u0435\u043d\u0438\u0435\u043c, \u0441\u043e\u0437\u0434\u0430\u044e\u0449\u0438\u0435 \u043a\u043e\u043d\u0442\u0440\u043e\u043b\u0438\u0440\u0443\u0435\u043c\u0443\u044e \u043d\u0430\u0433\u0440\u0443\u0437\u043a\u0443 \u043d\u0430 \u043a\u043e\u0441\u0442\u0438, \u0441\u0442\u0438\u043c\u0443\u043b\u0438\u0440\u0443\u044e\u0442 \u043a\u043e\u0441\u0442\u043d\u043e\u0435 \u043e\u0431\u0440\u0430\u0437\u043e\u0432\u0430\u043d\u0438\u0435 (\u0430\u043a\u0442\u0438\u0432\u043d\u043e\u0441\u0442\u044c \u043e\u0441\u0442\u0435\u043e\u0431\u043b\u0430\u0441\u0442\u043e\u0432).<\/li><li class=\"translation-block\"><strong>\u0418\u043d\u0434\u0438\u0432\u0438\u0434\u0443\u0430\u043b\u044c\u043d\u0430\u044f \u043f\u0440\u043e\u0433\u0440\u0430\u043c\u043c\u0430<\/strong>: \u0420\u0430\u0437\u0440\u0430\u0431\u0430\u0442\u044b\u0432\u0430\u0435\u0442\u0441\u044f \u0441 \u0443\u0447\u0435\u0442\u043e\u043c \u0442\u0435\u043a\u0443\u0449\u0435\u0433\u043e \u0440\u0438\u0441\u043a\u0430 \u043f\u0435\u0440\u0435\u043b\u043e\u043c\u043e\u0432 \u0443 \u043f\u0430\u0446\u0438\u0435\u043d\u0442\u0430 (\u043d\u0430\u043f\u0440\u0438\u043c\u0435\u0440, \u043f\u0430\u0446\u0438\u0435\u043d\u0442\u0443 \u0441 \u043a\u043e\u043c\u043f\u0440\u0435\u0441\u0441\u0438\u043e\u043d\u043d\u044b\u043c \u043f\u0435\u0440\u0435\u043b\u043e\u043c\u043e\u043c \u043f\u043e\u0437\u0432\u043e\u043d\u043e\u0447\u043d\u0438\u043a\u0430 \u0437\u0430\u043f\u0440\u0435\u0449\u0430\u044e\u0442\u0441\u044f \u043d\u0430\u043a\u043b\u043e\u043d\u044b \u0432\u043f\u0435\u0440\u0435\u0434) \u0432 \u0440\u0430\u043c\u043a\u0430\u0445 \u0431\u0435\u0437\u043e\u043f\u0430\u0441\u043d\u044b\u0445 \u043e\u0433\u0440\u0430\u043d\u0438\u0447\u0435\u043d\u0438\u0439.<\/li><li class=\"translation-block\"><strong>\u0420\u0430\u0432\u043d\u043e\u0432\u0435\u0441\u0438\u0435 \u0438 \u043f\u0440\u043e\u0444\u0438\u043b\u0430\u043a\u0442\u0438\u043a\u0430 \u043f\u0430\u0434\u0435\u043d\u0438\u0439<\/strong>: \u0421\u0430\u043c\u0430\u044f \u0431\u043e\u043b\u044c\u0448\u0430\u044f \u043e\u043f\u0430\u0441\u043d\u043e\u0441\u0442\u044c, \u0441\u0432\u044f\u0437\u0430\u043d\u043d\u0430\u044f \u0441 \u043e\u0441\u0442\u0435\u043e\u043f\u043e\u0440\u043e\u0437\u043e\u043c, \u2014 \u044d\u0442\u043e \u043f\u0430\u0434\u0435\u043d\u0438\u044f. \u0411\u043b\u0430\u0433\u043e\u0434\u0430\u0440\u044f \u0443\u043f\u0440\u0430\u0436\u043d\u0435\u043d\u0438\u044f\u043c \u043d\u0430 \u0441\u0442\u0430\u0431\u0438\u043b\u0438\u0437\u0430\u0446\u0438\u044e \u0442\u0443\u043b\u043e\u0432\u0438\u0449\u0430 \u0438 \u0440\u0430\u0437\u0432\u0438\u0442\u0438\u0435 \u0440\u0430\u0432\u043d\u043e\u0432\u0435\u0441\u0438\u044f \u0440\u0438\u0441\u043a \u043f\u0430\u0434\u0435\u043d\u0438\u0439 \u0443 \u043f\u0430\u0446\u0438\u0435\u043d\u0442\u0430, \u0430 \u0437\u043d\u0430\u0447\u0438\u0442, \u0438 \u0440\u0438\u0441\u043a \u043f\u0435\u0440\u0435\u043b\u043e\u043c\u0430 \u0448\u0435\u0439\u043a\u0438 \u0431\u0435\u0434\u0440\u0430, \u0441\u0432\u043e\u0434\u044f\u0442\u0441\u044f \u043a \u043c\u0438\u043d\u0438\u043c\u0443\u043c\u0443.<\/li><\/ul><\/div>\n\t\t\t\t<\/div>\n\t\t\t\t\t\t\t\t<\/div>\n\t\t\t\t\t\t<\/div>\n\t\t\t\t\t<\/div>\r\n\t\t\t\t<\/div>\r\n\t\t\t\t\t<\/div>\r\n\t\t\t\t<\/div>\r\n\t\t\t\t<\/div>","protected":false},"excerpt":{"rendered":"<p>Osteoporoz Tedavisi ve Rehabilitasyonu Kemik Mimarisini Korumak Osteoporoz, kemik k\u00fctlesinin azalmas\u0131 ve kemik kalitesinin bozulmas\u0131yla karakterize, k\u0131r\u0131k riskini art\u0131ran sistemik bir hastal\u0131kt\u0131r. &#8220;Sessiz h\u0131rs\u0131z&#8221; olarak adland\u0131r\u0131lan bu durum, genellikle bir k\u0131r\u0131k olu\u015fana kadar belirti vermez. Tan\u0131, Tarama ve Medikal Y\u00f6netim Modern osteoporoz y\u00f6netimi, riskleri ger\u00e7ekle\u015fmeden tespit etmeye dayan\u0131r. Osteoporoz Tan\u0131s\u0131 ve Tarama Testleri: Kemik mineral [&hellip;]<\/p>\n","protected":false},"author":1,"featured_media":0,"parent":9,"menu_order":5,"comment_status":"closed","ping_status":"closed","template":"","meta":{"footnotes":""},"class_list":["post-11","page","type-page","status-publish","hentry"],"_links":{"self":[{"href":"https:\/\/istanbulfiziktedavimerkezi.com\/ru\/wp-json\/wp\/v2\/pages\/11","targetHints":{"allow":["GET"]}}],"collection":[{"href":"https:\/\/istanbulfiziktedavimerkezi.com\/ru\/wp-json\/wp\/v2\/pages"}],"about":[{"href":"https:\/\/istanbulfiziktedavimerkezi.com\/ru\/wp-json\/wp\/v2\/types\/page"}],"author":[{"embeddable":true,"href":"https:\/\/istanbulfiziktedavimerkezi.com\/ru\/wp-json\/wp\/v2\/users\/1"}],"replies":[{"embeddable":true,"href":"https:\/\/istanbulfiziktedavimerkezi.com\/ru\/wp-json\/wp\/v2\/comments?post=11"}],"version-history":[{"count":14,"href":"https:\/\/istanbulfiziktedavimerkezi.com\/ru\/wp-json\/wp\/v2\/pages\/11\/revisions"}],"predecessor-version":[{"id":2412,"href":"https:\/\/istanbulfiziktedavimerkezi.com\/ru\/wp-json\/wp\/v2\/pages\/11\/revisions\/2412"}],"up":[{"embeddable":true,"href":"https:\/\/istanbulfiziktedavimerkezi.com\/ru\/wp-json\/wp\/v2\/pages\/9"}],"wp:attachment":[{"href":"https:\/\/istanbulfiziktedavimerkezi.com\/ru\/wp-json\/wp\/v2\/media?parent=11"}],"curies":[{"name":"wp","href":"https:\/\/api.w.org\/{rel}","templated":true}]}}