{"id":9,"date":"2016-09-26T02:09:14","date_gmt":"2016-09-26T02:09:14","guid":{"rendered":"http:\/\/sw-themes.com\/porto_dummy\/?page_id=9"},"modified":"2026-03-27T16:05:40","modified_gmt":"2026-03-27T13:05:40","slug":"tedavilerimiz","status":"publish","type":"page","link":"https:\/\/istanbulfiziktedavimerkezi.com\/en\/tedavilerimiz\/","title":{"rendered":"Treatments"},"content":{"rendered":"<div data-elementor-type=\"wp-page\" data-elementor-id=\"9\" class=\"elementor elementor-9\">\n\t\t\t\t<div class=\"elementor-element elementor-element-4ced90b e-flex e-con-boxed e-con e-parent\" data-id=\"4ced90b\" data-element_type=\"container\" data-e-type=\"container\">\r\n\t\t\t\t\t<div class=\"e-con-inner\">\r\n\t\t<div class=\"elementor-element elementor-element-42dbf8b e-con-full e-flex e-con e-child\" data-id=\"42dbf8b\" data-element_type=\"container\" data-e-type=\"container\">\r\n\t\t\t\t<div class=\"elementor-element elementor-element-6b86a4e elementor-widget elementor-widget-video\" data-id=\"6b86a4e\" data-element_type=\"widget\" data-e-type=\"widget\" data-settings=\"{&quot;youtube_url&quot;:&quot;https:\\\/\\\/youtu.be\\\/jw95Bsimy6s&quot;,&quot;autoplay&quot;:&quot;yes&quot;,&quot;play_on_mobile&quot;:&quot;yes&quot;,&quot;mute&quot;:&quot;yes&quot;,&quot;loop&quot;:&quot;yes&quot;,&quot;video_type&quot;:&quot;youtube&quot;}\" data-widget_type=\"video.default\">\n\t\t\t\t\t\t\t<div class=\"elementor-wrapper elementor-open-inline\">\n\t\t\t<div class=\"elementor-video\"><\/div>\t\t<\/div>\n\t\t\t\t\t\t<\/div>\n\t\t\t\t<\/div>\n\t\t<div class=\"elementor-element elementor-element-2ee0a5b e-con-full e-flex e-con e-child\" data-id=\"2ee0a5b\" data-element_type=\"container\" data-e-type=\"container\">\r\n\t\t\t\t<div class=\"elementor-element elementor-element-0904c53 elementor-widget elementor-widget-video\" data-id=\"0904c53\" data-element_type=\"widget\" data-e-type=\"widget\" data-settings=\"{&quot;youtube_url&quot;:&quot;https:\\\/\\\/youtu.be\\\/xuBUW1Fu9aU&quot;,&quot;autoplay&quot;:&quot;yes&quot;,&quot;play_on_mobile&quot;:&quot;yes&quot;,&quot;mute&quot;:&quot;yes&quot;,&quot;loop&quot;:&quot;yes&quot;,&quot;video_type&quot;:&quot;youtube&quot;}\" data-widget_type=\"video.default\">\n\t\t\t\t\t\t\t<div class=\"elementor-wrapper elementor-open-inline\">\n\t\t\t<div class=\"elementor-video\"><\/div>\t\t<\/div>\n\t\t\t\t\t\t<\/div>\n\t\t\t\t<\/div>\n\t\t\t\t\t<\/div>\n\t\t\t\t<\/div>\n\t\t\t\t<div class=\"elementor-section elementor-top-section elementor-element elementor-element-638c1d92 elementor-section-boxed elementor-section-height-default elementor-section-height-default\" data-id=\"638c1d92\" data-element_type=\"section\" data-e-type=\"section\">\r\n\t\t\r\n\t\t\t\t\t\t\t<div class=\"elementor-container elementor-column-gap-default\">\r\n\t\t\t\t\t\t\t\t\t\t\t<div class=\"elementor-column elementor-col-100 elementor-top-column elementor-element elementor-element-400e8a9a\" data-id=\"400e8a9a\" data-element_type=\"column\" data-e-type=\"column\">\r\n\t\t\t\t\t<div class=\"elementor-widget-wrap elementor-element-populated\">\r\n\t\t\t\t\t\t\t\t<div class=\"elementor-element elementor-element-ea00416 mb-0 elementor-widget elementor-widget-porto_ultimate_heading\" data-id=\"ea00416\" data-element_type=\"widget\" data-e-type=\"widget\" data-widget_type=\"porto_ultimate_heading.default\">\n\t\t\t\t\t<div class=\"porto-u-heading  porto-u-ad87e2eaf3f9c495180fe0156ddf3eb0\"><div class=\"porto-u-main-heading\"><h2    style=\"margin-bottom: 16px;\">Expert Team &amp; State-of-the-art equipment<\/h2><\/div><div class=\"porto-u-sub-heading\" style=\"\"><p class=\"lead font-weight-normal translation-block\"><span data-path-to-node=\"0,1\"><span class=\"citation-928\">Our centre combines the technological capabilities of modern medicine with person-centred rehabilitation approaches to offer holistic solutions across a wide range of conditions, from neurological disorders to post-orthopaedic surgery recovery<\/span><\/span><span data-path-to-node=\"0,3\">. <\/span><span data-path-to-node=\"0,5\"><span class=\"citation-927\">Whilst rebuilding mobility using robotic systems based on the principle of neuroplasticity, <\/span><\/span><span data-path-to-node=\"0,8\"><span class=\"citation-926\">we enhance quality of life through manual drainage and compression therapies for the management of lymphoedema and lipoedema <\/span><\/span><span data-path-to-node=\"0,11\"><span class=\"citation-925\">, and for postural disorders such as scoliosis and kyphosis, we protect spinal health using the Schroth and clinical Pilates methods<\/span><\/span><span data-path-to-node=\"0,13\">. <\/span><span data-path-to-node=\"0,15\"><span class=\"citation-924\">In the management of chronic pain, we aim for lasting recovery through non-surgical interventional procedures such as ultrasound-guided prolotherapy, neural therapy and tissue-regenerating injections <\/span><\/span><span data-path-to-node=\"0,18\"><span class=\"citation-923\">, we safeguard your bone health for the future with our comprehensive protocols, ranging from osteoporosis diagnosis to personalised preventive exercises<\/span><\/span><span data-path-to-node=\"0,20\">.<\/span><\/p><\/div><style>.porto-u-ad87e2eaf3f9c495180fe0156ddf3eb0.porto-u-heading{text-align:left}<\/style><\/div>\t\t\t\t<\/div>\n\t\t\t\t<div class=\"elementor-element elementor-element-b969cb6 mb-0 elementor-invisible elementor-widget elementor-widget-porto_info_box\" data-id=\"b969cb6\" data-element_type=\"widget\" data-e-type=\"widget\" data-settings=\"{&quot;_animation&quot;:&quot;fadeInUp&quot;,&quot;_animation_delay&quot;:&quot;300&quot;}\" data-widget_type=\"porto_info_box.default\">\n\t\t\t\t\t<div class=\"porto-sicon-box hover-icon-left left-icon\"><div class=\"porto-sicon-left\"><div class=\"porto-just-icon-wrapper porto-sicon-img  porto-icon-d751713988987e9331980363e24189ce\" style=\"\"><img decoding=\"async\" class=\"img-icon\" alt=\"\" src=\"https:\/\/istanbulfiziktedavimerkezi.com\/wp-content\/uploads\/2026\/02\/2-1.png\" width=\"81\" height=\"107\" \/><\/div><\/div><div class=\"porto-sicon-body\"><div class=\"porto-sicon-header\"><h3 class=\"porto-sicon-title\" style=\"\">Robotic and Neurological Rehabilitation<\/h3><\/div> <!-- header --><div class=\"porto-sicon-description\" style=\"\" ><div class=\"elementor-element elementor-element-3519e79 depart-box elementor-widget elementor-widget-porto_info_box animated fadeInUp\" data-id=\"3519e79\" data-element_type=\"widget\" data-e-type=\"widget\" data-settings=\"{&quot;_animation&quot;:&quot;fadeInUp&quot;,&quot;_animation_delay&quot;:&quot;100&quot;}\" data-widget_type=\"porto_info_box.default\"><div class=\"porto-sicon-box style_1 left-icon\"><div class=\"porto-sicon-body\"><div class=\"porto-sicon-description\"><p class=\"translation-block\">In today\u2019s medical world, physical therapy and rehabilitation processes have evolved beyond traditional manual methods to incorporate high-tech systems.&nbsp;<strong>Robotic and Neurological Rehabilitation<\/strong> is a science-based, data-driven discipline developed for individuals who have lost their ability to move as a result of damage to the central nervous system. This process aims to help patients regain their motor functions, achieve independence in daily life, and re-establish communication between the brain and the body.<\/p><\/div><\/div><\/div><\/div><a class=\"porto-sicon-read xx\" href=\"https:\/\/istanbulfiziktedavimerkezi.com\/en\/tedavilerimiz\/robotik-ve-norolojik-rehabilitasyon\/\">Read More<span>&nbsp;&raquo;<\/span><\/a><\/div> <!-- description --><\/div><\/div><!-- porto-sicon-box -->\t\t\t\t<\/div>\n\t\t\t\t<div class=\"elementor-element elementor-element-cd01771 mb-0 elementor-invisible elementor-widget elementor-widget-porto_info_box\" data-id=\"cd01771\" data-element_type=\"widget\" data-e-type=\"widget\" data-settings=\"{&quot;_animation&quot;:&quot;fadeInUp&quot;,&quot;_animation_delay&quot;:&quot;300&quot;}\" data-widget_type=\"porto_info_box.default\">\n\t\t\t\t\t<div class=\"porto-sicon-box style_3 left-icon\"><div class=\"porto-sicon-left\"><div class=\"porto-just-icon-wrapper porto-sicon-img  porto-icon-d751713988987e9331980363e24189ce\" style=\"\"><img decoding=\"async\" class=\"img-icon\" alt=\"\" src=\"https:\/\/istanbulfiziktedavimerkezi.com\/wp-content\/uploads\/2026\/02\/3.png\" width=\"81\" height=\"107\" \/><\/div><\/div><div class=\"porto-sicon-body\"><div class=\"porto-sicon-header\"><h3 class=\"porto-sicon-title\" style=\"\">Treatment for Lymphoedema and Lipoedema<\/h3><\/div> <!-- header --><div class=\"porto-sicon-description\" style=\"\" ><p style=\"margin-bottom: 0.5rem;\" class=\"translation-block\">Disorders in the lymphatic system\u2014our body\u2019s defence and cleansing system\u2014can lead to swelling that significantly reduces quality of life.&nbsp;<strong>LYMPHOEDEMA AND LIPOEDEMA TREATMENT<\/strong> is a multidisciplinary process designed to manage these chronic conditions, prevent complications and preserve tissue health. At our centre, we combine the principles of \"Complex Decongestive Physiotherapy\" \u2013 recognised as the global standard \u2013 with the most modern techniques.<\/p><a class=\"porto-sicon-read xx\" href=\"https:\/\/istanbulfiziktedavimerkezi.com\/en\/tedavilerimiz\/lenfodem-ve-lipodem-tedavisi\/\">Read More<span>&nbsp;&raquo;<\/span><\/a><\/div> <!-- description --><\/div><\/div><!-- porto-sicon-box -->\t\t\t\t<\/div>\n\t\t\t\t<div class=\"elementor-element elementor-element-0e0e584 mb-0 elementor-invisible elementor-widget elementor-widget-porto_info_box\" data-id=\"0e0e584\" data-element_type=\"widget\" data-e-type=\"widget\" data-settings=\"{&quot;_animation&quot;:&quot;fadeInUp&quot;,&quot;_animation_delay&quot;:&quot;300&quot;}\" data-widget_type=\"porto_info_box.default\">\n\t\t\t\t\t<div class=\"porto-sicon-box style_1 left-icon\"><div class=\"porto-sicon-left\"><div class=\"porto-just-icon-wrapper porto-sicon-img  porto-icon-d751713988987e9331980363e24189ce\" style=\"\"><img decoding=\"async\" class=\"img-icon\" alt=\"\" src=\"https:\/\/istanbulfiziktedavimerkezi.com\/wp-content\/uploads\/2026\/02\/1-1.png\" width=\"81\" height=\"107\" \/><\/div><\/div><div class=\"porto-sicon-body\"><div class=\"porto-sicon-header\"><h3 class=\"porto-sicon-title\" style=\"\"> Rehabilitation for Postural Disorders<\/h3><\/div> <!-- header --><div class=\"porto-sicon-description\" style=\"\" ><p>The sedentary lifestyle brought about by modern life, prolonged periods of desk work and the use of technological devices have made postural problems one of the most common health issues of our time.<\/p><p class=\"translation-block\"><strong>REHABILITATION FOR POSTURAL DISORDERS<\/strong> is not merely a matter of aesthetic concern; it is vital for preventing chronic pain, improving respiratory capacity and safeguarding the health of internal organs. At our centre, we offer a wide range of professional solutions, from spinal deformities to functional strengthening.<\/p><a class=\"porto-sicon-read xx\" href=\"https:\/\/istanbulfiziktedavimerkezi.com\/en\/tedavilerimiz\/postur-bozukluklarinda-rehabilitasyon\/\">Read More<span>&nbsp;&raquo;<\/span><\/a><\/div> <!-- description --><\/div><\/div><!-- porto-sicon-box -->\t\t\t\t<\/div>\n\t\t\t\t<div class=\"elementor-element elementor-element-6099445 mb-0 elementor-invisible elementor-widget elementor-widget-porto_info_box\" data-id=\"6099445\" data-element_type=\"widget\" data-e-type=\"widget\" data-settings=\"{&quot;_animation&quot;:&quot;fadeInUp&quot;,&quot;_animation_delay&quot;:&quot;300&quot;}\" data-widget_type=\"porto_info_box.default\">\n\t\t\t\t\t<div class=\"porto-sicon-box style_1 left-icon\"><div class=\"porto-sicon-left\"><div class=\"porto-just-icon-wrapper porto-sicon-img  porto-icon-d751713988987e9331980363e24189ce\" style=\"\"><img loading=\"lazy\" decoding=\"async\" class=\"img-icon\" alt=\"\" src=\"https:\/\/istanbulfiziktedavimerkezi.com\/wp-content\/uploads\/2026\/02\/6.png\" width=\"81\" height=\"107\" \/><\/div><\/div><div class=\"porto-sicon-body\"><div class=\"porto-sicon-header\"><h3 class=\"porto-sicon-title\" style=\"\">Pain Management and Interventional Procedures<\/h3><\/div> <!-- header --><div class=\"porto-sicon-description\" style=\"\" ><p style=\"margin-bottom: 0.5rem;\" class=\"translation-block\">Chronic and acute pain are among the greatest obstacles limiting the quality of life for modern people.&nbsp;<strong>PAIN TREATMENTS AND INTERVENTIONAL PROCEDURES<\/strong>&nbsp;Our unit aims to provide lasting solutions by identifying the source of pain not merely symptomatically, but at the biomechanical and cellular levels. By combining advanced imaging technologies with regenerative medicine techniques, we help our patients regain their health without the need for surgical intervention.<\/p><a class=\"porto-sicon-read xx\" href=\"https:\/\/istanbulfiziktedavimerkezi.com\/en\/tedavilerimiz\/agri-tedavileri-ve-girisimsel-islemler\/\">Read More<span>&nbsp;&raquo;<\/span><\/a><\/div> <!-- description --><\/div><\/div><!-- porto-sicon-box -->\t\t\t\t<\/div>\n\t\t\t\t<div class=\"elementor-element elementor-element-95584fd mb-0 elementor-invisible elementor-widget elementor-widget-porto_info_box\" data-id=\"95584fd\" data-element_type=\"widget\" data-e-type=\"widget\" data-settings=\"{&quot;_animation&quot;:&quot;fadeInUp&quot;,&quot;_animation_delay&quot;:&quot;300&quot;}\" data-widget_type=\"porto_info_box.default\">\n\t\t\t\t\t<div class=\"porto-sicon-box style_1 left-icon\"><div class=\"porto-sicon-left\"><div class=\"porto-just-icon-wrapper porto-sicon-img  porto-icon-d751713988987e9331980363e24189ce\" style=\"\"><img loading=\"lazy\" decoding=\"async\" class=\"img-icon\" alt=\"\" src=\"https:\/\/istanbulfiziktedavimerkezi.com\/wp-content\/uploads\/2026\/02\/5.png\" width=\"81\" height=\"107\" \/><\/div><\/div><div class=\"porto-sicon-body\"><div class=\"porto-sicon-header\"><h3 class=\"porto-sicon-title\" style=\"\">Orthopaedic Rehabilitation<\/h3><\/div> <!-- header --><div class=\"porto-sicon-description\" style=\"\" ><p style=\"margin-bottom: 0.5rem;\" class=\"translation-block\"><strong>Orthopaedic Rehabilitation<\/strong> is the process of transforming a patient\u2019s anatomical structure into functional success following injuries to the musculoskeletal system or surgical interventions. This discipline is not concerned merely with bone healing or wound closure; it rebuilds joint stability, muscle strength and the nervous system\u2019s control over these structures.<\/p><a class=\"porto-sicon-read xx\" href=\"https:\/\/istanbulfiziktedavimerkezi.com\/en\/tedavilerimiz\/ortopedik-rehabilitasyon\/\">Read More<span>&nbsp;&raquo;<\/span><\/a><\/div> <!-- description --><\/div><\/div><!-- porto-sicon-box -->\t\t\t\t<\/div>\n\t\t\t\t<div class=\"elementor-element elementor-element-e76a54c mb-0 elementor-invisible elementor-widget elementor-widget-porto_info_box\" data-id=\"e76a54c\" data-element_type=\"widget\" data-e-type=\"widget\" data-settings=\"{&quot;_animation&quot;:&quot;fadeInUp&quot;,&quot;_animation_delay&quot;:&quot;300&quot;}\" data-widget_type=\"porto_info_box.default\">\n\t\t\t\t\t<div class=\"porto-sicon-box style_1 left-icon\"><div class=\"porto-sicon-left\"><div class=\"porto-just-icon-wrapper porto-sicon-img  porto-icon-d751713988987e9331980363e24189ce\" style=\"\"><img decoding=\"async\" class=\"img-icon\" alt=\"\" src=\"https:\/\/istanbulfiziktedavimerkezi.com\/wp-content\/uploads\/2026\/02\/2-1.png\" width=\"81\" height=\"107\" \/><\/div><\/div><div class=\"porto-sicon-body\"><div class=\"porto-sicon-header\"><h3 class=\"porto-sicon-title\" style=\"\">Treatment and Rehabilitation for Osteoporosis<\/h3><\/div> <!-- header --><div class=\"porto-sicon-description\" style=\"\" ><div class=\"elementor-element elementor-element-bea64c2 depart-box elementor-widget elementor-widget-porto_info_box animated fadeInUp\" data-id=\"bea64c2\" data-element_type=\"widget\" data-e-type=\"widget\" data-settings=\"{&quot;_animation&quot;:&quot;fadeInUp&quot;,&quot;_animation_delay&quot;:&quot;100&quot;}\" data-widget_type=\"porto_info_box.default\"><div class=\"porto-sicon-box style_1 left-icon\"><div class=\"porto-sicon-body\"><div class=\"porto-sicon-description\"><p class=\"translation-block\"><strong>Osteoporosis<\/strong> is a systemic disease characterised by a decrease in bone mass and a deterioration in bone quality, which increases the risk of fractures. Often referred to as the \"silent thief\", this condition usually causes no symptoms until a fracture occurs.<\/p><\/div><\/div><\/div><\/div><a class=\"porto-sicon-read xx\" href=\"https:\/\/istanbulfiziktedavimerkezi.com\/en\/tedavilerimiz\/osteoporoz-tedavisi-ve-rehabilitasyonu\/\">Read More<span>&nbsp;&raquo;<\/span><\/a><\/div> <!-- description --><\/div><\/div><!-- porto-sicon-box -->\t\t\t\t<\/div>\n\t\t\t\t\t<\/div>\r\n\t\t\t\t<\/div>\r\n\t\t\t\t\t<\/div>\r\n\t\t\t\t<\/div>\r\n\t\t\t\t<\/div>","protected":false},"excerpt":{"rendered":"<p>https:\/\/youtu.be\/jw95Bsimy6shttps:\/\/youtu.be\/xuBUW1Fu9aU Alan\u0131nda Uzman Kadro &#038; Son Teknoloji Donan\u0131m Merkezimiz, modern t\u0131bb\u0131n teknolojik imkanlar\u0131n\u0131 insan odakl\u0131 rehabilitasyon yakla\u015f\u0131mlar\u0131yla birle\u015ftirerek; n\u00f6rolojik hastal\u0131klardan ortopedik cerrahi sonras\u0131 toparlanmaya kadar geni\u015f bir yelpazede b\u00fct\u00fcnc\u00fcl \u00e7\u00f6z\u00fcmler sunmaktad\u0131r. N\u00f6roplastisite ilkesine dayanan robotik sistemlerle hareket kabiliyetini yeniden in\u015fa ederken , lenf\u00f6dem ve lip\u00f6dem y\u00f6netiminde manuel drenaj ve kompresyon terapileriyle ya\u015fam kalitesini art\u0131r\u0131yor , [&hellip;]<\/p>\n","protected":false},"author":1,"featured_media":0,"parent":0,"menu_order":0,"comment_status":"closed","ping_status":"closed","template":"","meta":{"footnotes":""},"class_list":["post-9","page","type-page","status-publish","hentry"],"_links":{"self":[{"href":"https:\/\/istanbulfiziktedavimerkezi.com\/en\/wp-json\/wp\/v2\/pages\/9","targetHints":{"allow":["GET"]}}],"collection":[{"href":"https:\/\/istanbulfiziktedavimerkezi.com\/en\/wp-json\/wp\/v2\/pages"}],"about":[{"href":"https:\/\/istanbulfiziktedavimerkezi.com\/en\/wp-json\/wp\/v2\/types\/page"}],"author":[{"embeddable":true,"href":"https:\/\/istanbulfiziktedavimerkezi.com\/en\/wp-json\/wp\/v2\/users\/1"}],"replies":[{"embeddable":true,"href":"https:\/\/istanbulfiziktedavimerkezi.com\/en\/wp-json\/wp\/v2\/comments?post=9"}],"version-history":[{"count":13,"href":"https:\/\/istanbulfiziktedavimerkezi.com\/en\/wp-json\/wp\/v2\/pages\/9\/revisions"}],"predecessor-version":[{"id":2406,"href":"https:\/\/istanbulfiziktedavimerkezi.com\/en\/wp-json\/wp\/v2\/pages\/9\/revisions\/2406"}],"wp:attachment":[{"href":"https:\/\/istanbulfiziktedavimerkezi.com\/en\/wp-json\/wp\/v2\/media?parent=9"}],"curies":[{"name":"wp","href":"https:\/\/api.w.org\/{rel}","templated":true}]}}