{"id":15,"date":"2016-09-26T02:10:54","date_gmt":"2016-09-26T02:10:54","guid":{"rendered":"http:\/\/sw-themes.com\/porto_dummy\/?page_id=15"},"modified":"2026-04-07T19:26:25","modified_gmt":"2026-04-07T16:26:25","slug":"postur-bozukluklarinda-rehabilitasyon","status":"publish","type":"page","link":"https:\/\/istanbulfiziktedavimerkezi.com\/en\/tedavilerimiz\/postur-bozukluklarinda-rehabilitasyon\/","title":{"rendered":"Rehabilitation for Postural Disorders"},"content":{"rendered":"<div data-elementor-type=\"wp-page\" data-elementor-id=\"15\" class=\"elementor elementor-15\">\n\t\t\t\t\t\t<div class=\"elementor-section elementor-top-section elementor-element elementor-element-46ca9a5 elementor-section-boxed elementor-section-height-default elementor-section-height-default\" data-id=\"46ca9a5\" data-element_type=\"section\" data-e-type=\"section\">\r\n\t\t\r\n\t\t\t\t\t\t\t<div class=\"elementor-container elementor-column-gap-default\">\r\n\t\t\t\t\t\t\t\t\t\t\t<div class=\"elementor-column elementor-col-100 elementor-top-column elementor-element elementor-element-dd2873e\" data-id=\"dd2873e\" data-element_type=\"column\" data-e-type=\"column\">\r\n\t\t\t\t\t<div class=\"elementor-widget-wrap elementor-element-populated\">\r\n\t\t\t\t\t\t\t\t<div class=\"elementor-element elementor-element-461b59b depart-box elementor-invisible elementor-widget elementor-widget-porto_info_box\" data-id=\"461b59b\" data-element_type=\"widget\" data-e-type=\"widget\" data-settings=\"{&quot;_animation&quot;:&quot;fadeInUp&quot;,&quot;_animation_delay&quot;:&quot;100&quot;}\" data-widget_type=\"porto_info_box.default\">\n\t\t\t\t\t<div class=\"porto-sicon-box style_1 left-icon\"><div class=\"porto-sicon-left\"><div class=\"porto-just-icon-wrapper porto-sicon-img  porto-icon-d751713988987e9331980363e24189ce\" style=\"\"><img decoding=\"async\" class=\"img-icon\" alt=\"\" src=\"https:\/\/istanbulfiziktedavimerkezi.com\/wp-content\/uploads\/2026\/02\/6.png\" width=\"81\" height=\"107\" \/><\/div><\/div><div class=\"porto-sicon-body\"><div class=\"porto-sicon-header\"><h3 class=\"porto-sicon-title\" style=\"\">Rehabilitation for Postural Disorders<\/h3><p >Holistic Solutions for Spinal Health<\/p><\/div> <!-- header --><div class=\"porto-sicon-description\" style=\"\" ><p>The sedentary lifestyle brought about by modern life, prolonged periods of desk work and the use of technological devices have made postural problems one of the most common health issues of our time.<\/p><p class=\"translation-block\"><strong>REHABILITATION FOR POSTURAL DISORDERS<\/strong> is not merely a matter of aesthetic concern; it is vital for preventing chronic pain, improving respiratory capacity and safeguarding the health of internal organs. At our centre, we offer a wide range of professional solutions, from spinal deformities to functional strengthening.<\/p><\/div> <!-- description --><\/div><\/div><!-- porto-sicon-box -->\t\t\t\t<\/div>\n\t\t\t\t<div class=\"elementor-element elementor-element-758fb1d elementor-widget elementor-widget-toggle\" data-id=\"758fb1d\" data-element_type=\"widget\" data-e-type=\"widget\" data-widget_type=\"toggle.default\">\n\t\t\t\t\t\t\t<div class=\"elementor-toggle\">\n\t\t\t\t\t\t\t<div class=\"elementor-toggle-item\">\n\t\t\t\t\t<div id=\"elementor-tab-title-1231\" class=\"elementor-tab-title\" data-tab=\"1\" role=\"button\" aria-controls=\"elementor-tab-content-1231\" aria-expanded=\"false\">\n\t\t\t\t\t\t\t\t\t\t\t\t<span class=\"elementor-toggle-icon elementor-toggle-icon-left\" aria-hidden=\"true\">\n\t\t\t\t\t\t\t\t\t\t\t\t\t\t\t<span class=\"elementor-toggle-icon-closed\"><svg class=\"e-font-icon-svg e-fas-plus\" viewbox=\"0 0 448 512\" xmlns=\"http:\/\/www.w3.org\/2000\/svg\"><path d=\"M416 208H272V64c0-17.67-14.33-32-32-32h-32c-17.67 0-32 14.33-32 32v144H32c-17.67 0-32 14.33-32 32v32c0 17.67 14.33 32 32 32h144v144c0 17.67 14.33 32 32 32h32c17.67 0 32-14.33 32-32V304h144c17.67 0 32-14.33 32-32v-32c0-17.67-14.33-32-32-32z\"><\/path><\/svg><\/span>\n\t\t\t\t\t\t\t\t<span class=\"elementor-toggle-icon-opened\"><svg class=\"elementor-toggle-icon-opened e-font-icon-svg e-fas-minus\" viewbox=\"0 0 448 512\" xmlns=\"http:\/\/www.w3.org\/2000\/svg\"><path d=\"M416 208H32c-17.67 0-32 14.33-32 32v32c0 17.67 14.33 32 32 32h384c17.67 0 32-14.33 32-32v-32c0-17.67-14.33-32-32-32z\"><\/path><\/svg><\/span>\n\t\t\t\t\t\t\t\t\t\t\t\t\t<\/span>\n\t\t\t\t\t\t\t\t\t\t\t\t<a class=\"elementor-toggle-title\" tabindex=\"0\">1. Scoliosis Rehabilitation and Schroth Therapy<\/a>\n\t\t\t\t\t<\/div>\n\n\t\t\t\t\t<div id=\"elementor-tab-content-1231\" class=\"elementor-tab-content elementor-clearfix\" data-tab=\"1\" role=\"region\" aria-labelledby=\"elementor-tab-title-1231\"><p>Scoliosis is a three-dimensional deformity characterised not only by a lateral curvature of the spine but also by rotation around its own axis. The treatment of this complex condition must therefore be multifaceted.<\/p><ul><li class=\"translation-block\"><strong>What is the Schroth Method?<\/strong>: <strong>Scoliosis Rehabilitation and Schroth Treatment<\/strong> is a three-dimensional exercise approach recognised worldwide as the gold standard in the treatment of scoliosis.<\/li><li class=\"translation-block\"><strong>Three-Dimensional Correction<\/strong>: With this method, the spine is corrected simultaneously in the coronal, sagittal and transverse planes.<\/li><li class=\"translation-block\"><strong>Rotational Breathing<\/strong>: Special breathing techniques are used to teach the patient how to use their breath to expand the collapsed areas of the spine outwards.<\/li><li class=\"translation-block\"><strong>Awareness Training<\/strong>: By teaching patients how to maintain correct posture during daily activities (such as sitting and standing), the treatment\u2019s long-term effectiveness and body awareness are ensured.<\/li><\/ul><\/div>\n\t\t\t\t<\/div>\n\t\t\t\t\t\t\t<div class=\"elementor-toggle-item\">\n\t\t\t\t\t<div id=\"elementor-tab-title-1232\" class=\"elementor-tab-title\" data-tab=\"2\" role=\"button\" aria-controls=\"elementor-tab-content-1232\" aria-expanded=\"false\">\n\t\t\t\t\t\t\t\t\t\t\t\t<span class=\"elementor-toggle-icon elementor-toggle-icon-left\" aria-hidden=\"true\">\n\t\t\t\t\t\t\t\t\t\t\t\t\t\t\t<span class=\"elementor-toggle-icon-closed\"><svg class=\"e-font-icon-svg e-fas-plus\" viewbox=\"0 0 448 512\" xmlns=\"http:\/\/www.w3.org\/2000\/svg\"><path d=\"M416 208H272V64c0-17.67-14.33-32-32-32h-32c-17.67 0-32 14.33-32 32v144H32c-17.67 0-32 14.33-32 32v32c0 17.67 14.33 32 32 32h144v144c0 17.67 14.33 32 32 32h32c17.67 0 32-14.33 32-32V304h144c17.67 0 32-14.33 32-32v-32c0-17.67-14.33-32-32-32z\"><\/path><\/svg><\/span>\n\t\t\t\t\t\t\t\t<span class=\"elementor-toggle-icon-opened\"><svg class=\"elementor-toggle-icon-opened e-font-icon-svg e-fas-minus\" viewbox=\"0 0 448 512\" xmlns=\"http:\/\/www.w3.org\/2000\/svg\"><path d=\"M416 208H32c-17.67 0-32 14.33-32 32v32c0 17.67 14.33 32 32 32h384c17.67 0 32-14.33 32-32v-32c0-17.67-14.33-32-32-32z\"><\/path><\/svg><\/span>\n\t\t\t\t\t\t\t\t\t\t\t\t\t<\/span>\n\t\t\t\t\t\t\t\t\t\t\t\t<a class=\"elementor-toggle-title\" tabindex=\"0\">2. Treatment of Kyphosis<\/a>\n\t\t\t\t\t<\/div>\n\n\t\t\t\t\t<div id=\"elementor-tab-content-1232\" class=\"elementor-tab-content elementor-clearfix\" data-tab=\"2\" role=\"region\" aria-labelledby=\"elementor-tab-title-1232\"><p class=\"translation-block\">Kyphosis, commonly known as \u2018hunchback\u2019, is a condition characterised by an increased curvature of the spine. <strong>KYPHOSIS TREATMENT<\/strong> is a condition that can be managed through early diagnosis and appropriate exercise programmes.<\/p><ul><li class=\"translation-block\"><strong>Postural vs. Structural Kyphosis<\/strong>: The treatment plan is tailored to the individual once it has been determined whether the kyphosis is due to poor posture (postural) or to changes in bone structure (such as conditions that cause deformities, like Scheuermann\u2019s disease).<\/li><li class=\"translation-block\"><strong>Muscle Balance<\/strong>: The focus is on stretching the shortened chest muscles (pectoralis) and strengthening the weakened back muscles (rhomboid, trapezius).<\/li><li class=\"translation-block\"><strong>Mobility Exercises<\/strong>: The aim is to improve breathing by increasing the range of motion in the thoracic spine (upper back).<\/li><\/ul><\/div>\n\t\t\t\t<\/div>\n\t\t\t\t\t\t\t<div class=\"elementor-toggle-item\">\n\t\t\t\t\t<div id=\"elementor-tab-title-1233\" class=\"elementor-tab-title\" data-tab=\"3\" role=\"button\" aria-controls=\"elementor-tab-content-1233\" aria-expanded=\"false\">\n\t\t\t\t\t\t\t\t\t\t\t\t<span class=\"elementor-toggle-icon elementor-toggle-icon-left\" aria-hidden=\"true\">\n\t\t\t\t\t\t\t\t\t\t\t\t\t\t\t<span class=\"elementor-toggle-icon-closed\"><svg class=\"e-font-icon-svg e-fas-plus\" viewbox=\"0 0 448 512\" xmlns=\"http:\/\/www.w3.org\/2000\/svg\"><path d=\"M416 208H272V64c0-17.67-14.33-32-32-32h-32c-17.67 0-32 14.33-32 32v144H32c-17.67 0-32 14.33-32 32v32c0 17.67 14.33 32 32 32h144v144c0 17.67 14.33 32 32 32h32c17.67 0 32-14.33 32-32V304h144c17.67 0 32-14.33 32-32v-32c0-17.67-14.33-32-32-32z\"><\/path><\/svg><\/span>\n\t\t\t\t\t\t\t\t<span class=\"elementor-toggle-icon-opened\"><svg class=\"elementor-toggle-icon-opened e-font-icon-svg e-fas-minus\" viewbox=\"0 0 448 512\" xmlns=\"http:\/\/www.w3.org\/2000\/svg\"><path d=\"M416 208H32c-17.67 0-32 14.33-32 32v32c0 17.67 14.33 32 32 32h384c17.67 0 32-14.33 32-32v-32c0-17.67-14.33-32-32-32z\"><\/path><\/svg><\/span>\n\t\t\t\t\t\t\t\t\t\t\t\t\t<\/span>\n\t\t\t\t\t\t\t\t\t\t\t\t<a class=\"elementor-toggle-title\" tabindex=\"0\">3. Treatment of Breast Deformities<\/a>\n\t\t\t\t\t<\/div>\n\n\t\t\t\t\t<div id=\"elementor-tab-content-1233\" class=\"elementor-tab-content elementor-clearfix\" data-tab=\"3\" role=\"region\" aria-labelledby=\"elementor-tab-title-1233\"><p class=\"translation-block\">Structural abnormalities of the ribcage can affect both physical appearance and cardiovascular health. <strong>TREATMENT OF CHEST DEFORMITIES<\/strong> can yield successful results without the need for surgery, particularly in individuals during their developmental years, when treatment is administered before the age of 17.<\/p><ul><li class=\"translation-block\"><strong>Pectus excavatum and pectus carinatum<\/strong>: In cases of \u2018funny chest\u2019 (sunken chest) or \u2018pigeon chest\u2019 (protruding chest), the progression of the deformity can be halted through the rehabilitation of the muscles surrounding the ribcage.<\/li><li class=\"translation-block\"><strong>Increasing Lung Capacity<\/strong>: Special breathing and chest expansion exercises are used to increase lung volume that has been restricted due to deformity.<\/li><li class=\"translation-block\"><strong>Orthotic treatment<\/strong>: In patients under the age of 17, complete recovery can be achieved using vacuum and compression orthoses, depending on the nature of the deformity.<\/li><\/ul><\/div>\n\t\t\t\t<\/div>\n\t\t\t\t\t\t\t<div class=\"elementor-toggle-item\">\n\t\t\t\t\t<div id=\"elementor-tab-title-1234\" class=\"elementor-tab-title\" data-tab=\"4\" role=\"button\" aria-controls=\"elementor-tab-content-1234\" aria-expanded=\"false\">\n\t\t\t\t\t\t\t\t\t\t\t\t<span class=\"elementor-toggle-icon elementor-toggle-icon-left\" aria-hidden=\"true\">\n\t\t\t\t\t\t\t\t\t\t\t\t\t\t\t<span class=\"elementor-toggle-icon-closed\"><svg class=\"e-font-icon-svg e-fas-plus\" viewbox=\"0 0 448 512\" xmlns=\"http:\/\/www.w3.org\/2000\/svg\"><path d=\"M416 208H272V64c0-17.67-14.33-32-32-32h-32c-17.67 0-32 14.33-32 32v144H32c-17.67 0-32 14.33-32 32v32c0 17.67 14.33 32 32 32h144v144c0 17.67 14.33 32 32 32h32c17.67 0 32-14.33 32-32V304h144c17.67 0 32-14.33 32-32v-32c0-17.67-14.33-32-32-32z\"><\/path><\/svg><\/span>\n\t\t\t\t\t\t\t\t<span class=\"elementor-toggle-icon-opened\"><svg class=\"elementor-toggle-icon-opened e-font-icon-svg e-fas-minus\" viewbox=\"0 0 448 512\" xmlns=\"http:\/\/www.w3.org\/2000\/svg\"><path d=\"M416 208H32c-17.67 0-32 14.33-32 32v32c0 17.67 14.33 32 32 32h384c17.67 0 32-14.33 32-32v-32c0-17.67-14.33-32-32-32z\"><\/path><\/svg><\/span>\n\t\t\t\t\t\t\t\t\t\t\t\t\t<\/span>\n\t\t\t\t\t\t\t\t\t\t\t\t<a class=\"elementor-toggle-title\" tabindex=\"0\">4. Reformer Pilates: Functional Strengthening and Alignment<\/a>\n\t\t\t\t\t<\/div>\n\n\t\t\t\t\t<div id=\"elementor-tab-content-1234\" class=\"elementor-tab-content elementor-clearfix\" data-tab=\"4\" role=\"region\" aria-labelledby=\"elementor-tab-title-1234\"><p class=\"translation-block\">One of the most effective tools in postural rehabilitation, <strong>REFORMER PILATES<\/strong>, uses spring-based resistance systems to improve the body\u2019s alignment.<\/p><ul><li class=\"translation-block\"><strong>Core Stabilisation<\/strong>: Minimises lower back and back pain by strengthening the deep abdominal muscles that support the spine.<\/li><li class=\"translation-block\"><strong>Dynamic Flexibility<\/strong>: Unlike traditional exercises, it both strengthens the muscles and improves flexibility by lengthening them.<\/li><li class=\"translation-block\"><strong>Joint Health<\/strong>: Thanks to its spring resistance, it provides a safe working environment without placing excessive strain on the joints.<\/li><\/ul><\/div>\n\t\t\t\t<\/div>\n\t\t\t\t\t\t\t<div class=\"elementor-toggle-item\">\n\t\t\t\t\t<div id=\"elementor-tab-title-1235\" class=\"elementor-tab-title\" data-tab=\"5\" role=\"button\" aria-controls=\"elementor-tab-content-1235\" aria-expanded=\"false\">\n\t\t\t\t\t\t\t\t\t\t\t\t<span class=\"elementor-toggle-icon elementor-toggle-icon-left\" aria-hidden=\"true\">\n\t\t\t\t\t\t\t\t\t\t\t\t\t\t\t<span class=\"elementor-toggle-icon-closed\"><svg class=\"e-font-icon-svg e-fas-plus\" viewbox=\"0 0 448 512\" xmlns=\"http:\/\/www.w3.org\/2000\/svg\"><path d=\"M416 208H272V64c0-17.67-14.33-32-32-32h-32c-17.67 0-32 14.33-32 32v144H32c-17.67 0-32 14.33-32 32v32c0 17.67 14.33 32 32 32h144v144c0 17.67 14.33 32 32 32h32c17.67 0 32-14.33 32-32V304h144c17.67 0 32-14.33 32-32v-32c0-17.67-14.33-32-32-32z\"><\/path><\/svg><\/span>\n\t\t\t\t\t\t\t\t<span class=\"elementor-toggle-icon-opened\"><svg class=\"elementor-toggle-icon-opened e-font-icon-svg e-fas-minus\" viewbox=\"0 0 448 512\" xmlns=\"http:\/\/www.w3.org\/2000\/svg\"><path d=\"M416 208H32c-17.67 0-32 14.33-32 32v32c0 17.67 14.33 32 32 32h384c17.67 0 32-14.33 32-32v-32c0-17.67-14.33-32-32-32z\"><\/path><\/svg><\/span>\n\t\t\t\t\t\t\t\t\t\t\t\t\t<\/span>\n\t\t\t\t\t\t\t\t\t\t\t\t<a class=\"elementor-toggle-title\" tabindex=\"0\">5. Pregnancy Pilates: Healthy Posture for Mum and Baby<\/a>\n\t\t\t\t\t<\/div>\n\n\t\t\t\t\t<div id=\"elementor-tab-content-1235\" class=\"elementor-tab-content elementor-clearfix\" data-tab=\"5\" role=\"region\" aria-labelledby=\"elementor-tab-title-1235\"><p class=\"translation-block\">Pregnancy is a period during which the body\u2019s centre of gravity shifts and the spine is subjected to additional strain. <strong>PREGNANCY PILATES<\/strong> is ideal for ensuring this period is pain-free and comfortable.<\/p><ul><li class=\"translation-block\"><strong>Prevention of Lower Back Pain<\/strong>: Stabilisation exercises are performed to counteract the increased curvature of the lower back (lordosis) that occurs during pregnancy.<\/li><li class=\"translation-block\"><strong>Pelvic Floor Health<\/strong>: The focus is on the pelvic floor muscles to facilitate childbirth and speed up postnatal recovery.<\/li><li class=\"translation-block\"><strong>Safe Modifications<\/strong>: These are carried out using specific modifications suitable for each trimester of pregnancy, which do not put the baby or the mother at risk.<\/li><\/ul><\/div>\n\t\t\t\t<\/div>\n\t\t\t\t\t\t\t\t<\/div>\n\t\t\t\t\t\t<\/div>\n\t\t\t\t\t<\/div>\r\n\t\t\t\t<\/div>\r\n\t\t\t\t\t<\/div>\r\n\t\t\t\t<\/div>\r\n\t\t\t\t<\/div>","protected":false},"excerpt":{"rendered":"<p>Post\u00fcr Bozukluklar\u0131nda Rehabilitasyon Omurga Sa\u011fl\u0131\u011f\u0131nda B\u00fct\u00fcnsel \u00c7\u00f6z\u00fcmler Modern ya\u015fam\u0131n getirdi\u011fi sedanter (hareketsiz) ya\u015fam tarz\u0131, uzun s\u00fcreli masa ba\u015f\u0131 \u00e7al\u0131\u015fmalar\u0131 ve teknolojik cihaz kullan\u0131m\u0131, post\u00fcr bozukluklar\u0131n\u0131 g\u00fcn\u00fcm\u00fcz\u00fcn en yayg\u0131n sa\u011fl\u0131k sorunlar\u0131ndan biri haline getirmi\u015ftir. POST\u00dcR BOZUKLUKLARINDA REHAB\u0130L\u0130TASYON, sadece estetik bir kayg\u0131 de\u011fil; kronik a\u011fr\u0131lar\u0131n \u00f6nlenmesi, solunum kapasitesinin art\u0131r\u0131lmas\u0131 ve i\u00e7 organ sa\u011fl\u0131\u011f\u0131n\u0131n korunmas\u0131 i\u00e7in hayati bir [&hellip;]<\/p>\n","protected":false},"author":1,"featured_media":0,"parent":9,"menu_order":2,"comment_status":"closed","ping_status":"closed","template":"","meta":{"footnotes":""},"class_list":["post-15","page","type-page","status-publish","hentry"],"_links":{"self":[{"href":"https:\/\/istanbulfiziktedavimerkezi.com\/en\/wp-json\/wp\/v2\/pages\/15","targetHints":{"allow":["GET"]}}],"collection":[{"href":"https:\/\/istanbulfiziktedavimerkezi.com\/en\/wp-json\/wp\/v2\/pages"}],"about":[{"href":"https:\/\/istanbulfiziktedavimerkezi.com\/en\/wp-json\/wp\/v2\/types\/page"}],"author":[{"embeddable":true,"href":"https:\/\/istanbulfiziktedavimerkezi.com\/en\/wp-json\/wp\/v2\/users\/1"}],"replies":[{"embeddable":true,"href":"https:\/\/istanbulfiziktedavimerkezi.com\/en\/wp-json\/wp\/v2\/comments?post=15"}],"version-history":[{"count":8,"href":"https:\/\/istanbulfiziktedavimerkezi.com\/en\/wp-json\/wp\/v2\/pages\/15\/revisions"}],"predecessor-version":[{"id":2187,"href":"https:\/\/istanbulfiziktedavimerkezi.com\/en\/wp-json\/wp\/v2\/pages\/15\/revisions\/2187"}],"up":[{"embeddable":true,"href":"https:\/\/istanbulfiziktedavimerkezi.com\/en\/wp-json\/wp\/v2\/pages\/9"}],"wp:attachment":[{"href":"https:\/\/istanbulfiziktedavimerkezi.com\/en\/wp-json\/wp\/v2\/media?parent=15"}],"curies":[{"name":"wp","href":"https:\/\/api.w.org\/{rel}","templated":true}]}}