{"id":145,"date":"2016-09-26T02:08:58","date_gmt":"2016-09-26T02:08:58","guid":{"rendered":"http:\/\/sw-themes.com\/porto_dummy\/?page_id=8"},"modified":"2026-03-27T14:23:16","modified_gmt":"2026-03-27T11:23:16","slug":"hakkimizda","status":"publish","type":"page","link":"https:\/\/istanbulfiziktedavimerkezi.com\/en\/hakkimizda\/","title":{"rendered":"ABOUT US"},"content":{"rendered":"<div data-elementor-type=\"wp-page\" data-elementor-id=\"145\" class=\"elementor elementor-145\">\n\t\t\t\t\t\t<section class=\"elementor-section elementor-top-section elementor-element elementor-element-71586ca8 elementor-section-boxed elementor-section-height-default elementor-section-height-default\" data-id=\"71586ca8\" data-element_type=\"section\" data-e-type=\"section\">\r\n\t\t\r\n\t\t\t\t\t\t\t<div class=\"elementor-container elementor-column-gap-default\">\r\n\t\t\t\t\t\t\t\t\t\t\t<div class=\"elementor-column elementor-col-100 elementor-top-column elementor-element elementor-element-50ca97b4\" data-id=\"50ca97b4\" data-element_type=\"column\" data-e-type=\"column\">\r\n\t\t\t\t\t<div class=\"elementor-widget-wrap elementor-element-populated\">\r\n\t\t\t\t\t\t\t\t<div class=\"elementor-element elementor-element-7235599 m-b-md elementor-widget elementor-widget-porto_ultimate_heading\" data-id=\"7235599\" data-element_type=\"widget\" data-e-type=\"widget\" data-widget_type=\"porto_ultimate_heading.default\">\n\t\t\t\t\t<div class=\"porto-u-heading  porto-u-ad87e2eaf3f9c495180fe0156ddf3eb0\"><div class=\"porto-u-main-heading\"><h2    style=\"margin-bottom: 16px;\">Robotic Rehabilitation &amp; Physiotherapy Centre<\/h2><\/div><div class=\"porto-u-sub-heading\" style=\"\"><p>As the Istanbul Physiotherapy Centre, with our team of specialist doctors and qualified physiotherapists boasting over 20 years of experience, we offer comprehensive solutions in the field of physiotherapy and rehabilitation to both domestic and international patients.<\/p><\/div><style>.porto-u-ad87e2eaf3f9c495180fe0156ddf3eb0.porto-u-heading{text-align:left}<\/style><\/div>\t\t\t\t<\/div>\n\t\t\t\t\t<\/div>\r\n\t\t\t\t<\/div>\r\n\t\t\t\t\t<\/div>\r\n\t\t\t\t<\/section>\r\n\t\t<div class=\"elementor-element elementor-element-4fedce9 e-flex e-con-boxed e-con e-parent\" data-id=\"4fedce9\" data-element_type=\"container\" data-e-type=\"container\">\r\n\t\t\t\t\t<div class=\"e-con-inner\">\r\n\t\t\t\t<div class=\"elementor-element elementor-element-6b0454a elementor-widget elementor-widget-text-editor\" data-id=\"6b0454a\" data-element_type=\"widget\" data-e-type=\"widget\" data-widget_type=\"text-editor.default\">\n\t\t\t\t\t\t\t\t\t<p>\u00a0With a focus on patient health and satisfaction, we provide care in our experienced, modern and well-equipped hospitals. We adopt a holistic and up-to-date approach that aims to treat not just the symptoms, but the root cause of the pain. We create personalised treatment plans for musculoskeletal disorders, chronic pain, and issues affecting the lower back, neck, hands and wrists, shoulders, hips, knees and spine.<\/p><p>In addition, we offer sports rehabilitation, rehabilitation for neurological conditions (stroke, SVO, Parkinson\u2019s disease, multiple sclerosis (MS), cerebral palsy (CP)), spinal cord disorder rehabilitation (hemiplegia, paraplegia, tetraplegia, spinal cord injuries), we offer the fastest and most effective treatments in our ROBOTIC REHABILITATION unit. In the fields of Paediatric Rehabilitation, Orthopaedic Rehabilitation, Neurological Rehabilitation, Geriatric Rehabilitation, Lymphoedema and Lipoedema Rehabilitation, Scoliosis Rehabilitation, and Balance Rehabilitation, our aim is to significantly improve your quality of life through our team of specialists and experienced staff, using modern equipment.<\/p>\t\t\t\t\t\t\t\t<\/div>\n\t\t\t\t\t<\/div>\n\t\t\t\t<\/div>\n\t\t\t\t<\/div>","protected":false},"excerpt":{"rendered":"<p>Robotik Rehabilitasyon &#038; Fizik Tedavi Merkezi \u0130stanbul Fizik Tedavi Merkezi olarak, 20 y\u0131l\u0131 a\u015fk\u0131n deneyime sahip uzman doktor ve Uzman Fizyoterapist kadromuzla, fizik tedavi ve rehabilitasyon alan\u0131nda Yurti\u00e7i ve yurtd\u0131\u015f\u0131 misafirlerimize kapsaml\u0131 \u00e7\u00f6z\u00fcmler sunuyoruz. \u00a0Hasta sa\u011fl\u0131\u011f\u0131n\u0131 ve memnuniyetini odak noktam\u0131za alarak, deneyimli, modern ve donan\u0131ml\u0131 hastanelerimizde hizmet veriyoruz. Sadece semptomlar\u0131 de\u011fil, a\u011fr\u0131n\u0131n k\u00f6k nedenini tedavi [&hellip;]<\/p>\n","protected":false},"author":1,"featured_media":0,"parent":0,"menu_order":0,"comment_status":"closed","ping_status":"closed","template":"","meta":{"footnotes":""},"class_list":["post-145","page","type-page","status-publish","hentry"],"_links":{"self":[{"href":"https:\/\/istanbulfiziktedavimerkezi.com\/en\/wp-json\/wp\/v2\/pages\/145","targetHints":{"allow":["GET"]}}],"collection":[{"href":"https:\/\/istanbulfiziktedavimerkezi.com\/en\/wp-json\/wp\/v2\/pages"}],"about":[{"href":"https:\/\/istanbulfiziktedavimerkezi.com\/en\/wp-json\/wp\/v2\/types\/page"}],"author":[{"embeddable":true,"href":"https:\/\/istanbulfiziktedavimerkezi.com\/en\/wp-json\/wp\/v2\/users\/1"}],"replies":[{"embeddable":true,"href":"https:\/\/istanbulfiziktedavimerkezi.com\/en\/wp-json\/wp\/v2\/comments?post=145"}],"version-history":[{"count":7,"href":"https:\/\/istanbulfiziktedavimerkezi.com\/en\/wp-json\/wp\/v2\/pages\/145\/revisions"}],"predecessor-version":[{"id":2211,"href":"https:\/\/istanbulfiziktedavimerkezi.com\/en\/wp-json\/wp\/v2\/pages\/145\/revisions\/2211"}],"wp:attachment":[{"href":"https:\/\/istanbulfiziktedavimerkezi.com\/en\/wp-json\/wp\/v2\/media?parent=145"}],"curies":[{"name":"wp","href":"https:\/\/api.w.org\/{rel}","templated":true}]}}