{"id":12,"date":"2016-09-26T02:10:14","date_gmt":"2016-09-26T02:10:14","guid":{"rendered":"http:\/\/sw-themes.com\/porto_dummy\/?page_id=12"},"modified":"2026-04-07T19:24:33","modified_gmt":"2026-04-07T16:24:33","slug":"robotik-ve-norolojik-rehabilitasyon","status":"publish","type":"page","link":"https:\/\/istanbulfiziktedavimerkezi.com\/en\/tedavilerimiz\/robotik-ve-norolojik-rehabilitasyon\/","title":{"rendered":"Robotic and Neurological Rehabilitation"},"content":{"rendered":"<div data-elementor-type=\"wp-page\" data-elementor-id=\"12\" class=\"elementor elementor-12\">\n\t\t\t\t\t\t<div class=\"elementor-section elementor-top-section elementor-element elementor-element-f594e0c elementor-section-boxed elementor-section-height-default elementor-section-height-default\" data-id=\"f594e0c\" data-element_type=\"section\" data-e-type=\"section\">\r\n\t\t\r\n\t\t\t\t\t\t\t<div class=\"elementor-container elementor-column-gap-default\">\r\n\t\t\t\t\t\t\t\t\t\t\t<div class=\"elementor-column elementor-col-100 elementor-top-column elementor-element elementor-element-0ee0179\" data-id=\"0ee0179\" data-element_type=\"column\" data-e-type=\"column\">\r\n\t\t\t\t\t<div class=\"elementor-widget-wrap elementor-element-populated\">\r\n\t\t\t\t\t\t\t\t<div class=\"elementor-element elementor-element-3519e79 depart-box elementor-invisible elementor-widget elementor-widget-porto_info_box\" data-id=\"3519e79\" data-element_type=\"widget\" data-e-type=\"widget\" data-settings=\"{&quot;_animation&quot;:&quot;fadeInUp&quot;,&quot;_animation_delay&quot;:&quot;100&quot;}\" data-widget_type=\"porto_info_box.default\">\n\t\t\t\t\t<div class=\"porto-sicon-box style_1 left-icon\"><div class=\"porto-sicon-left\"><div class=\"porto-just-icon-wrapper porto-sicon-img  porto-icon-d751713988987e9331980363e24189ce\" style=\"\"><img decoding=\"async\" class=\"img-icon\" alt=\"\" src=\"https:\/\/istanbulfiziktedavimerkezi.com\/wp-content\/uploads\/2026\/02\/1-1.png\" width=\"81\" height=\"107\" \/><\/div><\/div><div class=\"porto-sicon-body\"><div class=\"porto-sicon-header\"><h3 class=\"porto-sicon-title\" style=\"\">Robotic and Neurological Rehabilitation<\/h3><p >Future Standards of Care Through Technology<\/p><\/div> <!-- header --><div class=\"porto-sicon-description\" style=\"\" ><p class=\"translation-block\">In today\u2019s medical world, physical therapy and rehabilitation processes have evolved beyond traditional manual methods to incorporate high-tech systems. <strong>Robotic and Neurological Rehabilitation<\/strong> is a science-based, data-driven discipline developed for individuals who have lost their ability to move as a result of damage to the central nervous system. This process aims to help patients regain their motor functions, achieve independence in daily life, and re-establish communication between the brain and the body.<\/p><\/div> <!-- description --><\/div><\/div><!-- porto-sicon-box -->\t\t\t\t<\/div>\n\t\t\t\t<div class=\"elementor-element elementor-element-24bef03 elementor-widget elementor-widget-toggle\" data-id=\"24bef03\" data-element_type=\"widget\" data-e-type=\"widget\" data-widget_type=\"toggle.default\">\n\t\t\t\t\t\t\t<div class=\"elementor-toggle\">\n\t\t\t\t\t\t\t<div class=\"elementor-toggle-item\">\n\t\t\t\t\t<div id=\"elementor-tab-title-3851\" class=\"elementor-tab-title\" data-tab=\"1\" role=\"button\" aria-controls=\"elementor-tab-content-3851\" aria-expanded=\"false\">\n\t\t\t\t\t\t\t\t\t\t\t\t<span class=\"elementor-toggle-icon elementor-toggle-icon-left\" aria-hidden=\"true\">\n\t\t\t\t\t\t\t\t\t\t\t\t\t\t\t<span class=\"elementor-toggle-icon-closed\"><svg class=\"e-font-icon-svg e-fas-plus\" viewbox=\"0 0 448 512\" xmlns=\"http:\/\/www.w3.org\/2000\/svg\"><path d=\"M416 208H272V64c0-17.67-14.33-32-32-32h-32c-17.67 0-32 14.33-32 32v144H32c-17.67 0-32 14.33-32 32v32c0 17.67 14.33 32 32 32h144v144c0 17.67 14.33 32 32 32h32c17.67 0 32-14.33 32-32V304h144c17.67 0 32-14.33 32-32v-32c0-17.67-14.33-32-32-32z\"><\/path><\/svg><\/span>\n\t\t\t\t\t\t\t\t<span class=\"elementor-toggle-icon-opened\"><svg class=\"elementor-toggle-icon-opened e-font-icon-svg e-fas-angle-up\" viewbox=\"0 0 320 512\" xmlns=\"http:\/\/www.w3.org\/2000\/svg\"><path d=\"M177 159.7l136 136c9.4 9.4 9.4 24.6 0 33.9l-22.6 22.6c-9.4 9.4-24.6 9.4-33.9 0L160 255.9l-96.4 96.4c-9.4 9.4-24.6 9.4-33.9 0L7 329.7c-9.4-9.4-9.4-24.6 0-33.9l136-136c9.4-9.5 24.6-9.5 34-.1z\"><\/path><\/svg><\/span>\n\t\t\t\t\t\t\t\t\t\t\t\t\t<\/span>\n\t\t\t\t\t\t\t\t\t\t\t\t<a class=\"elementor-toggle-title\" tabindex=\"0\">1. The Foundation of Recovery: Neuroplasticity<\/a>\n\t\t\t\t\t<\/div>\n\n\t\t\t\t\t<div id=\"elementor-tab-content-3851\" class=\"elementor-tab-content elementor-clearfix\" data-tab=\"1\" role=\"region\" aria-labelledby=\"elementor-tab-title-3851\"><p class=\"translation-block\">The most critical factor in the success of rehabilitation is <strong>neuroplasticity<\/strong>, the brain\u2019s miraculous ability to regenerate itself. The brain is not a static structure; on the contrary, it can form new neural pathways through intense stimulation and repetitive movements.<\/p><ul><li class=\"translation-block\"><strong>Synaptic Reorganisation<\/strong>: Healthy cells can take over the functions of damaged neurons. For this process to be triggered, the movement must be performed flawlessly and repeated a large number of times.<\/li><li class=\"translation-block\"><strong>Robotic Intervention<\/strong>: Robotic systems, which can perform thousands of repetitions with a precision and speed beyond human capability, initiate this \u2018learning\u2019 process in the brain much more rapidly than conventional treatments.<\/li><\/ul><\/div>\n\t\t\t\t<\/div>\n\t\t\t\t\t\t\t<div class=\"elementor-toggle-item\">\n\t\t\t\t\t<div id=\"elementor-tab-title-3852\" class=\"elementor-tab-title\" data-tab=\"2\" role=\"button\" aria-controls=\"elementor-tab-content-3852\" aria-expanded=\"false\">\n\t\t\t\t\t\t\t\t\t\t\t\t<span class=\"elementor-toggle-icon elementor-toggle-icon-left\" aria-hidden=\"true\">\n\t\t\t\t\t\t\t\t\t\t\t\t\t\t\t<span class=\"elementor-toggle-icon-closed\"><svg class=\"e-font-icon-svg e-fas-plus\" viewbox=\"0 0 448 512\" xmlns=\"http:\/\/www.w3.org\/2000\/svg\"><path d=\"M416 208H272V64c0-17.67-14.33-32-32-32h-32c-17.67 0-32 14.33-32 32v144H32c-17.67 0-32 14.33-32 32v32c0 17.67 14.33 32 32 32h144v144c0 17.67 14.33 32 32 32h32c17.67 0 32-14.33 32-32V304h144c17.67 0 32-14.33 32-32v-32c0-17.67-14.33-32-32-32z\"><\/path><\/svg><\/span>\n\t\t\t\t\t\t\t\t<span class=\"elementor-toggle-icon-opened\"><svg class=\"elementor-toggle-icon-opened e-font-icon-svg e-fas-angle-up\" viewbox=\"0 0 320 512\" xmlns=\"http:\/\/www.w3.org\/2000\/svg\"><path d=\"M177 159.7l136 136c9.4 9.4 9.4 24.6 0 33.9l-22.6 22.6c-9.4 9.4-24.6 9.4-33.9 0L160 255.9l-96.4 96.4c-9.4 9.4-24.6 9.4-33.9 0L7 329.7c-9.4-9.4-9.4-24.6 0-33.9l136-136c9.4-9.5 24.6-9.5 34-.1z\"><\/path><\/svg><\/span>\n\t\t\t\t\t\t\t\t\t\t\t\t\t<\/span>\n\t\t\t\t\t\t\t\t\t\t\t\t<a class=\"elementor-toggle-title\" tabindex=\"0\">2. Neurological Rehabilitation: A Multidisciplinary Approach<\/a>\n\t\t\t\t\t<\/div>\n\n\t\t\t\t\t<div id=\"elementor-tab-content-3852\" class=\"elementor-tab-content elementor-clearfix\" data-tab=\"2\" role=\"region\" aria-labelledby=\"elementor-tab-title-3852\"><p class=\"translation-block\"><strong>Neurological Rehabilitation<\/strong> is a comprehensive treatment programme administered following any type of trauma, illness or degenerative process affecting the nervous system. In addition to exercising the muscles, this process aims to re-establish the brain\u2019s control over the body.<\/p><ul><li class=\"translation-block\"><strong>Functional Recovery<\/strong>: Aims to improve not only the patient\u2019s physical strength but also complex motor skills such as coordination and balance.<\/li><li class=\"translation-block\"><strong>Holistic Monitoring<\/strong>: The patient\u2019s progress is monitored using digital sensors throughout the treatment process, and the programme is continuously updated.<\/li><\/ul><\/div>\n\t\t\t\t<\/div>\n\t\t\t\t\t\t\t<div class=\"elementor-toggle-item\">\n\t\t\t\t\t<div id=\"elementor-tab-title-3853\" class=\"elementor-tab-title\" data-tab=\"3\" role=\"button\" aria-controls=\"elementor-tab-content-3853\" aria-expanded=\"false\">\n\t\t\t\t\t\t\t\t\t\t\t\t<span class=\"elementor-toggle-icon elementor-toggle-icon-left\" aria-hidden=\"true\">\n\t\t\t\t\t\t\t\t\t\t\t\t\t\t\t<span class=\"elementor-toggle-icon-closed\"><svg class=\"e-font-icon-svg e-fas-plus\" viewbox=\"0 0 448 512\" xmlns=\"http:\/\/www.w3.org\/2000\/svg\"><path d=\"M416 208H272V64c0-17.67-14.33-32-32-32h-32c-17.67 0-32 14.33-32 32v144H32c-17.67 0-32 14.33-32 32v32c0 17.67 14.33 32 32 32h144v144c0 17.67 14.33 32 32 32h32c17.67 0 32-14.33 32-32V304h144c17.67 0 32-14.33 32-32v-32c0-17.67-14.33-32-32-32z\"><\/path><\/svg><\/span>\n\t\t\t\t\t\t\t\t<span class=\"elementor-toggle-icon-opened\"><svg class=\"elementor-toggle-icon-opened e-font-icon-svg e-fas-angle-up\" viewbox=\"0 0 320 512\" xmlns=\"http:\/\/www.w3.org\/2000\/svg\"><path d=\"M177 159.7l136 136c9.4 9.4 9.4 24.6 0 33.9l-22.6 22.6c-9.4 9.4-24.6 9.4-33.9 0L160 255.9l-96.4 96.4c-9.4 9.4-24.6 9.4-33.9 0L7 329.7c-9.4-9.4-9.4-24.6 0-33.9l136-136c9.4-9.5 24.6-9.5 34-.1z\"><\/path><\/svg><\/span>\n\t\t\t\t\t\t\t\t\t\t\t\t\t<\/span>\n\t\t\t\t\t\t\t\t\t\t\t\t<a class=\"elementor-toggle-title\" tabindex=\"0\">3. Conditions Treated at Our Robotics Centre<\/a>\n\t\t\t\t\t<\/div>\n\n\t\t\t\t\t<div id=\"elementor-tab-content-3853\" class=\"elementor-tab-content elementor-clearfix\" data-tab=\"3\" role=\"region\" aria-labelledby=\"elementor-tab-title-3853\"><p><strong>Parkinson's Rehabilitation<\/strong><\/p><p class=\"translation-block\">Parkinson\u2019s disease is a condition characterised by the loss of dopamine-producing cells, leading to tremors and slowness of movement. <strong>Parkinson\u2019s rehabilitation<\/strong> offers the following benefits:<\/p><ul><li class=\"translation-block\"><strong>Gait Training<\/strong>: Prevents \u2018freezing\u2019 of steps by correcting patients\u2019 walking rhythm.<\/li><li class=\"translation-block\"><strong>Rhythm Control<\/strong>: Improves the patient\u2019s movement timing through auditory and visual feedback.<\/li><li><strong>Balance Rehabilitation <\/strong><\/li><\/ul><p><strong>Stroke Rehabilitation<\/strong><\/p><p class=\"translation-block\">Unilateral paralysis (hemiplegia) resulting from a stroke is a challenging recovery process. <strong>Stroke Rehabilitation<\/strong> enables the undamaged lobes of the brain to take over control, and the aim is to ensure that the pattern of recovery is correct, in conjunction with the healing of the damaged areas:<\/p><ul><li class=\"translation-block\"><strong>Early Intervention<\/strong>: The sooner robotic support is started following a stroke, the greater the potential for recovery.<\/li><li class=\"translation-block\"><strong>Symmetrical Movement<\/strong>: Robotic devices help maintain correct posture by synchronising the paralysed side of the body with the rhythm of the healthy side.<\/li><\/ul><p><strong>Spinal Cord Injury Rehabilitation<\/strong><\/p><p class=\"translation-block\">Spinal cord injuries resulting from trauma or surgery lead to sensory and motor deficits. <strong>Spinal Cord Injury Rehabilitation<\/strong> restores the patient\u2019s balance by bringing them into an upright position:<\/p><ul><li class=\"translation-block\"><strong>Mobility Goal<\/strong>: On the path to independence from a wheelchair, it increases the legs\u2019 load-bearing capacity.<\/li><li class=\"translation-block\"><strong>Prevention of Secondary Problems<\/strong>: Minimises bone loss and pressure sores caused by immobility.<\/li><\/ul><p><strong>Paediatric Rehabilitation<\/strong><\/p><p class=\"translation-block\">Motor disorders such as cerebral palsy, which occur during childhood, require a developmental approach. Our <strong>Paediatric Rehabilitation<\/strong> unit provides services using equipment suited to children\u2019s anatomical structure:<\/p><ul><li class=\"translation-block\"><strong>Gamified Therapy<\/strong>: Boosts motivation by turning boring exercises into video games for children.<\/li><li class=\"translation-block\"><strong>Developmental Adaptation<\/strong>: Ergonomic systems are used to support the developing bone and muscle structure.<\/li><\/ul><\/div>\n\t\t\t\t<\/div>\n\t\t\t\t\t\t\t<div class=\"elementor-toggle-item\">\n\t\t\t\t\t<div id=\"elementor-tab-title-3854\" class=\"elementor-tab-title\" data-tab=\"4\" role=\"button\" aria-controls=\"elementor-tab-content-3854\" aria-expanded=\"false\">\n\t\t\t\t\t\t\t\t\t\t\t\t<span class=\"elementor-toggle-icon elementor-toggle-icon-left\" aria-hidden=\"true\">\n\t\t\t\t\t\t\t\t\t\t\t\t\t\t\t<span class=\"elementor-toggle-icon-closed\"><svg class=\"e-font-icon-svg e-fas-plus\" viewbox=\"0 0 448 512\" xmlns=\"http:\/\/www.w3.org\/2000\/svg\"><path d=\"M416 208H272V64c0-17.67-14.33-32-32-32h-32c-17.67 0-32 14.33-32 32v144H32c-17.67 0-32 14.33-32 32v32c0 17.67 14.33 32 32 32h144v144c0 17.67 14.33 32 32 32h32c17.67 0 32-14.33 32-32V304h144c17.67 0 32-14.33 32-32v-32c0-17.67-14.33-32-32-32z\"><\/path><\/svg><\/span>\n\t\t\t\t\t\t\t\t<span class=\"elementor-toggle-icon-opened\"><svg class=\"elementor-toggle-icon-opened e-font-icon-svg e-fas-angle-up\" viewbox=\"0 0 320 512\" xmlns=\"http:\/\/www.w3.org\/2000\/svg\"><path d=\"M177 159.7l136 136c9.4 9.4 9.4 24.6 0 33.9l-22.6 22.6c-9.4 9.4-24.6 9.4-33.9 0L160 255.9l-96.4 96.4c-9.4 9.4-24.6 9.4-33.9 0L7 329.7c-9.4-9.4-9.4-24.6 0-33.9l136-136c9.4-9.5 24.6-9.5 34-.1z\"><\/path><\/svg><\/span>\n\t\t\t\t\t\t\t\t\t\t\t\t\t<\/span>\n\t\t\t\t\t\t\t\t\t\t\t\t<a class=\"elementor-toggle-title\" tabindex=\"0\">4. Technical Objectives of Rehabilitation<\/a>\n\t\t\t\t\t<\/div>\n\n\t\t\t\t\t<div id=\"elementor-tab-content-3854\" class=\"elementor-tab-content elementor-clearfix\" data-tab=\"4\" role=\"region\" aria-labelledby=\"elementor-tab-title-3854\"><p><strong>Exercising Joint Range of Motion<\/strong><\/p><p class=\"translation-block\">Prolonged inactivity leads to stiffness in the joints, known as \u2018contractures\u2019. <strong>Joint Range of Motion Exercises<\/strong> is a set of passive and active exercises performed to maintain joint flexibility and prevent osteoarthritis.<\/p><p><strong>Muscle Strengthening<\/strong><\/p><p class=\"translation-block\"><strong>Muscle strengthening<\/strong> is essential to halt muscle wasting (atrophy) following neurological damage. Robotic systems provide safe muscle strengthening without causing fatigue by applying resistance tailored to the muscle\u2019s capacity.<\/p><p><strong>Balance and Coordination Rehabilitation<\/strong><\/p><p class=\"translation-block\">Walking is not merely a movement of the legs, but also a complex balancing act. <strong>Balance and Coordination Rehabilitation<\/strong> enables the patient to perceive their position in space and maintain their balance during sudden movements.<\/p><\/div>\n\t\t\t\t<\/div>\n\t\t\t\t\t\t\t<div class=\"elementor-toggle-item\">\n\t\t\t\t\t<div id=\"elementor-tab-title-3855\" class=\"elementor-tab-title\" data-tab=\"5\" role=\"button\" aria-controls=\"elementor-tab-content-3855\" aria-expanded=\"false\">\n\t\t\t\t\t\t\t\t\t\t\t\t<span class=\"elementor-toggle-icon elementor-toggle-icon-left\" aria-hidden=\"true\">\n\t\t\t\t\t\t\t\t\t\t\t\t\t\t\t<span class=\"elementor-toggle-icon-closed\"><svg class=\"e-font-icon-svg e-fas-plus\" viewbox=\"0 0 448 512\" xmlns=\"http:\/\/www.w3.org\/2000\/svg\"><path d=\"M416 208H272V64c0-17.67-14.33-32-32-32h-32c-17.67 0-32 14.33-32 32v144H32c-17.67 0-32 14.33-32 32v32c0 17.67 14.33 32 32 32h144v144c0 17.67 14.33 32 32 32h32c17.67 0 32-14.33 32-32V304h144c17.67 0 32-14.33 32-32v-32c0-17.67-14.33-32-32-32z\"><\/path><\/svg><\/span>\n\t\t\t\t\t\t\t\t<span class=\"elementor-toggle-icon-opened\"><svg class=\"elementor-toggle-icon-opened e-font-icon-svg e-fas-angle-up\" viewbox=\"0 0 320 512\" xmlns=\"http:\/\/www.w3.org\/2000\/svg\"><path d=\"M177 159.7l136 136c9.4 9.4 9.4 24.6 0 33.9l-22.6 22.6c-9.4 9.4-24.6 9.4-33.9 0L160 255.9l-96.4 96.4c-9.4 9.4-24.6 9.4-33.9 0L7 329.7c-9.4-9.4-9.4-24.6 0-33.9l136-136c9.4-9.5 24.6-9.5 34-.1z\"><\/path><\/svg><\/span>\n\t\t\t\t\t\t\t\t\t\t\t\t\t<\/span>\n\t\t\t\t\t\t\t\t\t\t\t\t<a class=\"elementor-toggle-title\" tabindex=\"0\">5. Our State-of-the-Art Equipment<\/a>\n\t\t\t\t\t<\/div>\n\n\t\t\t\t\t<div id=\"elementor-tab-content-3855\" class=\"elementor-tab-content elementor-clearfix\" data-tab=\"5\" role=\"region\" aria-labelledby=\"elementor-tab-title-3855\"><p>The technological infrastructure at our centre is tailored to every stage of rehabilitation:<\/p><ol><li class=\"translation-block\"><strong>Early-Stage Mobilisation Robotic Bed<\/strong>: It gently raises patients who are not yet able to stand to an upright position. During this process, the passive stepping movements applied to the patient\u2019s legs continuously stimulate the brain and regulate circulation.<\/li><li class=\"translation-block\"><strong>Walking Exoskeleton<\/strong>: This exoskeleton, which is worn by the patient, enables even those who have completely lost the ability to walk to stand up and take steps. It replicates the natural walking pattern exactly. As it is possible to see how much weight is being applied to each leg, it also plays a significant role in regulating balance.<\/li><li class=\"translation-block\"><strong>Shoulder-Arm Robot<\/strong>: Used for upper limb (arm and hand) rehabilitation. It develops motor skills by simulating activities of daily living such as reaching, grasping and carrying, and offers the opportunity to do so whilst playing fun computer games.<\/li><\/ol><\/div>\n\t\t\t\t<\/div>\n\t\t\t\t\t\t\t\t<\/div>\n\t\t\t\t\t\t<\/div>\n\t\t\t\t\t<\/div>\r\n\t\t\t\t<\/div>\r\n\t\t\t\t\t<\/div>\r\n\t\t\t\t<\/div>\r\n\t\t\t\t<\/div>","protected":false},"excerpt":{"rendered":"<p>Robotik Ve N\u00f6rolojik Rehabilitasyon Teknoloji ile Gelece\u011fin Tedavi Standartlar\u0131 G\u00fcn\u00fcm\u00fcz t\u0131p d\u00fcnyas\u0131nda fizik tedavi ve rehabilitasyon s\u00fcre\u00e7leri, geleneksel manuel y\u00f6ntemlerin \u00f6tesine ge\u00e7erek y\u00fcksek teknolojili sistemlerle evrilmi\u015ftir. Robotik ve N\u00f6rolojik Rehabilitasyon, merkezi sinir sistemi hasarlar\u0131 sonucunda hareket kabiliyetini kaybetmi\u015f bireyler i\u00e7in geli\u015ftirilmi\u015f, bilimsel temelli ve veri odakl\u0131 bir disiplindir. Bu s\u00fcre\u00e7, hastan\u0131n motor fonksiyonlar\u0131n\u0131 geri kazanmas\u0131n\u0131, [&hellip;]<\/p>\n","protected":false},"author":1,"featured_media":0,"parent":9,"menu_order":0,"comment_status":"closed","ping_status":"closed","template":"","meta":{"footnotes":""},"class_list":["post-12","page","type-page","status-publish","hentry"],"_links":{"self":[{"href":"https:\/\/istanbulfiziktedavimerkezi.com\/en\/wp-json\/wp\/v2\/pages\/12","targetHints":{"allow":["GET"]}}],"collection":[{"href":"https:\/\/istanbulfiziktedavimerkezi.com\/en\/wp-json\/wp\/v2\/pages"}],"about":[{"href":"https:\/\/istanbulfiziktedavimerkezi.com\/en\/wp-json\/wp\/v2\/types\/page"}],"author":[{"embeddable":true,"href":"https:\/\/istanbulfiziktedavimerkezi.com\/en\/wp-json\/wp\/v2\/users\/1"}],"replies":[{"embeddable":true,"href":"https:\/\/istanbulfiziktedavimerkezi.com\/en\/wp-json\/wp\/v2\/comments?post=12"}],"version-history":[{"count":14,"href":"https:\/\/istanbulfiziktedavimerkezi.com\/en\/wp-json\/wp\/v2\/pages\/12\/revisions"}],"predecessor-version":[{"id":2418,"href":"https:\/\/istanbulfiziktedavimerkezi.com\/en\/wp-json\/wp\/v2\/pages\/12\/revisions\/2418"}],"up":[{"embeddable":true,"href":"https:\/\/istanbulfiziktedavimerkezi.com\/en\/wp-json\/wp\/v2\/pages\/9"}],"wp:attachment":[{"href":"https:\/\/istanbulfiziktedavimerkezi.com\/en\/wp-json\/wp\/v2\/media?parent=12"}],"curies":[{"name":"wp","href":"https:\/\/api.w.org\/{rel}","templated":true}]}}