{"id":11,"date":"2016-09-26T02:09:55","date_gmt":"2016-09-26T02:09:55","guid":{"rendered":"http:\/\/sw-themes.com\/porto_dummy\/?page_id=11"},"modified":"2026-04-07T19:28:43","modified_gmt":"2026-04-07T16:28:43","slug":"osteoporoz-tedavisi-ve-rehabilitasyonu","status":"publish","type":"page","link":"https:\/\/istanbulfiziktedavimerkezi.com\/en\/tedavilerimiz\/osteoporoz-tedavisi-ve-rehabilitasyonu\/","title":{"rendered":"Treatment and Rehabilitation for Osteoporosis"},"content":{"rendered":"<div data-elementor-type=\"wp-page\" data-elementor-id=\"11\" class=\"elementor elementor-11\">\n\t\t\t\t\t\t<div class=\"elementor-section elementor-top-section elementor-element elementor-element-abbf876 elementor-section-boxed elementor-section-height-default elementor-section-height-default\" data-id=\"abbf876\" data-element_type=\"section\" data-e-type=\"section\">\r\n\t\t\r\n\t\t\t\t\t\t\t<div class=\"elementor-container elementor-column-gap-default\">\r\n\t\t\t\t\t\t\t\t\t\t\t<div class=\"elementor-column elementor-col-100 elementor-top-column elementor-element elementor-element-01847a3\" data-id=\"01847a3\" data-element_type=\"column\" data-e-type=\"column\">\r\n\t\t\t\t\t<div class=\"elementor-widget-wrap elementor-element-populated\">\r\n\t\t\t\t\t\t\t\t<div class=\"elementor-element elementor-element-bea64c2 depart-box elementor-invisible elementor-widget elementor-widget-porto_info_box\" data-id=\"bea64c2\" data-element_type=\"widget\" data-e-type=\"widget\" data-settings=\"{&quot;_animation&quot;:&quot;fadeInUp&quot;,&quot;_animation_delay&quot;:&quot;100&quot;}\" data-widget_type=\"porto_info_box.default\">\n\t\t\t\t\t<div class=\"porto-sicon-box style_1 left-icon\"><div class=\"porto-sicon-left\"><div class=\"porto-just-icon-wrapper porto-sicon-img  porto-icon-d751713988987e9331980363e24189ce\" style=\"\"><img decoding=\"async\" class=\"img-icon\" alt=\"\" src=\"https:\/\/istanbulfiziktedavimerkezi.com\/wp-content\/uploads\/2026\/02\/6.png\" width=\"81\" height=\"107\" \/><\/div><\/div><div class=\"porto-sicon-body\"><div class=\"porto-sicon-header\"><h3 class=\"porto-sicon-title\" style=\"\">Treatment and Rehabilitation for Osteoporosis<\/h3><p >Preserving the Structural Framework<\/p><\/div> <!-- header --><div class=\"porto-sicon-description\" style=\"\" ><p class=\"translation-block\"><strong>Osteoporosis<\/strong> is a systemic disease characterised by a decrease in bone mass and a deterioration in bone quality, which increases the risk of fractures. Often referred to as the \"silent thief\", this condition usually causes no symptoms until a fracture occurs.<\/p><\/div> <!-- description --><\/div><\/div><!-- porto-sicon-box -->\t\t\t\t<\/div>\n\t\t\t\t<div class=\"elementor-element elementor-element-87787e7 elementor-widget elementor-widget-toggle\" data-id=\"87787e7\" data-element_type=\"widget\" data-e-type=\"widget\" data-widget_type=\"toggle.default\">\n\t\t\t\t\t\t\t<div class=\"elementor-toggle\">\n\t\t\t\t\t\t\t<div class=\"elementor-toggle-item\">\n\t\t\t\t\t<div id=\"elementor-tab-title-1421\" class=\"elementor-tab-title\" data-tab=\"1\" role=\"button\" aria-controls=\"elementor-tab-content-1421\" aria-expanded=\"false\">\n\t\t\t\t\t\t\t\t\t\t\t\t<span class=\"elementor-toggle-icon elementor-toggle-icon-left\" aria-hidden=\"true\">\n\t\t\t\t\t\t\t\t\t\t\t\t\t\t\t<span class=\"elementor-toggle-icon-closed\"><svg class=\"e-font-icon-svg e-fas-plus\" viewbox=\"0 0 448 512\" xmlns=\"http:\/\/www.w3.org\/2000\/svg\"><path d=\"M416 208H272V64c0-17.67-14.33-32-32-32h-32c-17.67 0-32 14.33-32 32v144H32c-17.67 0-32 14.33-32 32v32c0 17.67 14.33 32 32 32h144v144c0 17.67 14.33 32 32 32h32c17.67 0 32-14.33 32-32V304h144c17.67 0 32-14.33 32-32v-32c0-17.67-14.33-32-32-32z\"><\/path><\/svg><\/span>\n\t\t\t\t\t\t\t\t<span class=\"elementor-toggle-icon-opened\"><svg class=\"elementor-toggle-icon-opened e-font-icon-svg e-fas-angle-up\" viewbox=\"0 0 320 512\" xmlns=\"http:\/\/www.w3.org\/2000\/svg\"><path d=\"M177 159.7l136 136c9.4 9.4 9.4 24.6 0 33.9l-22.6 22.6c-9.4 9.4-24.6 9.4-33.9 0L160 255.9l-96.4 96.4c-9.4 9.4-24.6 9.4-33.9 0L7 329.7c-9.4-9.4-9.4-24.6 0-33.9l136-136c9.4-9.5 24.6-9.5 34-.1z\"><\/path><\/svg><\/span>\n\t\t\t\t\t\t\t\t\t\t\t\t\t<\/span>\n\t\t\t\t\t\t\t\t\t\t\t\t<a class=\"elementor-toggle-title\" tabindex=\"0\">Diagnosis, Screening and Medical Management<\/a>\n\t\t\t\t\t<\/div>\n\n\t\t\t\t\t<div id=\"elementor-tab-content-1421\" class=\"elementor-tab-content elementor-clearfix\" data-tab=\"1\" role=\"region\" aria-labelledby=\"elementor-tab-title-1421\"><p>Modern osteoporosis management is based on identifying risks before they materialise.<\/p><ul><li class=\"translation-block\"><strong>Diagnosis and Screening Tests for Osteoporosis<\/strong>: Bone mineral density (BMD) is measured using a QCT scanner. A diagnosis of osteoporosis or osteopenia is made based on T-score values. In addition, the patient\u2019s 10-year fracture risk is calculated using tools such as FRAX.<\/li><li class=\"translation-block\"><strong>Osteoporosis Screening<\/strong>: High-risk groups are screened for osteoporosis and their risk of fracture is assessed.<\/li><li><strong>Ya\u015f Grubuna G\u00f6re Medikal Tedavi<\/strong>: Tedavi protokol\u00fc dinamiktir.<ul><li class=\"translation-block\"><strong>Gen\u00e7lerde<\/strong>: Genellikle ikincil nedenler (ila\u00e7lar, hormonal bozukluklar) ara\u015ft\u0131r\u0131l\u0131r.<\/li><li class=\"translation-block\"><strong>Postmenopozal Kad\u0131nlarda<\/strong>: \u00d6strojen kayb\u0131na ba\u011fl\u0131 h\u0131zl\u0131 y\u0131k\u0131m\u0131 durduracak antiresorptif ila\u00e7lar \u00f6n plandad\u0131r.<\/li><li class=\"translation-block\"><strong>\u0130leri Ya\u015fta<\/strong>: Hem kemik yap\u0131m\u0131n\u0131 destekleyen hem de y\u0131k\u0131m\u0131 yava\u015flatan kombine yakla\u015f\u0131mlar, kalsiyum ve D vitamini deste\u011fiyle optimize edilir.<\/li><\/ul><\/li><\/ul><\/div>\n\t\t\t\t<\/div>\n\t\t\t\t\t\t\t<div class=\"elementor-toggle-item\">\n\t\t\t\t\t<div id=\"elementor-tab-title-1422\" class=\"elementor-tab-title\" data-tab=\"2\" role=\"button\" aria-controls=\"elementor-tab-content-1422\" aria-expanded=\"false\">\n\t\t\t\t\t\t\t\t\t\t\t\t<span class=\"elementor-toggle-icon elementor-toggle-icon-left\" aria-hidden=\"true\">\n\t\t\t\t\t\t\t\t\t\t\t\t\t\t\t<span class=\"elementor-toggle-icon-closed\"><svg class=\"e-font-icon-svg e-fas-plus\" viewbox=\"0 0 448 512\" xmlns=\"http:\/\/www.w3.org\/2000\/svg\"><path d=\"M416 208H272V64c0-17.67-14.33-32-32-32h-32c-17.67 0-32 14.33-32 32v144H32c-17.67 0-32 14.33-32 32v32c0 17.67 14.33 32 32 32h144v144c0 17.67 14.33 32 32 32h32c17.67 0 32-14.33 32-32V304h144c17.67 0 32-14.33 32-32v-32c0-17.67-14.33-32-32-32z\"><\/path><\/svg><\/span>\n\t\t\t\t\t\t\t\t<span class=\"elementor-toggle-icon-opened\"><svg class=\"elementor-toggle-icon-opened e-font-icon-svg e-fas-angle-up\" viewbox=\"0 0 320 512\" xmlns=\"http:\/\/www.w3.org\/2000\/svg\"><path d=\"M177 159.7l136 136c9.4 9.4 9.4 24.6 0 33.9l-22.6 22.6c-9.4 9.4-24.6 9.4-33.9 0L160 255.9l-96.4 96.4c-9.4 9.4-24.6 9.4-33.9 0L7 329.7c-9.4-9.4-9.4-24.6 0-33.9l136-136c9.4-9.5 24.6-9.5 34-.1z\"><\/path><\/svg><\/span>\n\t\t\t\t\t\t\t\t\t\t\t\t\t<\/span>\n\t\t\t\t\t\t\t\t\t\t\t\t<a class=\"elementor-toggle-title\" tabindex=\"0\">Personalised Rehabilitation and Preventive Exercises <\/a>\n\t\t\t\t\t<\/div>\n\n\t\t\t\t\t<div id=\"elementor-tab-content-1422\" class=\"elementor-tab-content elementor-clearfix\" data-tab=\"2\" role=\"region\" aria-labelledby=\"elementor-tab-title-1422\"><p>Bone is a living tissue and responds to the load placed upon it by \u2018strengthening\u2019 (Wolff\u2019s Law).<\/p><ul><li class=\"translation-block\"><strong>Exercises to Halt Bone Loss<\/strong>: Weight-bearing and resistance exercises, which place controlled stress on the bones, stimulate bone formation (osteoblast activity).<\/li><li class=\"translation-block\"><strong>Personalised Programme<\/strong>: This is planned within safe limits based on the patient\u2019s current risk of fracture (for example, by prohibiting forward-bending movements for a patient with a spinal compression fracture).<\/li><li class=\"translation-block\"><strong>Balance and Fall Prevention<\/strong>: The greatest risk associated with osteoporosis is falling. Through exercises focusing on core stability and balance, the patient\u2019s risk of falling\u2014and consequently the risk of a hip fracture\u2014is minimised.<\/li><\/ul><\/div>\n\t\t\t\t<\/div>\n\t\t\t\t\t\t\t\t<\/div>\n\t\t\t\t\t\t<\/div>\n\t\t\t\t\t<\/div>\r\n\t\t\t\t<\/div>\r\n\t\t\t\t\t<\/div>\r\n\t\t\t\t<\/div>\r\n\t\t\t\t<\/div>","protected":false},"excerpt":{"rendered":"<p>Osteoporoz Tedavisi ve Rehabilitasyonu Kemik Mimarisini Korumak Osteoporoz, kemik k\u00fctlesinin azalmas\u0131 ve kemik kalitesinin bozulmas\u0131yla karakterize, k\u0131r\u0131k riskini art\u0131ran sistemik bir hastal\u0131kt\u0131r. &#8220;Sessiz h\u0131rs\u0131z&#8221; olarak adland\u0131r\u0131lan bu durum, genellikle bir k\u0131r\u0131k olu\u015fana kadar belirti vermez. Tan\u0131, Tarama ve Medikal Y\u00f6netim Modern osteoporoz y\u00f6netimi, riskleri ger\u00e7ekle\u015fmeden tespit etmeye dayan\u0131r. Osteoporoz Tan\u0131s\u0131 ve Tarama Testleri: Kemik mineral [&hellip;]<\/p>\n","protected":false},"author":1,"featured_media":0,"parent":9,"menu_order":5,"comment_status":"closed","ping_status":"closed","template":"","meta":{"footnotes":""},"class_list":["post-11","page","type-page","status-publish","hentry"],"_links":{"self":[{"href":"https:\/\/istanbulfiziktedavimerkezi.com\/en\/wp-json\/wp\/v2\/pages\/11","targetHints":{"allow":["GET"]}}],"collection":[{"href":"https:\/\/istanbulfiziktedavimerkezi.com\/en\/wp-json\/wp\/v2\/pages"}],"about":[{"href":"https:\/\/istanbulfiziktedavimerkezi.com\/en\/wp-json\/wp\/v2\/types\/page"}],"author":[{"embeddable":true,"href":"https:\/\/istanbulfiziktedavimerkezi.com\/en\/wp-json\/wp\/v2\/users\/1"}],"replies":[{"embeddable":true,"href":"https:\/\/istanbulfiziktedavimerkezi.com\/en\/wp-json\/wp\/v2\/comments?post=11"}],"version-history":[{"count":14,"href":"https:\/\/istanbulfiziktedavimerkezi.com\/en\/wp-json\/wp\/v2\/pages\/11\/revisions"}],"predecessor-version":[{"id":2412,"href":"https:\/\/istanbulfiziktedavimerkezi.com\/en\/wp-json\/wp\/v2\/pages\/11\/revisions\/2412"}],"up":[{"embeddable":true,"href":"https:\/\/istanbulfiziktedavimerkezi.com\/en\/wp-json\/wp\/v2\/pages\/9"}],"wp:attachment":[{"href":"https:\/\/istanbulfiziktedavimerkezi.com\/en\/wp-json\/wp\/v2\/media?parent=11"}],"curies":[{"name":"wp","href":"https:\/\/api.w.org\/{rel}","templated":true}]}}