{"id":10,"date":"2016-09-26T02:09:36","date_gmt":"2016-09-26T02:09:36","guid":{"rendered":"http:\/\/sw-themes.com\/porto_dummy\/?page_id=10"},"modified":"2026-04-07T19:27:04","modified_gmt":"2026-04-07T16:27:04","slug":"agri-tedavileri-ve-girisimsel-islemler","status":"publish","type":"page","link":"https:\/\/istanbulfiziktedavimerkezi.com\/en\/tedavilerimiz\/agri-tedavileri-ve-girisimsel-islemler\/","title":{"rendered":"Pain Management and Interventional Procedures"},"content":{"rendered":"<div data-elementor-type=\"wp-page\" data-elementor-id=\"10\" class=\"elementor elementor-10\">\n\t\t\t\t\t\t<div class=\"elementor-section elementor-top-section elementor-element elementor-element-2fae1811 elementor-section-boxed elementor-section-height-default elementor-section-height-default\" data-id=\"2fae1811\" data-element_type=\"section\" data-e-type=\"section\">\r\n\t\t\r\n\t\t\t\t\t\t\t<div class=\"elementor-container elementor-column-gap-default\">\r\n\t\t\t\t\t\t\t\t\t\t\t<div class=\"elementor-column elementor-col-100 elementor-top-column elementor-element elementor-element-2e8e17ea\" data-id=\"2e8e17ea\" data-element_type=\"column\" data-e-type=\"column\">\r\n\t\t\t\t\t<div class=\"elementor-widget-wrap elementor-element-populated\">\r\n\t\t\t\t\t\t\t\t<div class=\"elementor-element elementor-element-2893a25 depart-box elementor-invisible elementor-widget elementor-widget-porto_info_box\" data-id=\"2893a25\" data-element_type=\"widget\" data-e-type=\"widget\" data-settings=\"{&quot;_animation&quot;:&quot;fadeInUp&quot;,&quot;_animation_delay&quot;:&quot;100&quot;}\" data-widget_type=\"porto_info_box.default\">\n\t\t\t\t\t<div class=\"porto-sicon-box style_1 left-icon\"><div class=\"porto-sicon-left\"><div class=\"porto-just-icon-wrapper porto-sicon-img  porto-icon-d751713988987e9331980363e24189ce\" style=\"\"><img decoding=\"async\" class=\"img-icon\" alt=\"\" src=\"https:\/\/istanbulfiziktedavimerkezi.com\/wp-content\/uploads\/2026\/02\/6.png\" width=\"81\" height=\"107\" \/><\/div><\/div><div class=\"porto-sicon-body\"><div class=\"porto-sicon-header\"><h3 class=\"porto-sicon-title\" style=\"\">Pain Management and Interventional Procedures<\/h3><p >Modern Non-Surgical Solutions<\/p><\/div> <!-- header --><div class=\"porto-sicon-description\" style=\"\" ><p class=\"translation-block\">Chronic and acute pain are among the greatest obstacles limiting the quality of life for modern people. Our <strong>PAIN MANAGEMENT AND INTERVENTIONAL PROCEDURES<\/strong> unit aims to provide lasting solutions by identifying the source of pain not merely symptomatically, but at the biomechanical and cellular levels. By combining advanced imaging technologies with regenerative medicine techniques, we help our patients regain their health without the need for surgical intervention.<\/p><\/div> <!-- description --><\/div><\/div><!-- porto-sicon-box -->\t\t\t\t<\/div>\n\t\t\t\t<div class=\"elementor-element elementor-element-2baf751 elementor-widget elementor-widget-toggle\" data-id=\"2baf751\" data-element_type=\"widget\" data-e-type=\"widget\" data-widget_type=\"toggle.default\">\n\t\t\t\t\t\t\t<div class=\"elementor-toggle\">\n\t\t\t\t\t\t\t<div class=\"elementor-toggle-item\">\n\t\t\t\t\t<div id=\"elementor-tab-title-4581\" class=\"elementor-tab-title\" data-tab=\"1\" role=\"button\" aria-controls=\"elementor-tab-content-4581\" aria-expanded=\"false\">\n\t\t\t\t\t\t\t\t\t\t\t\t<span class=\"elementor-toggle-icon elementor-toggle-icon-left\" aria-hidden=\"true\">\n\t\t\t\t\t\t\t\t\t\t\t\t\t\t\t<span class=\"elementor-toggle-icon-closed\"><svg class=\"e-font-icon-svg e-fas-plus\" viewbox=\"0 0 448 512\" xmlns=\"http:\/\/www.w3.org\/2000\/svg\"><path d=\"M416 208H272V64c0-17.67-14.33-32-32-32h-32c-17.67 0-32 14.33-32 32v144H32c-17.67 0-32 14.33-32 32v32c0 17.67 14.33 32 32 32h144v144c0 17.67 14.33 32 32 32h32c17.67 0 32-14.33 32-32V304h144c17.67 0 32-14.33 32-32v-32c0-17.67-14.33-32-32-32z\"><\/path><\/svg><\/span>\n\t\t\t\t\t\t\t\t<span class=\"elementor-toggle-icon-opened\"><svg class=\"elementor-toggle-icon-opened e-font-icon-svg e-fas-minus\" viewbox=\"0 0 448 512\" xmlns=\"http:\/\/www.w3.org\/2000\/svg\"><path d=\"M416 208H32c-17.67 0-32 14.33-32 32v32c0 17.67 14.33 32 32 32h384c17.67 0 32-14.33 32-32v-32c0-17.67-14.33-32-32-32z\"><\/path><\/svg><\/span>\n\t\t\t\t\t\t\t\t\t\t\t\t\t<\/span>\n\t\t\t\t\t\t\t\t\t\t\t\t<a class=\"elementor-toggle-title\" tabindex=\"0\">1. A Holistic Approach to Spinal and Joint Health<\/a>\n\t\t\t\t\t<\/div>\n\n\t\t\t\t\t<div id=\"elementor-tab-content-4581\" class=\"elementor-tab-content elementor-clearfix\" data-tab=\"1\" role=\"region\" aria-labelledby=\"elementor-tab-title-4581\"><p>The spinal system is the body\u2019s main supporting structure. Problems in this area not only cause localised pain but also disrupt the body\u2019s overall mechanics.<\/p><p><strong>Rehabilitation for Lumbar, Cervical and Thoracic Disc Herniations<\/strong><\/p><p class=\"translation-block\">A herniated disc occurs when the integrity of the discs between the vertebrae is compromised. As part of <strong>LUMBAR, CERVICAL AND THORACIC DISC HERNIATION REHABILITATION<\/strong>, specialised protocols are implemented to reduce the pressure on the nerves caused by the herniation and restore disc health.<\/p><ul><li><strong>Decompression Target<\/strong>: To relieve pressure by increasing the space between the vertebrae.<\/li><li class=\"translation-block\"><strong>Stabilisation<\/strong>: Eliminating the risk of recurrence by strengthening the surrounding muscle tissue.<\/li><\/ul><p><strong>Manual Therapy and Joint Rehabilitation<\/strong><\/p><p class=\"translation-block\"><strong>MANUAL THERAPY<\/strong> harnesses the healing power of skilled hands. Without the use of any equipment, restrictions in the joints and tension in the soft tissues are relieved using solely manual techniques.<\/p><ul><li class=\"translation-block\"><strong>REHABILITATION FOR JOINT PAIN<\/strong>: Osteoarthritis and mechanical disorders in weight-bearing joints such as the knee, shoulder and hip are treated using mobilisation and manipulation techniques.<\/li><\/ul><\/div>\n\t\t\t\t<\/div>\n\t\t\t\t\t\t\t<div class=\"elementor-toggle-item\">\n\t\t\t\t\t<div id=\"elementor-tab-title-4582\" class=\"elementor-tab-title\" data-tab=\"2\" role=\"button\" aria-controls=\"elementor-tab-content-4582\" aria-expanded=\"false\">\n\t\t\t\t\t\t\t\t\t\t\t\t<span class=\"elementor-toggle-icon elementor-toggle-icon-left\" aria-hidden=\"true\">\n\t\t\t\t\t\t\t\t\t\t\t\t\t\t\t<span class=\"elementor-toggle-icon-closed\"><svg class=\"e-font-icon-svg e-fas-plus\" viewbox=\"0 0 448 512\" xmlns=\"http:\/\/www.w3.org\/2000\/svg\"><path d=\"M416 208H272V64c0-17.67-14.33-32-32-32h-32c-17.67 0-32 14.33-32 32v144H32c-17.67 0-32 14.33-32 32v32c0 17.67 14.33 32 32 32h144v144c0 17.67 14.33 32 32 32h32c17.67 0 32-14.33 32-32V304h144c17.67 0 32-14.33 32-32v-32c0-17.67-14.33-32-32-32z\"><\/path><\/svg><\/span>\n\t\t\t\t\t\t\t\t<span class=\"elementor-toggle-icon-opened\"><svg class=\"elementor-toggle-icon-opened e-font-icon-svg e-fas-minus\" viewbox=\"0 0 448 512\" xmlns=\"http:\/\/www.w3.org\/2000\/svg\"><path d=\"M416 208H32c-17.67 0-32 14.33-32 32v32c0 17.67 14.33 32 32 32h384c17.67 0 32-14.33 32-32v-32c0-17.67-14.33-32-32-32z\"><\/path><\/svg><\/span>\n\t\t\t\t\t\t\t\t\t\t\t\t\t<\/span>\n\t\t\t\t\t\t\t\t\t\t\t\t<a class=\"elementor-toggle-title\" tabindex=\"0\">2. Management of Chronic and Rheumatic Pain<\/a>\n\t\t\t\t\t<\/div>\n\n\t\t\t\t\t<div id=\"elementor-tab-content-4582\" class=\"elementor-tab-content elementor-clearfix\" data-tab=\"2\" role=\"region\" aria-labelledby=\"elementor-tab-title-4582\"><p>Some pains are systemic and are linked to the body\u2019s defence mechanisms.<\/p><ul><li class=\"translation-block\"><strong>REHABILITATION OF RHEUMATIC DISEASES<\/strong>: In conditions such as inflammatory joint rheumatism, it is of critical importance to maintain joint range of motion and prevent deformities.<\/li><li class=\"translation-block\"><strong>FIBROMYALGIA TREATMENT<\/strong>: For this common condition, also known as \u2018soft tissue rheumatism\u2019, a comprehensive recovery plan is devised, incorporating medical treatments, nutritional support, sleep management, specific exercises and interventional procedures.<\/li><\/ul><\/div>\n\t\t\t\t<\/div>\n\t\t\t\t\t\t\t<div class=\"elementor-toggle-item\">\n\t\t\t\t\t<div id=\"elementor-tab-title-4583\" class=\"elementor-tab-title\" data-tab=\"3\" role=\"button\" aria-controls=\"elementor-tab-content-4583\" aria-expanded=\"false\">\n\t\t\t\t\t\t\t\t\t\t\t\t<span class=\"elementor-toggle-icon elementor-toggle-icon-left\" aria-hidden=\"true\">\n\t\t\t\t\t\t\t\t\t\t\t\t\t\t\t<span class=\"elementor-toggle-icon-closed\"><svg class=\"e-font-icon-svg e-fas-plus\" viewbox=\"0 0 448 512\" xmlns=\"http:\/\/www.w3.org\/2000\/svg\"><path d=\"M416 208H272V64c0-17.67-14.33-32-32-32h-32c-17.67 0-32 14.33-32 32v144H32c-17.67 0-32 14.33-32 32v32c0 17.67 14.33 32 32 32h144v144c0 17.67 14.33 32 32 32h32c17.67 0 32-14.33 32-32V304h144c17.67 0 32-14.33 32-32v-32c0-17.67-14.33-32-32-32z\"><\/path><\/svg><\/span>\n\t\t\t\t\t\t\t\t<span class=\"elementor-toggle-icon-opened\"><svg class=\"elementor-toggle-icon-opened e-font-icon-svg e-fas-minus\" viewbox=\"0 0 448 512\" xmlns=\"http:\/\/www.w3.org\/2000\/svg\"><path d=\"M416 208H32c-17.67 0-32 14.33-32 32v32c0 17.67 14.33 32 32 32h384c17.67 0 32-14.33 32-32v-32c0-17.67-14.33-32-32-32z\"><\/path><\/svg><\/span>\n\t\t\t\t\t\t\t\t\t\t\t\t\t<\/span>\n\t\t\t\t\t\t\t\t\t\t\t\t<a class=\"elementor-toggle-title\" tabindex=\"0\">3. Regenerative and Interventional Injection Therapies<\/a>\n\t\t\t\t\t<\/div>\n\n\t\t\t\t\t<div id=\"elementor-tab-content-4583\" class=\"elementor-tab-content elementor-clearfix\" data-tab=\"3\" role=\"region\" aria-labelledby=\"elementor-tab-title-4583\"><p>Methods that trigger the body\u2019s self-healing capacity (regeneration) are at the heart of modern pain management.<\/p><p><strong>Prolotherapy and Dry Needling<\/strong><\/p><ul><li class=\"translation-block\"><strong>PROLOTHERAPY<\/strong>: The body\u2019s natural healing process is reactivated by applying specialised solutions to damaged ligaments, tendons and joints. It involves injecting a special solution into damaged or loosened ligaments to induce \u2018controlled inflammation\u2019. It is particularly effective for ligament injuries where stability is compromised, tendinitis, osteoarthritis and coccyx pain.<\/li><li><strong>KURU \u0130\u011eNELEME<\/strong>: Kaslardaki &#8220;tetik nokta&#8221; (kulun\u00e7) ad\u0131 verilen a\u011fr\u0131l\u0131 odaklar\u0131 do\u011frudan hedefleyerek kas\u0131n normal gerginli\u011fine d\u00f6nmesini sa\u011flar.<ul><li><strong>Twitch Response (Se\u011firme Yan\u0131t\u0131)<\/strong>: \u0130\u011fne kas\u0131n i\u00e7ine girdi\u011finde kas\u0131n verdi\u011fi ani tepki, kas\u0131lm\u0131\u015f liflerin mekanik olarak \u00e7\u00f6z\u00fclmesini ve kan ak\u0131\u015f\u0131n\u0131n artmas\u0131n\u0131 sa\u011flar.<\/li><\/ul><\/li><\/ul><p><strong>Neural Therapy and Mesotherapy<\/strong><\/p><ul><li class=\"translation-block\"><strong>NEURAL THERAPY<\/strong>: A segmental treatment method that corrects the body\u2019s impaired regulation by acting via the autonomic nervous system.<\/li><li class=\"translation-block\"><strong>PAIN MESOTHERAPY<\/strong>: By administering low doses of pharmacological agents directly into the subcutaneous tissue of the painful area, rapid relief is achieved with no side effects.<\/li><\/ul><p><strong>PRP, Exosome and Cytokine-Based Therapies<\/strong><\/p><ul><li>These therapeutic agents, which have a tissue-regenerative effect and are derived from the patient\u2019s own cells or obtained from external sources, are injected into the affected tissue under ultrasound guidance to promote tissue healing.<\/li><\/ul><\/div>\n\t\t\t\t<\/div>\n\t\t\t\t\t\t\t<div class=\"elementor-toggle-item\">\n\t\t\t\t\t<div id=\"elementor-tab-title-4584\" class=\"elementor-tab-title\" data-tab=\"4\" role=\"button\" aria-controls=\"elementor-tab-content-4584\" aria-expanded=\"false\">\n\t\t\t\t\t\t\t\t\t\t\t\t<span class=\"elementor-toggle-icon elementor-toggle-icon-left\" aria-hidden=\"true\">\n\t\t\t\t\t\t\t\t\t\t\t\t\t\t\t<span class=\"elementor-toggle-icon-closed\"><svg class=\"e-font-icon-svg e-fas-plus\" viewbox=\"0 0 448 512\" xmlns=\"http:\/\/www.w3.org\/2000\/svg\"><path d=\"M416 208H272V64c0-17.67-14.33-32-32-32h-32c-17.67 0-32 14.33-32 32v144H32c-17.67 0-32 14.33-32 32v32c0 17.67 14.33 32 32 32h144v144c0 17.67 14.33 32 32 32h32c17.67 0 32-14.33 32-32V304h144c17.67 0 32-14.33 32-32v-32c0-17.67-14.33-32-32-32z\"><\/path><\/svg><\/span>\n\t\t\t\t\t\t\t\t<span class=\"elementor-toggle-icon-opened\"><svg class=\"elementor-toggle-icon-opened e-font-icon-svg e-fas-minus\" viewbox=\"0 0 448 512\" xmlns=\"http:\/\/www.w3.org\/2000\/svg\"><path d=\"M416 208H32c-17.67 0-32 14.33-32 32v32c0 17.67 14.33 32 32 32h384c17.67 0 32-14.33 32-32v-32c0-17.67-14.33-32-32-32z\"><\/path><\/svg><\/span>\n\t\t\t\t\t\t\t\t\t\t\t\t\t<\/span>\n\t\t\t\t\t\t\t\t\t\t\t\t<a class=\"elementor-toggle-title\" tabindex=\"0\">4. Minimally Invasive Procedures: Ultrasound-Guided Procedures<\/a>\n\t\t\t\t\t<\/div>\n\n\t\t\t\t\t<div id=\"elementor-tab-content-4584\" class=\"elementor-tab-content elementor-clearfix\" data-tab=\"4\" role=\"region\" aria-labelledby=\"elementor-tab-title-4584\"><p>The main difference with the injections administered at our centre is that they are \u2018targeted\u2019.<\/p><ul><li class=\"translation-block\"><strong>ULTRASOUND-GUIDED INJECTIONS OF THE MUSCULOSKELETAL SYSTEM, SPINE AND PERIPHERAL NERVES<\/strong>: With these procedures, which are performed under imaging guidance, medication or solution is delivered precisely to the targeted tissue or the area surrounding the nerve. The margin of error is minimised, and efficacy is maximised.<\/li><li class=\"translation-block\"><strong>ULTRASOUND-GUIDED TISSUE-REGENERATING INJECTIONS<\/strong>: Injections administered to facilitate the biological repair of the damaged area are delivered with millimetre-level precision under ultrasound guidance.<\/li><\/ul><\/div>\n\t\t\t\t<\/div>\n\t\t\t\t\t\t\t<div class=\"elementor-toggle-item\">\n\t\t\t\t\t<div id=\"elementor-tab-title-4585\" class=\"elementor-tab-title\" data-tab=\"5\" role=\"button\" aria-controls=\"elementor-tab-content-4585\" aria-expanded=\"false\">\n\t\t\t\t\t\t\t\t\t\t\t\t<span class=\"elementor-toggle-icon elementor-toggle-icon-left\" aria-hidden=\"true\">\n\t\t\t\t\t\t\t\t\t\t\t\t\t\t\t<span class=\"elementor-toggle-icon-closed\"><svg class=\"e-font-icon-svg e-fas-plus\" viewbox=\"0 0 448 512\" xmlns=\"http:\/\/www.w3.org\/2000\/svg\"><path d=\"M416 208H272V64c0-17.67-14.33-32-32-32h-32c-17.67 0-32 14.33-32 32v144H32c-17.67 0-32 14.33-32 32v32c0 17.67 14.33 32 32 32h144v144c0 17.67 14.33 32 32 32h32c17.67 0 32-14.33 32-32V304h144c17.67 0 32-14.33 32-32v-32c0-17.67-14.33-32-32-32z\"><\/path><\/svg><\/span>\n\t\t\t\t\t\t\t\t<span class=\"elementor-toggle-icon-opened\"><svg class=\"elementor-toggle-icon-opened e-font-icon-svg e-fas-minus\" viewbox=\"0 0 448 512\" xmlns=\"http:\/\/www.w3.org\/2000\/svg\"><path d=\"M416 208H32c-17.67 0-32 14.33-32 32v32c0 17.67 14.33 32 32 32h384c17.67 0 32-14.33 32-32v-32c0-17.67-14.33-32-32-32z\"><\/path><\/svg><\/span>\n\t\t\t\t\t\t\t\t\t\t\t\t\t<\/span>\n\t\t\t\t\t\t\t\t\t\t\t\t<a class=\"elementor-toggle-title\" tabindex=\"0\">5. Specialised Areas and Systemic Support Therapies<\/a>\n\t\t\t\t\t<\/div>\n\n\t\t\t\t\t<div id=\"elementor-tab-content-4585\" class=\"elementor-tab-content elementor-clearfix\" data-tab=\"5\" role=\"region\" aria-labelledby=\"elementor-tab-title-4585\"><p><strong>Temporomandibular Joint Disorders<\/strong><\/p><p class=\"translation-block\">Difficulty chewing, clicking sounds and facial pain are often overlooked. <strong>TEMPOROMANDIBULAR JOINT DISORDERS: REHABILITATION AND INJECTIONS<\/strong> successfully treat intra-articular dysfunction and muscle tension in this area.<\/p><p class=\"translation-block\"><strong>Injection Therapy<\/strong>: Where necessary, intra-articular lavage or fluid injections are performed under ultrasound guidance.<\/p><p><strong>Intravenous (IV) Supportive Treatments<\/strong><\/p><p>Recovery must be supported not only from the outside, but also from within.<\/p><ul><li class=\"translation-block\"><strong>INTRAVENOUS SUPPORT THERAPIES (GLUTATHIONE AND VITAMIN C)<\/strong>: High-dose antioxidant therapies are administered to reduce inflammation in the body, boost the immune system and accelerate cellular repair.<\/li><\/ul><ul><li class=\"translation-block\"><strong>Deformity Prevention<\/strong>: Protective positioning and exercises are used to prevent permanent deformities in the joints.<\/li><\/ul><p><strong>FIBROMYALGIA TREATMENT<\/strong><\/p><p>Fibromyalgia is a disorder involving a disturbance in the way the central nervous system perceives pain (central sensitisation).<\/p><ul><li class=\"translation-block\"><strong>Holistic Protocol<\/strong>: The patient\u2019s pain threshold is raised through nutritional support, trigger point treatments and low-intensity aerobic exercise.<\/li><\/ul><\/div>\n\t\t\t\t<\/div>\n\t\t\t\t\t\t\t\t<\/div>\n\t\t\t\t\t\t<\/div>\n\t\t\t\t\t<\/div>\r\n\t\t\t\t<\/div>\r\n\t\t\t\t\t<\/div>\r\n\t\t\t\t<\/div>\r\n\t\t\t\t<\/div>","protected":false},"excerpt":{"rendered":"<p>A\u011fr\u0131 Tedavileri Ve Giri\u015fimsel \u0130\u015flemler Cerrahi D\u0131\u015f\u0131 Modern \u00c7\u00f6z\u00fcmler Kronik ve akut a\u011fr\u0131lar, modern insan\u0131n ya\u015fam kalitesini k\u0131s\u0131tlayan en b\u00fcy\u00fck engellerden biridir. A\u011eRI TEDAV\u0130LER\u0130 VE G\u0130R\u0130\u015e\u0130MSEL \u0130\u015eLEMLER birimimiz, a\u011fr\u0131n\u0131n kayna\u011f\u0131n\u0131 sadece semptomatik olarak de\u011fil, biyomekanik ve h\u00fccresel d\u00fczeyde tespit ederek kal\u0131c\u0131 \u00e7\u00f6z\u00fcmler sunmay\u0131 hedefler. Geli\u015fmi\u015f g\u00f6r\u00fcnt\u00fcleme teknolojileri ve rejeneratif t\u0131p y\u00f6ntemlerini harmanlayarak, hastalar\u0131m\u0131z\u0131 cerrahi m\u00fcdahaleye [&hellip;]<\/p>\n","protected":false},"author":1,"featured_media":0,"parent":9,"menu_order":3,"comment_status":"closed","ping_status":"closed","template":"","meta":{"footnotes":""},"class_list":["post-10","page","type-page","status-publish","hentry"],"_links":{"self":[{"href":"https:\/\/istanbulfiziktedavimerkezi.com\/en\/wp-json\/wp\/v2\/pages\/10","targetHints":{"allow":["GET"]}}],"collection":[{"href":"https:\/\/istanbulfiziktedavimerkezi.com\/en\/wp-json\/wp\/v2\/pages"}],"about":[{"href":"https:\/\/istanbulfiziktedavimerkezi.com\/en\/wp-json\/wp\/v2\/types\/page"}],"author":[{"embeddable":true,"href":"https:\/\/istanbulfiziktedavimerkezi.com\/en\/wp-json\/wp\/v2\/users\/1"}],"replies":[{"embeddable":true,"href":"https:\/\/istanbulfiziktedavimerkezi.com\/en\/wp-json\/wp\/v2\/comments?post=10"}],"version-history":[{"count":8,"href":"https:\/\/istanbulfiziktedavimerkezi.com\/en\/wp-json\/wp\/v2\/pages\/10\/revisions"}],"predecessor-version":[{"id":2190,"href":"https:\/\/istanbulfiziktedavimerkezi.com\/en\/wp-json\/wp\/v2\/pages\/10\/revisions\/2190"}],"up":[{"embeddable":true,"href":"https:\/\/istanbulfiziktedavimerkezi.com\/en\/wp-json\/wp\/v2\/pages\/9"}],"wp:attachment":[{"href":"https:\/\/istanbulfiziktedavimerkezi.com\/en\/wp-json\/wp\/v2\/media?parent=10"}],"curies":[{"name":"wp","href":"https:\/\/api.w.org\/{rel}","templated":true}]}}